{"id":764,"date":"2025-08-31T12:24:42","date_gmt":"2025-08-31T09:24:42","guid":{"rendered":"https:\/\/tarmakder.org.tr\/tarmek2025\/?page_id=764"},"modified":"2025-09-09T00:57:23","modified_gmt":"2025-09-08T21:57:23","slug":"kongre-programi","status":"publish","type":"page","link":"https:\/\/tarmakder.org.tr\/tarmek2025\/index.php\/kongre-programi\/","title":{"rendered":"Kongre Program\u0131"},"content":{"rendered":"\n<div data-wp-interactive=\"core\/file\" class=\"wp-block-file\"><object data-wp-bind--hidden=\"!state.hasPdfPreview\" hidden class=\"wp-block-file__embed\" data=\"https:\/\/tarmakder.org.tr\/tarmek2025\/wp-content\/uploads\/2025\/09\/MARDIN-PROGRAM-V14-1.pdf\" type=\"application\/pdf\" style=\"width:100%;height:600px\" aria-label=\"MARD\u0130N-PROGRAM-V14 g\u00f6m\u00fcs\u00fc.\"><\/object><a id=\"wp-block-file--media-0a81e20b-a307-4f82-843c-0118c8935e38\" href=\"https:\/\/tarmakder.org.tr\/tarmek2025\/wp-content\/uploads\/2025\/09\/MARDIN-PROGRAM-V14-1.pdf\">MARD\u0130N-PROGRAM-V14<\/a><a href=\"https:\/\/tarmakder.org.tr\/tarmek2025\/wp-content\/uploads\/2025\/09\/MARDIN-PROGRAM-V14-1.pdf\" class=\"wp-block-file__button wp-element-button\" download aria-describedby=\"wp-block-file--media-0a81e20b-a307-4f82-843c-0118c8935e38\">\u0130ndir<\/a><\/div>\n\n\n<div class=\"wp-block-image\">\n<figure class=\"aligncenter size-full is-resized\"><img loading=\"lazy\" decoding=\"async\" width=\"1024\" height=\"1024\" src=\"https:\/\/tarmakder.org.tr\/tarmek2025\/wp-content\/uploads\/2025\/08\/Kongre-Programi.png\" alt=\"\" class=\"wp-image-773\" style=\"width:272px;height:auto\" srcset=\"https:\/\/tarmakder.org.tr\/tarmek2025\/wp-content\/uploads\/2025\/08\/Kongre-Programi.png 1024w, https:\/\/tarmakder.org.tr\/tarmek2025\/wp-content\/uploads\/2025\/08\/Kongre-Programi-300x300.png 300w, https:\/\/tarmakder.org.tr\/tarmek2025\/wp-content\/uploads\/2025\/08\/Kongre-Programi-150x150.png 150w, https:\/\/tarmakder.org.tr\/tarmek2025\/wp-content\/uploads\/2025\/08\/Kongre-Programi-768x768.png 768w\" sizes=\"auto, (max-width: 1024px) 100vw, 1024px\" \/><\/figure>\n<\/div>\n\n\n<p><\/p>\n","protected":false},"excerpt":{"rendered":"","protected":false},"author":1,"featured_media":0,"parent":0,"menu_order":0,"comment_status":"closed","ping_status":"closed","template":"","meta":{"_themeisle_gutenberg_block_has_review":false,"footnotes":""},"class_list":["post-764","page","type-page","status-publish","hentry"],"_links":{"self":[{"href":"https:\/\/tarmakder.org.tr\/tarmek2025\/index.php\/wp-json\/wp\/v2\/pages\/764","targetHints":{"allow":["GET"]}}],"collection":[{"href":"https:\/\/tarmakder.org.tr\/tarmek2025\/index.php\/wp-json\/wp\/v2\/pages"}],"about":[{"href":"https:\/\/tarmakder.org.tr\/tarmek2025\/index.php\/wp-json\/wp\/v2\/types\/page"}],"author":[{"embeddable":true,"href":"https:\/\/tarmakder.org.tr\/tarmek2025\/index.php\/wp-json\/wp\/v2\/users\/1"}],"replies":[{"embeddable":true,"href":"https:\/\/tarmakder.org.tr\/tarmek2025\/index.php\/wp-json\/wp\/v2\/comments?post=764"}],"version-history":[{"count":15,"href":"https:\/\/tarmakder.org.tr\/tarmek2025\/index.php\/wp-json\/wp\/v2\/pages\/764\/revisions"}],"predecessor-version":[{"id":834,"href":"https:\/\/tarmakder.org.tr\/tarmek2025\/index.php\/wp-json\/wp\/v2\/pages\/764\/revisions\/834"}],"wp:attachment":[{"href":"https:\/\/tarmakder.org.tr\/tarmek2025\/index.php\/wp-json\/wp\/v2\/media?parent=764"}],"curies":[{"name":"wp","href":"https:\/\/api.w.org\/{rel}","templated":true}]}}