{"id":267,"date":"2025-05-23T21:12:33","date_gmt":"2025-05-23T18:12:33","guid":{"rendered":"https:\/\/tarmakder.org.tr\/tarmek2025\/?page_id=267"},"modified":"2025-09-07T02:12:54","modified_gmt":"2025-09-06T23:12:54","slug":"gezi-programi","status":"publish","type":"page","link":"https:\/\/tarmakder.org.tr\/tarmek2025\/index.php\/gezi-programi\/","title":{"rendered":"GEZ\u0130 PROGRAMI"},"content":{"rendered":"\n<div data-wp-interactive=\"core\/file\" class=\"wp-block-file\"><object data-wp-bind--hidden=\"!state.hasPdfPreview\" hidden class=\"wp-block-file__embed\" data=\"https:\/\/tarmakder.org.tr\/tarmek2025\/wp-content\/uploads\/2025\/09\/GEZI-PROGRAMI-V2.pdf\" type=\"application\/pdf\" style=\"width:100%;height:1230px\" aria-label=\"GEZ\u0130 PROGRAMI V2 g\u00f6m\u00fcs\u00fc.\"><\/object><a id=\"wp-block-file--media-f33e862e-7d4d-4d13-be6b-eacc8d56f7d9\" href=\"https:\/\/tarmakder.org.tr\/tarmek2025\/wp-content\/uploads\/2025\/09\/GEZI-PROGRAMI-V2.pdf\">GEZ\u0130 PROGRAMI V2<\/a><a href=\"https:\/\/tarmakder.org.tr\/tarmek2025\/wp-content\/uploads\/2025\/09\/GEZI-PROGRAMI-V2.pdf\" class=\"wp-block-file__button wp-element-button\" download aria-describedby=\"wp-block-file--media-f33e862e-7d4d-4d13-be6b-eacc8d56f7d9\">\u0130ndir<\/a><\/div>\n","protected":false},"excerpt":{"rendered":"","protected":false},"author":1,"featured_media":0,"parent":0,"menu_order":0,"comment_status":"closed","ping_status":"closed","template":"","meta":{"_themeisle_gutenberg_block_has_review":false,"footnotes":""},"class_list":["post-267","page","type-page","status-publish","hentry"],"_links":{"self":[{"href":"https:\/\/tarmakder.org.tr\/tarmek2025\/index.php\/wp-json\/wp\/v2\/pages\/267","targetHints":{"allow":["GET"]}}],"collection":[{"href":"https:\/\/tarmakder.org.tr\/tarmek2025\/index.php\/wp-json\/wp\/v2\/pages"}],"about":[{"href":"https:\/\/tarmakder.org.tr\/tarmek2025\/index.php\/wp-json\/wp\/v2\/types\/page"}],"author":[{"embeddable":true,"href":"https:\/\/tarmakder.org.tr\/tarmek2025\/index.php\/wp-json\/wp\/v2\/users\/1"}],"replies":[{"embeddable":true,"href":"https:\/\/tarmakder.org.tr\/tarmek2025\/index.php\/wp-json\/wp\/v2\/comments?post=267"}],"version-history":[{"count":4,"href":"https:\/\/tarmakder.org.tr\/tarmek2025\/index.php\/wp-json\/wp\/v2\/pages\/267\/revisions"}],"predecessor-version":[{"id":830,"href":"https:\/\/tarmakder.org.tr\/tarmek2025\/index.php\/wp-json\/wp\/v2\/pages\/267\/revisions\/830"}],"wp:attachment":[{"href":"https:\/\/tarmakder.org.tr\/tarmek2025\/index.php\/wp-json\/wp\/v2\/media?parent=267"}],"curies":[{"name":"wp","href":"https:\/\/api.w.org\/{rel}","templated":true}]}}