{"id":243,"date":"2025-04-30T23:09:48","date_gmt":"2025-04-30T20:09:48","guid":{"rendered":"https:\/\/tarmakder.org.tr\/tarmek2025\/?page_id=243"},"modified":"2025-04-30T23:11:34","modified_gmt":"2025-04-30T20:11:34","slug":"tarim-makinalari-ve-teknolojileri-proje-tasarim-yarismasi","status":"publish","type":"page","link":"https:\/\/tarmakder.org.tr\/tarmek2025\/index.php\/tarim-makinalari-ve-teknolojileri-proje-tasarim-yarismasi\/","title":{"rendered":"TARIM MAK\u0130NALARI VE TEKNOLOJ\u0130LER\u0130 PROJE\/TASARIM YARI\u015eMASI"},"content":{"rendered":"\n<details class=\"wp-block-details is-layout-flow wp-block-details-is-layout-flow\"><summary>TARMAKTEK2025<\/summary>\n<figure class=\"wp-block-embed is-type-wp-embed is-provider-tar-m-makinalar-ve-teknolojileri-proje-tasar-m-yar-mas wp-block-embed-tar-m-makinalar-ve-teknolojileri-proje-tasar-m-yar-mas\"><div class=\"wp-block-embed__wrapper\">\n<blockquote class=\"wp-embedded-content\" data-secret=\"n6aLxJ7Qgc\"><a href=\"https:\/\/tarmakder.org.tr\/tarmaktekyarismasi\/\">Home<\/a><\/blockquote><iframe loading=\"lazy\" class=\"wp-embedded-content\" sandbox=\"allow-scripts\" security=\"restricted\" style=\"position: absolute; visibility: hidden;\" title=\"&#8220;Home&#8221; &#8212; Tar\u0131m Makinalar\u0131 ve Teknolojileri Proje\/Tasar\u0131m Yar\u0131\u015fmas\u0131\" src=\"https:\/\/tarmakder.org.tr\/tarmaktekyarismasi\/embed\/#?secret=S2aF68NleS#?secret=n6aLxJ7Qgc\" data-secret=\"n6aLxJ7Qgc\" width=\"600\" height=\"338\" frameborder=\"0\" marginwidth=\"0\" marginheight=\"0\" scrolling=\"no\"><\/iframe>\n<\/div><\/figure>\n<\/details>\n\n\n\n<figure class=\"wp-block-image size-large\"><img loading=\"lazy\" decoding=\"async\" width=\"1024\" height=\"1024\" src=\"https:\/\/tarmakder.org.tr\/tarmek2025\/wp-content\/uploads\/2025\/04\/02_TARMAKTEK-2025_Yarisma-Sosyal-Medya-1024x1024.jpg\" alt=\"\" class=\"wp-image-244\" srcset=\"https:\/\/tarmakder.org.tr\/tarmek2025\/wp-content\/uploads\/2025\/04\/02_TARMAKTEK-2025_Yarisma-Sosyal-Medya-1024x1024.jpg 1024w, https:\/\/tarmakder.org.tr\/tarmek2025\/wp-content\/uploads\/2025\/04\/02_TARMAKTEK-2025_Yarisma-Sosyal-Medya-300x300.jpg 300w, https:\/\/tarmakder.org.tr\/tarmek2025\/wp-content\/uploads\/2025\/04\/02_TARMAKTEK-2025_Yarisma-Sosyal-Medya-150x150.jpg 150w, https:\/\/tarmakder.org.tr\/tarmek2025\/wp-content\/uploads\/2025\/04\/02_TARMAKTEK-2025_Yarisma-Sosyal-Medya-768x768.jpg 768w, https:\/\/tarmakder.org.tr\/tarmek2025\/wp-content\/uploads\/2025\/04\/02_TARMAKTEK-2025_Yarisma-Sosyal-Medya.jpg 1512w\" sizes=\"auto, (max-width: 1024px) 100vw, 1024px\" \/><\/figure>\n","protected":false},"excerpt":{"rendered":"","protected":false},"author":1,"featured_media":0,"parent":0,"menu_order":0,"comment_status":"closed","ping_status":"closed","template":"","meta":{"_themeisle_gutenberg_block_has_review":false,"footnotes":""},"class_list":["post-243","page","type-page","status-publish","hentry"],"_links":{"self":[{"href":"https:\/\/tarmakder.org.tr\/tarmek2025\/index.php\/wp-json\/wp\/v2\/pages\/243","targetHints":{"allow":["GET"]}}],"collection":[{"href":"https:\/\/tarmakder.org.tr\/tarmek2025\/index.php\/wp-json\/wp\/v2\/pages"}],"about":[{"href":"https:\/\/tarmakder.org.tr\/tarmek2025\/index.php\/wp-json\/wp\/v2\/types\/page"}],"author":[{"embeddable":true,"href":"https:\/\/tarmakder.org.tr\/tarmek2025\/index.php\/wp-json\/wp\/v2\/users\/1"}],"replies":[{"embeddable":true,"href":"https:\/\/tarmakder.org.tr\/tarmek2025\/index.php\/wp-json\/wp\/v2\/comments?post=243"}],"version-history":[{"count":1,"href":"https:\/\/tarmakder.org.tr\/tarmek2025\/index.php\/wp-json\/wp\/v2\/pages\/243\/revisions"}],"predecessor-version":[{"id":246,"href":"https:\/\/tarmakder.org.tr\/tarmek2025\/index.php\/wp-json\/wp\/v2\/pages\/243\/revisions\/246"}],"wp:attachment":[{"href":"https:\/\/tarmakder.org.tr\/tarmek2025\/index.php\/wp-json\/wp\/v2\/media?parent=243"}],"curies":[{"name":"wp","href":"https:\/\/api.w.org\/{rel}","templated":true}]}}