{"id":162,"date":"2025-03-01T15:07:01","date_gmt":"2025-03-01T12:07:01","guid":{"rendered":"https:\/\/tarmakder.org.tr\/tarmek2025\/?page_id=162"},"modified":"2025-09-05T16:57:05","modified_gmt":"2025-09-05T13:57:05","slug":"panel-oturumlari","status":"publish","type":"page","link":"https:\/\/tarmakder.org.tr\/tarmek2025\/index.php\/panel-oturumlari\/","title":{"rendered":"PANEL OTURUMLARI"},"content":{"rendered":"\n<p class=\"has-text-align-left has-background-color-color has-text-color has-background has-link-color wp-elements-896a23af860256411a455b9ee4412f09\" style=\"border-radius:30px;background:linear-gradient(226deg,rgba(6,147,227,1) 0%,rgb(155,81,224) 100%);font-size:32px\"><strong><strong>TARMAKDER OTURUMU<\/strong> <strong>                                     <strong><strong>Eyl\u00fcl 2025<\/strong><\/strong>                                                                                                                                <\/strong><\/strong><\/p>\n\n\n\n<p class=\"has-text-align-left has-primary-color has-background-background-color has-text-color has-background has-link-color has-medium-font-size wp-elements-08ee6f8adea056f55d08436bb8a17b00\"><strong>Tar\u0131m Makinalar\u0131 Y\u00fcksek \u00d6\u011fretiminde D\u00fcnyadaki D\u00f6n\u00fc\u015f\u00fcmler<\/strong><\/p>\n\n\n\n<p style=\"font-size:20px\"><strong>Moderat\u00f6r : <\/strong><\/p>\n\n\n\n<p style=\"font-size:20px\">Prof. Dr. Hamdi B\u0130LGEN <\/p>\n\n\n\n<p class=\"has-medium-font-size\"><strong>Konu\u015fmac\u0131lar :<\/strong><\/p>\n\n\n\n<p class=\"has-medium-font-size\" style=\"border-radius:24px\">Prof. Dr. Sel\u00e7uk ARSLAN &#8211;  Sel\u00e7uk \u00dcniversitesi<\/p>\n\n\n\n<p class=\"has-medium-font-size\" style=\"border-radius:24px\">Prof. .Dr. T\u00fcrkan AKTA\u015e &#8211; Nam\u0131k Kemal \u00dcniversitesi<\/p>\n\n\n\n<p class=\"has-medium-font-size\" style=\"border-radius:24px\">Prof. Dr. Ufuk T\u00dcRKER &#8211; Ankara \u00dcniversitesi<\/p>\n\n\n\n<figure class=\"wp-block-image size-large\"><img loading=\"lazy\" decoding=\"async\" width=\"1024\" height=\"1024\" src=\"https:\/\/tarmakder.org.tr\/tarmek2025\/wp-content\/uploads\/2025\/06\/Webinarim-7-1024x1024.png\" alt=\"\" class=\"wp-image-338\" srcset=\"https:\/\/tarmakder.org.tr\/tarmek2025\/wp-content\/uploads\/2025\/06\/Webinarim-7-1024x1024.png 1024w, https:\/\/tarmakder.org.tr\/tarmek2025\/wp-content\/uploads\/2025\/06\/Webinarim-7-300x300.png 300w, https:\/\/tarmakder.org.tr\/tarmek2025\/wp-content\/uploads\/2025\/06\/Webinarim-7-150x150.png 150w, https:\/\/tarmakder.org.tr\/tarmek2025\/wp-content\/uploads\/2025\/06\/Webinarim-7-768x768.png 768w, https:\/\/tarmakder.org.tr\/tarmek2025\/wp-content\/uploads\/2025\/06\/Webinarim-7.png 1080w\" sizes=\"auto, (max-width: 1024px) 100vw, 1024px\" \/><\/figure>\n\n\n\n<p><\/p>\n\n\n\n<p class=\"has-text-align-center has-background-color-color has-text-color has-background has-link-color wp-elements-8175524c69fe2f6eed63ff4810cb1f56\" style=\"border-radius:30px;background:linear-gradient(226deg,rgba(6,147,227,1) 0%,rgb(155,81,224) 100%);font-size:32px\"><strong><strong><strong>TARMAKB\u0130R OTURUMU<\/strong> <strong>                                     <strong><strong>Eyl\u00fcl 2025<\/strong><\/strong><\/strong><\/strong><\/strong><\/p>\n\n\n\n<p class=\"has-text-align-left has-primary-color has-background-background-color has-text-color has-background has-link-color has-medium-font-size wp-elements-44bee62f919cc2900edf89f12e8aa354\"><strong>Tar\u0131mda Dijital D\u00f6n\u00fc\u015f\u00fcn: \u0130novasyon Ekosistemi ve A\u011f Olu\u015fturma<\/strong><\/p>\n\n\n\n<p style=\"font-size:20px\"><strong>Moderat\u00f6r : <\/strong><\/p>\n\n\n\n<p style=\"font-size:20px\">M. Selami \u0130LER\u0130 &#8211; TARMAKB\u0130R (T\u00fcrk Tar\u0131m Alet ve Makinalar\u0131 \u0130malat\u00e7\u0131lar\u0131 Derne\u011fi) Genel Sekreteri<\/p>\n\n\n\n<p class=\"has-medium-font-size\"><strong>Konu\u015fmac\u0131lar :<\/strong><\/p>\n\n\n\n<p class=\"has-medium-font-size\" style=\"border-radius:24px\">Dr. Nihat S\u00d6NMEZ &#8211;<\/p>\n\n\n\n<p class=\"has-medium-font-size\" style=\"border-radius:24px\">Dr. Er\u00e7in G\u00dcD\u00dcC\u00dc &#8211; \u0130zmir Ticaret Borsas\u0131 Genel Sekreteri<\/p>\n\n\n\n<p class=\"has-medium-font-size\" style=\"border-radius:24px\">Nafiz SEZER &#8211; Sezer Sa\u011f\u0131m Ltd. \u015eti Y\u00f6netim Kurulu \u00dcyesi<\/p>\n\n\n\n<p class=\"has-medium-font-size\" style=\"border-radius:24px\">Dr. Galip \u00d6ZT\u00dcRK &#8211; KTO Yenilik\u00e7i Teknolojiler Merkezi Genel M\u00fcd\u00fcr\u00fc<\/p>\n\n\n\n<figure class=\"wp-block-image size-large\"><img loading=\"lazy\" decoding=\"async\" width=\"1024\" height=\"1024\" src=\"https:\/\/tarmakder.org.tr\/tarmek2025\/wp-content\/uploads\/2025\/08\/TARMAKBIR-1024x1024.jpeg\" alt=\"\" class=\"wp-image-739\" srcset=\"https:\/\/tarmakder.org.tr\/tarmek2025\/wp-content\/uploads\/2025\/08\/TARMAKBIR-1024x1024.jpeg 1024w, https:\/\/tarmakder.org.tr\/tarmek2025\/wp-content\/uploads\/2025\/08\/TARMAKBIR-300x300.jpeg 300w, https:\/\/tarmakder.org.tr\/tarmek2025\/wp-content\/uploads\/2025\/08\/TARMAKBIR-150x150.jpeg 150w, https:\/\/tarmakder.org.tr\/tarmek2025\/wp-content\/uploads\/2025\/08\/TARMAKBIR-768x768.jpeg 768w, https:\/\/tarmakder.org.tr\/tarmek2025\/wp-content\/uploads\/2025\/08\/TARMAKBIR.jpeg 1080w\" sizes=\"auto, (max-width: 1024px) 100vw, 1024px\" \/><\/figure>\n","protected":false},"excerpt":{"rendered":"<p>TARMAKDER OTURUMU Eyl\u00fcl 2025 Tar\u0131m Makinalar\u0131 Y\u00fcksek \u00d6\u011fretiminde D\u00fcnyadaki D\u00f6n\u00fc\u015f\u00fcmler Moderat\u00f6r : Prof. Dr. Hamdi B\u0130LGEN Konu\u015fmac\u0131lar : Prof. Dr. Sel\u00e7uk ARSLAN &#8211; Sel\u00e7uk \u00dcniversitesi Prof. .Dr. T\u00fcrkan AKTA\u015e &#8211; Nam\u0131k Kemal \u00dcniversitesi Prof. Dr. Ufuk T\u00dcRKER &#8211; Ankara \u00dcniversitesi TARMAKB\u0130R OTURUMU Eyl\u00fcl 2025 Tar\u0131mda Dijital D\u00f6n\u00fc\u015f\u00fcn: \u0130novasyon Ekosistemi ve [&hellip;]<\/p>\n","protected":false},"author":1,"featured_media":0,"parent":0,"menu_order":0,"comment_status":"closed","ping_status":"closed","template":"","meta":{"_themeisle_gutenberg_block_has_review":false,"footnotes":""},"class_list":["post-162","page","type-page","status-publish","hentry"],"_links":{"self":[{"href":"https:\/\/tarmakder.org.tr\/tarmek2025\/index.php\/wp-json\/wp\/v2\/pages\/162","targetHints":{"allow":["GET"]}}],"collection":[{"href":"https:\/\/tarmakder.org.tr\/tarmek2025\/index.php\/wp-json\/wp\/v2\/pages"}],"about":[{"href":"https:\/\/tarmakder.org.tr\/tarmek2025\/index.php\/wp-json\/wp\/v2\/types\/page"}],"author":[{"embeddable":true,"href":"https:\/\/tarmakder.org.tr\/tarmek2025\/index.php\/wp-json\/wp\/v2\/users\/1"}],"replies":[{"embeddable":true,"href":"https:\/\/tarmakder.org.tr\/tarmek2025\/index.php\/wp-json\/wp\/v2\/comments?post=162"}],"version-history":[{"count":15,"href":"https:\/\/tarmakder.org.tr\/tarmek2025\/index.php\/wp-json\/wp\/v2\/pages\/162\/revisions"}],"predecessor-version":[{"id":818,"href":"https:\/\/tarmakder.org.tr\/tarmek2025\/index.php\/wp-json\/wp\/v2\/pages\/162\/revisions\/818"}],"wp:attachment":[{"href":"https:\/\/tarmakder.org.tr\/tarmek2025\/index.php\/wp-json\/wp\/v2\/media?parent=162"}],"curies":[{"name":"wp","href":"https:\/\/api.w.org\/{rel}","templated":true}]}}