{"id":11,"date":"2025-02-20T14:29:24","date_gmt":"2025-02-20T11:29:24","guid":{"rendered":"https:\/\/tarmakder.org.tr\/tarmek2025\/index.php\/ana-sayfa\/"},"modified":"2025-08-31T13:37:16","modified_gmt":"2025-08-31T10:37:16","slug":"ana-sayfa","status":"publish","type":"page","link":"https:\/\/tarmakder.org.tr\/tarmek2025\/","title":{"rendered":"Ana sayfa"},"content":{"rendered":"\n<div class=\"wp-block-cover alignfull is-light hestia-clear-top-padding wp-duotone-333-ccc-1\" style=\"min-height:360px;aspect-ratio:unset;\"><span aria-hidden=\"true\" class=\"wp-block-cover__background has-white-background-color has-background-dim\"><\/span><img loading=\"lazy\" decoding=\"async\" width=\"2560\" height=\"468\" src=\"https:\/\/tarmakder.org.tr\/tarmek2025\/wp-content\/uploads\/2025\/08\/tum-logo-scaled.png\" class=\"wp-block-cover__image-background wp-post-image\" alt=\"\" data-object-fit=\"cover\" srcset=\"https:\/\/tarmakder.org.tr\/tarmek2025\/wp-content\/uploads\/2025\/08\/tum-logo-scaled.png 2560w, https:\/\/tarmakder.org.tr\/tarmek2025\/wp-content\/uploads\/2025\/08\/tum-logo-300x55.png 300w, https:\/\/tarmakder.org.tr\/tarmek2025\/wp-content\/uploads\/2025\/08\/tum-logo-1024x187.png 1024w, https:\/\/tarmakder.org.tr\/tarmek2025\/wp-content\/uploads\/2025\/08\/tum-logo-768x140.png 768w, https:\/\/tarmakder.org.tr\/tarmek2025\/wp-content\/uploads\/2025\/08\/tum-logo-1536x281.png 1536w, https:\/\/tarmakder.org.tr\/tarmek2025\/wp-content\/uploads\/2025\/08\/tum-logo-2048x375.png 2048w\" sizes=\"auto, (max-width: 2560px) 100vw, 2560px\" \/><div class=\"wp-block-cover__inner-container is-layout-flow wp-block-cover-is-layout-flow\">\n<h2 class=\"wp-block-heading has-text-align-center has-text-color\" style=\"color:#3c4858\"><a href=\"https:\/\/tarmakder.org.tr\/tarmek2025\/wp-content\/uploads\/2025\/08\/MARDIN-PROGRAM-V5.pdf\" data-type=\"link\" data-id=\"https:\/\/tarmakder.org.tr\/tarmek2025\/wp-content\/uploads\/2025\/08\/MARDIN-PROGRAM-V5.pdf\">PROGRAM<\/a><\/h2>\n\n\n<div class=\"wp-block-image\">\n<figure class=\"aligncenter size-full is-resized\"><img loading=\"lazy\" decoding=\"async\" width=\"1024\" height=\"1024\" src=\"https:\/\/tarmakder.org.tr\/tarmek2025\/wp-content\/uploads\/2025\/08\/Kongre-Programi.png\" alt=\"\" class=\"wp-image-773\" style=\"width:237px;height:auto\" srcset=\"https:\/\/tarmakder.org.tr\/tarmek2025\/wp-content\/uploads\/2025\/08\/Kongre-Programi.png 1024w, https:\/\/tarmakder.org.tr\/tarmek2025\/wp-content\/uploads\/2025\/08\/Kongre-Programi-300x300.png 300w, https:\/\/tarmakder.org.tr\/tarmek2025\/wp-content\/uploads\/2025\/08\/Kongre-Programi-150x150.png 150w, https:\/\/tarmakder.org.tr\/tarmek2025\/wp-content\/uploads\/2025\/08\/Kongre-Programi-768x768.png 768w\" sizes=\"auto, (max-width: 1024px) 100vw, 1024px\" \/><\/figure>\n<\/div><\/div><\/div>\n\n\n\n<div class=\"wp-block-cover alignfull is-light hestia-clear-top-padding\" style=\"min-height:572px;aspect-ratio:unset;\"><span aria-hidden=\"true\" class=\"wp-block-cover__background has-white-background-color has-background-dim-100 has-background-dim\"><\/span><div class=\"wp-block-cover__inner-container is-layout-flow wp-block-cover-is-layout-flow\">\n<figure class=\"wp-block-gallery alignfull has-nested-images columns-default is-cropped wp-block-gallery-2 is-layout-flex wp-block-gallery-is-layout-flex\">\n<figure class=\"wp-block-image size-large\"><img loading=\"lazy\" decoding=\"async\" width=\"1024\" height=\"242\" data-id=\"639\" src=\"https:\/\/tarmakder.org.tr\/tarmek2025\/wp-content\/uploads\/2025\/08\/tum-logo-1-1024x242.png\" alt=\"\" class=\"wp-image-639\" srcset=\"https:\/\/tarmakder.org.tr\/tarmek2025\/wp-content\/uploads\/2025\/08\/tum-logo-1-1024x242.png 1024w, https:\/\/tarmakder.org.tr\/tarmek2025\/wp-content\/uploads\/2025\/08\/tum-logo-1-300x71.png 300w, https:\/\/tarmakder.org.tr\/tarmek2025\/wp-content\/uploads\/2025\/08\/tum-logo-1-768x181.png 768w, https:\/\/tarmakder.org.tr\/tarmek2025\/wp-content\/uploads\/2025\/08\/tum-logo-1-1536x363.png 1536w, https:\/\/tarmakder.org.tr\/tarmek2025\/wp-content\/uploads\/2025\/08\/tum-logo-1-2048x484.png 2048w\" sizes=\"auto, (max-width: 1024px) 100vw, 1024px\" \/><\/figure>\n<\/figure>\n<\/div><\/div>\n\n\n\n<figure class=\"wp-block-image alignwide size-large\"><img loading=\"lazy\" decoding=\"async\" width=\"1024\" height=\"277\" src=\"https:\/\/tarmakder.org.tr\/tarmek2025\/wp-content\/uploads\/2025\/08\/tum-logo3-1-1024x277.png\" alt=\"\" class=\"wp-image-640\" srcset=\"https:\/\/tarmakder.org.tr\/tarmek2025\/wp-content\/uploads\/2025\/08\/tum-logo3-1-1024x277.png 1024w, https:\/\/tarmakder.org.tr\/tarmek2025\/wp-content\/uploads\/2025\/08\/tum-logo3-1-300x81.png 300w, https:\/\/tarmakder.org.tr\/tarmek2025\/wp-content\/uploads\/2025\/08\/tum-logo3-1-768x208.png 768w, https:\/\/tarmakder.org.tr\/tarmek2025\/wp-content\/uploads\/2025\/08\/tum-logo3-1-1536x416.png 1536w, https:\/\/tarmakder.org.tr\/tarmek2025\/wp-content\/uploads\/2025\/08\/tum-logo3-1-2048x555.png 2048w\" sizes=\"auto, (max-width: 1024px) 100vw, 1024px\" \/><\/figure>\n\n\n<div class=\"wp-block-image\">\n<figure class=\"aligncenter size-large is-resized\"><img loading=\"lazy\" decoding=\"async\" width=\"838\" height=\"1024\" src=\"https:\/\/tarmakder.org.tr\/tarmek2025\/wp-content\/uploads\/2025\/08\/cropped-Dikey-838x1024.png\" alt=\"\" class=\"wp-image-754\" style=\"width:298px;height:auto\" srcset=\"https:\/\/tarmakder.org.tr\/tarmek2025\/wp-content\/uploads\/2025\/08\/cropped-Dikey-838x1024.png 838w, https:\/\/tarmakder.org.tr\/tarmek2025\/wp-content\/uploads\/2025\/08\/cropped-Dikey-246x300.png 246w, https:\/\/tarmakder.org.tr\/tarmek2025\/wp-content\/uploads\/2025\/08\/cropped-Dikey-768x938.png 768w, https:\/\/tarmakder.org.tr\/tarmek2025\/wp-content\/uploads\/2025\/08\/cropped-Dikey.png 982w\" sizes=\"auto, (max-width: 838px) 100vw, 838px\" \/><\/figure>\n<\/div>\n\n\n<p class=\"has-text-align-center\">Kongremiz, <strong>T\u00dcB\u0130TAK<\/strong> <strong>2223-B Yurt \u0130\u00e7i Bilimsel Etkinlik D\u00fczenleme Deste\u011fi<\/strong> almaya hak kazanm\u0131\u015ft\u0131r.<\/p>\n\n\n\n<p><\/p>\n","protected":false},"excerpt":{"rendered":"<p>Kongremiz, T\u00dcB\u0130TAK 2223-B Yurt \u0130\u00e7i Bilimsel Etkinlik D\u00fczenleme Deste\u011fi almaya hak kazanm\u0131\u015ft\u0131r.<\/p>\n","protected":false},"author":1,"featured_media":600,"parent":0,"menu_order":0,"comment_status":"closed","ping_status":"closed","template":"","meta":{"_themeisle_gutenberg_block_has_review":false,"footnotes":""},"class_list":["post-11","page","type-page","status-publish","has-post-thumbnail","hentry"],"_links":{"self":[{"href":"https:\/\/tarmakder.org.tr\/tarmek2025\/index.php\/wp-json\/wp\/v2\/pages\/11","targetHints":{"allow":["GET"]}}],"collection":[{"href":"https:\/\/tarmakder.org.tr\/tarmek2025\/index.php\/wp-json\/wp\/v2\/pages"}],"about":[{"href":"https:\/\/tarmakder.org.tr\/tarmek2025\/index.php\/wp-json\/wp\/v2\/types\/page"}],"author":[{"embeddable":true,"href":"https:\/\/tarmakder.org.tr\/tarmek2025\/index.php\/wp-json\/wp\/v2\/users\/1"}],"replies":[{"embeddable":true,"href":"https:\/\/tarmakder.org.tr\/tarmek2025\/index.php\/wp-json\/wp\/v2\/comments?post=11"}],"version-history":[{"count":97,"href":"https:\/\/tarmakder.org.tr\/tarmek2025\/index.php\/wp-json\/wp\/v2\/pages\/11\/revisions"}],"predecessor-version":[{"id":854,"href":"https:\/\/tarmakder.org.tr\/tarmek2025\/index.php\/wp-json\/wp\/v2\/pages\/11\/revisions\/854"}],"wp:featuredmedia":[{"embeddable":true,"href":"https:\/\/tarmakder.org.tr\/tarmek2025\/index.php\/wp-json\/wp\/v2\/media\/600"}],"wp:attachment":[{"href":"https:\/\/tarmakder.org.tr\/tarmek2025\/index.php\/wp-json\/wp\/v2\/media?parent=11"}],"curies":[{"name":"wp","href":"https:\/\/api.w.org\/{rel}","templated":true}]}}