{"id":66,"date":"2024-03-14T21:24:09","date_gmt":"2024-03-14T18:24:09","guid":{"rendered":"https:\/\/tarmakder.org.tr\/tarmek2024\/?page_id=66"},"modified":"2024-08-24T21:35:56","modified_gmt":"2024-08-24T18:35:56","slug":"kongre-kurulu","status":"publish","type":"page","link":"https:\/\/tarmakder.org.tr\/tarmek2024\/index.php\/kongre-kurulu\/","title":{"rendered":"Kongre Kurullar\u0131"},"content":{"rendered":"\n<div class=\"wp-block-cover\"><span aria-hidden=\"true\" class=\"wp-block-cover__background has-background-dim\"><\/span><div class=\"wp-block-cover__inner-container is-layout-flow wp-block-cover-is-layout-flow\">\n<div class=\"wp-block-group has-global-padding is-layout-constrained wp-block-group-is-layout-constrained\">\n<div class=\"wp-block-group has-global-padding is-layout-constrained wp-block-group-is-layout-constrained\">\n<div class=\"wp-block-columns is-layout-flex wp-container-core-columns-is-layout-28f84493 wp-block-columns-is-layout-flex\">\n<div class=\"wp-block-column is-layout-flow wp-block-column-is-layout-flow\">\n<figure class=\"wp-block-image aligncenter size-full is-resized\"><img loading=\"lazy\" decoding=\"async\" width=\"1135\" height=\"1135\" src=\"https:\/\/tarmakder.org.tr\/tarmek2024\/wp-content\/uploads\/2024\/03\/Prof.Dr_.-Mustafa-Kasim-KARAHOCAGIL.png\" alt=\"\" class=\"wp-image-76\" style=\"width:347px;height:auto\" srcset=\"https:\/\/tarmakder.org.tr\/tarmek2024\/wp-content\/uploads\/2024\/03\/Prof.Dr_.-Mustafa-Kasim-KARAHOCAGIL.png 1135w, https:\/\/tarmakder.org.tr\/tarmek2024\/wp-content\/uploads\/2024\/03\/Prof.Dr_.-Mustafa-Kasim-KARAHOCAGIL-300x300.png 300w, https:\/\/tarmakder.org.tr\/tarmek2024\/wp-content\/uploads\/2024\/03\/Prof.Dr_.-Mustafa-Kasim-KARAHOCAGIL-1024x1024.png 1024w, https:\/\/tarmakder.org.tr\/tarmek2024\/wp-content\/uploads\/2024\/03\/Prof.Dr_.-Mustafa-Kasim-KARAHOCAGIL-150x150.png 150w\" sizes=\"auto, (max-width: 1135px) 100vw, 1135px\" \/><figcaption class=\"wp-element-caption\"><mark style=\"background-color:rgba(0, 0, 0, 0)\" class=\"has-inline-color has-white-color\"><strong>Prof. Dr. Mustafa Kas\u0131m KARAHOCAG\u0130L<\/strong><br>K\u0131r\u015fehir Ahi Evran \u00dcniversitesi Rekt\u00f6r\u00fc<br>KONGRE ONURSAL BA\u015eKANI<\/mark><\/figcaption><\/figure>\n<\/div>\n\n\n\n<div class=\"wp-block-column is-layout-flow wp-block-column-is-layout-flow\">\n<figure class=\"wp-block-image aligncenter size-full is-resized\"><img loading=\"lazy\" decoding=\"async\" width=\"166\" height=\"235\" src=\"https:\/\/tarmakder.org.tr\/tarmek2024\/wp-content\/uploads\/2024\/08\/Selahattin-Cinar.png\" alt=\"\" class=\"wp-image-492\" style=\"width:263px;height:auto\"\/><figcaption class=\"wp-element-caption\"><mark style=\"background-color:rgba(0, 0, 0, 0)\" class=\"has-inline-color has-white-color\"><strong>Prof. Dr. <\/strong>Selahattin \u00c7INAR<br>K\u0131r\u015fehir Ahi Evran \u00dcniversitesi, Ziraat Fak\u00fcltesi Dekan\u0131<br>KONGRE GENEL BA\u015eKANI<\/mark><\/figcaption><\/figure>\n<\/div>\n<\/div>\n<\/div>\n<\/div>\n<\/div><\/div>\n\n\n\n<div class=\"wp-block-cover\"><span aria-hidden=\"true\" class=\"wp-block-cover__background has-background-dim\"><\/span><div class=\"wp-block-cover__inner-container is-layout-flow wp-block-cover-is-layout-flow\">\n<div class=\"wp-block-group has-global-padding is-layout-constrained wp-block-group-is-layout-constrained\">\n<div class=\"wp-block-group has-global-padding is-layout-constrained wp-block-group-is-layout-constrained\">\n<div class=\"wp-block-columns is-layout-flex wp-container-core-columns-is-layout-28f84493 wp-block-columns-is-layout-flex\">\n<div class=\"wp-block-column is-layout-flow wp-block-column-is-layout-flow\">\n<figure class=\"wp-block-image aligncenter size-full is-resized\"><img loading=\"lazy\" decoding=\"async\" width=\"282\" height=\"282\" src=\"https:\/\/tarmakder.org.tr\/tarmek2024\/wp-content\/uploads\/2024\/03\/Gulden-hoca-1.png\" alt=\"\" class=\"wp-image-82\" style=\"width:347px;height:auto\" srcset=\"https:\/\/tarmakder.org.tr\/tarmek2024\/wp-content\/uploads\/2024\/03\/Gulden-hoca-1.png 282w, https:\/\/tarmakder.org.tr\/tarmek2024\/wp-content\/uploads\/2024\/03\/Gulden-hoca-1-150x150.png 150w\" sizes=\"auto, (max-width: 282px) 100vw, 282px\" \/><figcaption class=\"wp-element-caption\"><mark style=\"background-color:rgba(0, 0, 0, 0)\" class=\"has-inline-color has-white-color\"><strong>Dr. \u00d6\u011fr. \u00dcyesi G\u00fclden \u00d6ZG\u00dcNALTAY ERTU\u011eRUL<\/strong><br>K\u0131r\u015fehir Ahi Evran \u00dcniversitesi, Ziraat Fak\u00fcltesi<br>KONGRE D\u00dcZENLEME KURULU BA\u015eKANI<\/mark><\/figcaption><\/figure>\n<\/div>\n\n\n\n<div class=\"wp-block-column is-layout-flow wp-block-column-is-layout-flow\">\n<figure class=\"wp-block-image aligncenter size-full is-resized\"><img loading=\"lazy\" decoding=\"async\" width=\"194\" height=\"194\" src=\"https:\/\/tarmakder.org.tr\/tarmek2024\/wp-content\/uploads\/2024\/03\/Dr.-Ogr.-Uyesi-Omer-ERTUGRUL.jpeg\" alt=\"\" class=\"wp-image-83\" style=\"width:351px;height:auto\" srcset=\"https:\/\/tarmakder.org.tr\/tarmek2024\/wp-content\/uploads\/2024\/03\/Dr.-Ogr.-Uyesi-Omer-ERTUGRUL.jpeg 194w, https:\/\/tarmakder.org.tr\/tarmek2024\/wp-content\/uploads\/2024\/03\/Dr.-Ogr.-Uyesi-Omer-ERTUGRUL-150x150.jpeg 150w\" sizes=\"auto, (max-width: 194px) 100vw, 194px\" \/><figcaption class=\"wp-element-caption\"><mark style=\"background-color:rgba(0, 0, 0, 0)\" class=\"has-inline-color has-white-color\"><strong>Dr. \u00d6\u011fr. \u00dcyesi \u00d6mer ERTU\u011eRUL<\/strong><br>K\u0131r\u015fehir Ahi Evran \u00dcniversitesi, Ziraat Fak\u00fcltesi<br>KONGRE D\u00dcZENLEME KURULU BA\u015eKAN YARDIMCISI<\/mark><\/figcaption><\/figure>\n<\/div>\n<\/div>\n<\/div>\n<\/div>\n<\/div><\/div>\n\n\n\n<p><\/p>\n\n\n\n<ul class=\"wp-block-list\">\n<li><strong><mark style=\"background-color:rgba(0, 0, 0, 0)\" class=\"has-inline-color has-secondary-color\">D\u00dcZENLEME KURULU \u00dcYELER\u0130<\/mark><\/strong><\/li>\n\n\n\n<li><strong>Prof. Dr. Can ERTEK\u0130N <\/strong>\u2013 TARMAKDER Y\u00f6netim Kurulu Ba\u015fkan\u0131, Akdeniz \u00dcniversitesi Ziraat Fak\u00fcltesi Tar\u0131m Makineleri ve Teknolojileri M\u00fchendisli\u011fi B\u00f6l\u00fcm\u00fc<\/li>\n\n\n\n<li><strong>G\u00f6khan BAYRAMO\u011eLU<\/strong> \u2013 TARMAKB\u0130R Y\u00f6netim Kurulu Ba\u015fkan\u0131 &#8211; BA\u015eAK Trakt\u00f6r Tar. Zir. ve \u0130\u015f Mak. San. Tic. A.\u015e. <\/li>\n\n\n\n<li><strong>Selami \u0130LER\u0130<\/strong> \u2013 TARMAKB\u0130R Genel Sekreteri<\/li>\n\n\n\n<li><strong>Prof. Dr. \u0130lknur AL\u0130BA\u015e<\/strong> \u2013 TARMAKDER Y\u00f6netim Kurulu II. Ba\u015fkan\u0131, Bursa Uluda\u011f \u00dcniversitesi Ziraat Fak\u00fcltesi Biyosistem M\u00fchendisli\u011fi B\u00f6l\u00fcm\u00fc<\/li>\n\n\n\n<li><strong>Prof. Dr. Hamdi B\u0130LGEN <\/strong>\u2013 TARMAKDER Y\u00f6netim Kurulu \u00dcyesi, Ege \u00dcniversitesi Ziraat Fak\u00fcltesi Tar\u0131m Makineleri ve Teknolojileri M\u00fchendisli\u011fi B\u00f6l\u00fcm\u00fc<\/li>\n\n\n\n<li><strong>Prof. Dr. Bahad\u0131r SAYINCI<\/strong> \u2013 TARMAKDER Y\u00f6netim Kurulu \u00dcyesi, Bilecik \u015eeyh Edebali \u00dcniversitesi Ziraat Fak\u00fcltesi Biyosistem M\u00fchendisli\u011fi B\u00f6l\u00fcm\u00fc<\/li>\n\n\n\n<li><strong>Prof. Dr. Mehmet F\u0131rat BARAN <\/strong>\u2013 Siirt \u00dcniversitesi, Ziraat Fak\u00fcltesi Biyosistem M\u00fchendisli\u011fi B\u00f6l\u00fcm\u00fc<\/li>\n\n\n\n<li><strong>Prof. Dr. Sultan KIYMAZ <\/strong>\u2013 K\u0131r\u015fehir Ahi Evran \u00dcniversitesi, Ziraat Fak\u00fcltesi, Biyosistem M\u00fchendisli\u011fi B\u00f6l\u00fcm Ba\u015fkan\u0131<\/li>\n\n\n\n<li><strong>Do\u00e7. Dr. Sedat BOYACI<\/strong> \u2013 K\u0131r\u015fehir Ahi Evran \u00dcniversitesi, Ziraat Fak\u00fcltesi, Biyosistem M\u00fchendisli\u011fi B\u00f6l\u00fcm\u00fc<\/li>\n\n\n\n<li><strong>Dr. \u00d6\u011fr. \u00dcyesi Alper G\u00dcNG\u00d6R<\/strong> \u2013 K\u0131r\u015fehir Ahi Evran \u00dcniversitesi, Ziraat Fak\u00fcltesi, Biyosistem M\u00fchendisli\u011fi B\u00f6l\u00fcm\u00fc<\/li>\n\n\n\n<li><strong>Dr. \u00d6\u011fr. \u00dcyesi Mevl\u00fcde Alev ATE\u015e<\/strong>\u2013 K\u0131r\u015fehir Ahi Evran \u00dcniversitesi<mark style=\"background-color:rgba(0, 0, 0, 0)\" class=\"has-inline-color has-white-color\">Fak\u00fcltesi Dekan\u0131<\/mark><\/li>\n<\/ul>\n\n\n\n<p><\/p>\n\n\n\n<ul class=\"wp-block-list\">\n<li><strong><mark style=\"background-color:rgba(0, 0, 0, 0)\" class=\"has-inline-color has-secondary-color\">B\u0130L\u0130M KURULU \u00dcYELER\u0130<\/mark><\/strong><\/li>\n\n\n\n<li><strong>Prof. Dr. Ahmet \u00c7EL\u0130K \u2013 <\/strong>Atat\u00fcrk \u00dcniversitesi, Ziraat Fak\u00fcltesi Tar\u0131m Makineleri ve Teknolojileri M\u00fchendisli\u011fi B\u00f6l\u00fcm\u00fc<\/li>\n\n\n\n<li><strong>Prof. Dr. Ali VARDAR \u2013 <\/strong>Bursa Uluda\u011f \u00dcniversitesi Ziraat Fak\u00fcltesi Biyosistem M\u00fchendisli\u011fi B\u00f6l\u00fcm\u00fc<\/li>\n\n\n\n<li><strong>Prof. Dr. Bahad\u0131r SAYINCI \u2013 <\/strong>Bilecik \u015eeyh Edebali \u00dcniversitesi Ziraat Fak\u00fcltesi Biyosistem M\u00fchendisli\u011fi B\u00f6l\u00fcm\u00fc<\/li>\n\n\n\n<li><strong>Prof. Dr. Bahattin AKDEM\u0130R \u2013 <\/strong>Tekirda\u011f Nam\u0131k Kemal \u00dcniversitesi Ziraat Fak\u00fcltesi Biyosistem M\u00fchendisli\u011fi B\u00f6l\u00fcm\u00fc<\/li>\n\n\n\n<li><strong>Prof. Dr. Can ERTEK\u0130N \u2013 <\/strong>Akdeniz \u00dcniversitesi Ziraat Fak\u00fcltesi Tar\u0131m Makineleri ve Teknolojileri M\u00fchendisli\u011fi B\u00f6l\u00fcm\u00fc<\/li>\n\n\n\n<li><strong>Prof. Dr. Cengiz \u00d6ZARSLAN<\/strong> \u2013 Ayd\u0131n Adnan Menderes \u00dcniversitesi, Ziraat Fak\u00fcltesi, Biyosistem M\u00fchendisli\u011fi B\u00f6l\u00fcm\u00fc<\/li>\n\n\n\n<li><strong>Prof. Dr. Davut KARAYEL \u2013 <\/strong>Akdeniz \u00dcniversitesi Ziraat Fak\u00fcltesi Tar\u0131m Makineleri ve Teknolojileri M\u00fchendisli\u011fi B\u00f6l\u00fcm\u00fc<\/li>\n\n\n\n<li><strong>Prof. Dr. Deniz YILMAZ<\/strong> \u2013 Isparta Uygulamal\u0131 Bilimler \u00dcniversitesi Ziraat Fak\u00fcltesi Tar\u0131m Makineleri ve Teknolojileri M\u00fchendisli\u011fi B\u00f6l\u00fcm\u00fc<\/li>\n\n\n\n<li><strong>Prof. Dr. Engin \u00d6ZG\u00d6Z \u2013 <\/strong>Tokat Gaziosmanpa\u015fa \u00dcniversitesi Ziraat Fak\u00fcltesi Biyosistem M\u00fchendisli\u011fi B\u00f6l\u00fcm\u00fc<\/li>\n\n\n\n<li><strong>Prof. Dr. Fazilet ALAYUNT \u2013 <\/strong>Ege \u00dcniversitesi Ziraat Fak\u00fcltesi Tar\u0131m Makineleri ve Teknolojileri M\u00fchendisli\u011fi B\u00f6l\u00fcm\u00fc<\/li>\n\n\n\n<li><strong>Prof. Dr. Gazanfer ERG\u00dcNE\u015e \u2013 <\/strong>Tokat Gaziosmanpa\u015fa \u00dcniversitesi Ziraat Fak\u00fcltesi Biyosistem M\u00fchendisli\u011fi B\u00f6l\u00fcm\u00fc<\/li>\n\n\n\n<li><strong>Prof. Dr. Halil \u00dcNAL \u2013 <\/strong>Bursa Uluda\u011f \u00dcniversitesi Ziraat Fak\u00fcltesi Biyosistem M\u00fchendisli\u011fi B\u00f6l\u00fcm\u00fc<\/li>\n\n\n\n<li><strong>Prof. Dr. Hamdi B\u0130LGEN \u2013 <\/strong>Ege \u00dcniversitesi Ziraat Fak\u00fcltesi Tar\u0131m Makineleri ve Teknolojileri M\u00fchendisli\u011fi B\u00f6l\u00fcm\u00fc<\/li>\n\n\n\n<li><strong>Prof. Dr. Haydar HACISEFERO\u011eULLARI \u2013 <\/strong>Sel\u00e7uk \u00dcniversitesi Ziraat Fak\u00fcltesi Tar\u0131m Makineleri ve Teknolojileri M\u00fchendisli\u011fi B\u00f6l\u00fcm\u00fc<\/li>\n\n\n\n<li><strong>Prof. Dr. Kamil EK\u0130NC\u0130<\/strong> \u2013 Isparta Uygulamal\u0131 Bilimler \u00dcniversitesi Ziraat Fak\u00fcltesi Tar\u0131m Makineleri ve Teknolojileri M\u00fchendisli\u011fi B\u00f6l\u00fcm\u00fc<\/li>\n\n\n\n<li><strong>Prof. Dr. Kaz\u0131m \u00c7ARMAN<\/strong> \u2013 Sel\u00e7uk \u00dcniversitesi Ziraat Fak\u00fcltesi Tar\u0131m Makineleri ve Teknolojileri M\u00fchendisli\u011fi B\u00f6l\u00fcm\u00fc<\/li>\n\n\n\n<li><strong>Prof. Dr. T\u00fcrkan AKTA\u015e<\/strong> \u2013Tekirda\u011f Nam\u0131k Kemal \u00dcniversitesi Ziraat Fak\u00fcltesi Biyosistem M\u00fchendisli\u011fi B\u00f6l\u00fcm\u00fc<\/li>\n\n\n\n<li><strong>Prof. Dr. T\u00fcrker SARA\u00c7O\u011eLU<\/strong> \u2013 Ayd\u0131n Adnan Menderes \u00dcniversitesi, Ziraat Fak\u00fcltesi, Biyosistem M\u00fchendisli\u011fi B\u00f6l\u00fcm\u00fc<\/li>\n\n\n\n<li><strong>Prof. Dr. Y\u0131ld\u0131ran YILDIRIM \u2013 <\/strong>Atat\u00fcrk \u00dcniversitesi, Ziraat Fak\u00fcltesi Tar\u0131m Makineleri ve Teknolojileri M\u00fchendisli\u011fi B\u00f6l\u00fcm\u00fc<\/li>\n\n\n\n<li><strong>Do\u00e7. Dr. Abdullah BEYAZ<\/strong> \u2013 Ankara \u00dcniversitesi Ziraat Fak\u00fcltesi Tar\u0131m Makineleri ve Teknolojileri M\u00fchendisli\u011fi B\u00f6l\u00fcm\u00fc<\/li>\n\n\n\n<li><strong>Do\u00e7. Dr. Zeynep DUMANO\u011eLU<\/strong> &#8211; Bing\u00f6l \u00dcniversitesi Ziraat Fak\u00fcltesi Biyosistem M\u00fchendisli\u011fi B\u00f6l\u00fcm\u00fc<\/li>\n\n\n\n<li><strong>Do\u00e7. Dr. Alper TANER<\/strong> \u2013 Ondokuz May\u0131s \u00dcniversitesi Ziraat Fak\u00fcltesi Tar\u0131m Makineleri ve Teknolojileri M\u00fchendisli\u011fi B\u00f6l\u00fcm\u00fc<\/li>\n\n\n\n<li><strong>Do\u00e7. Dr. Mehmet Emin B\u0130LG\u0130L\u0130 \u2013 <\/strong>Do\u011fu Akdeniz Tar\u0131msal Ara\u015ft\u0131rma Enstit\u00fcs\u00fc M\u00fcd\u00fcrl\u00fc\u011f\u00fc<\/li>\n\n\n\n<li><strong>Dr. \u00d6\u011fr. \u00dcyesi Fatih G\u00f6ksel PEK\u0130TKAN<\/strong> &#8211; Dicle \u00dcniversitesi, Ziraat Fak\u00fcltesi Tar\u0131m Makineleri ve Teknolojileri M\u00fchendisli\u011fi B\u00f6l\u00fcm\u00fc<\/li>\n\n\n\n<li><strong>Dr. \u00d6\u011fr. \u00dcyesi B\u00fclent P\u0130\u015eK\u0130N<\/strong> \u2013 D\u00fczce \u00dcniversitesi Ziraat Fak\u00fcltesi Biyosistem M\u00fchendisli\u011fi B\u00f6l\u00fcm\u00fc<\/li>\n\n\n\n<li><strong>Dr. \u00d6\u011fr. \u00dcyesi H\u00fcseyin DURAN<\/strong> \u2013 Ondokuz May\u0131s \u00dcniversitesi Ziraat Fak\u00fcltesi Tar\u0131m Makineleri ve Teknolojileri M\u00fchendisli\u011fi B\u00f6l\u00fcm\u00fc<\/li>\n\n\n\n<li><strong>Dr. \u00d6\u011fr. \u00dcyesi Kutalm\u0131\u015f TURHAL \u2013 <\/strong>Bilecik \u015eeyh Edebali \u00dcniversitesi Ziraat Fak\u00fcltesi Biyosistem M\u00fchendisli\u011fi B\u00f6l\u00fcm\u00fc<\/li>\n\n\n\n<li><strong>Dr. \u00d6\u011fr. \u00dcyesi Mehmet Zahid MALASLI<\/strong> \u2013 Necmettin Erbakan \u00dcniversitesi, Ere\u011fli Ziraat Fak\u00fcltesi, Biyosistem M\u00fchendisli\u011fi B\u00f6l\u00fcm\u00fc<\/li>\n\n\n\n<li><strong>Dr. \u00d6\u011fr. \u00dcyesi Muhittin Murat TURGUT<\/strong> &#8211; Dicle \u00dcniversitesi, Ziraat Fak\u00fcltesi Tar\u0131m Makineleri ve Teknolojileri M\u00fchendisli\u011fi B\u00f6l\u00fcm\u00fc<\/li>\n\n\n\n<li><strong>Dr. \u00d6\u011fr. \u00dcyesi U\u011fur YEG\u00dcL<\/strong> \u2013 Ankara \u00dcniversitesi Ziraat Fak\u00fcltesi Tar\u0131m Makineleri ve Teknolojileri M\u00fchendisli\u011fi B\u00f6l\u00fcm\u00fc<\/li>\n\n\n\n<li><strong>Dr. Arzu AYDAR<\/strong> \u2013 Ankara Zirai M\u00fccadele Merkez Ara\u015ft\u0131rma Enstit\u00fcs\u00fc M\u00fcd\u00fcrl\u00fc\u011f\u00fc<\/li>\n\n\n\n<li><strong>Dr. Mehdi DEM\u0130RC\u0130<\/strong> \u2013 Vergo Enerji Ar-Ge Tasar\u0131m Direkt\u00f6r\u00fc<\/li>\n\n\n\n<li><strong>Dr. Okray OREL<\/strong> \u2013 Ankara Zirai M\u00fccadele Merkez Ara\u015ft\u0131rma Enstit\u00fcs\u00fc M\u00fcd\u00fcrl\u00fc\u011f\u00fc<\/li>\n\n\n\n<li><strong>Dr. Zeynep DEM\u0130REL ATASOY<\/strong> \u2013 Toprak G\u00fcbre ve Su Kaynaklar\u0131 Merkez Ara\u015ft\u0131rma Enstit\u00fcs\u00fc M\u00fcd\u00fcrl\u00fc\u011f\u00fc<\/li>\n\n\n\n<li><strong>Dr. Zinnur G\u00d6Z\u00dcB\u00dcY\u00dcK<\/strong> \u2013 Do\u011fu Anadolu Tar\u0131msal Ara\u015ft\u0131rma Enstit\u00fcs\u00fc M\u00fcd\u00fcrl\u00fc\u011f\u00fc<\/li>\n\n\n\n<li><strong>Bilim Kurulu ile ilgili isim \u00f6nerileri uyar\u0131nca Bilim Kurulu listesi g\u00fcncellenmeye devam etmektedir.<\/strong><\/li>\n<\/ul>\n","protected":false},"excerpt":{"rendered":"","protected":false},"author":1,"featured_media":0,"parent":0,"menu_order":0,"comment_status":"closed","ping_status":"closed","template":"","meta":{"inspiro_hide_title":false,"footnotes":""},"class_list":["post-66","page","type-page","status-publish","hentry"],"_links":{"self":[{"href":"https:\/\/tarmakder.org.tr\/tarmek2024\/index.php\/wp-json\/wp\/v2\/pages\/66","targetHints":{"allow":["GET"]}}],"collection":[{"href":"https:\/\/tarmakder.org.tr\/tarmek2024\/index.php\/wp-json\/wp\/v2\/pages"}],"about":[{"href":"https:\/\/tarmakder.org.tr\/tarmek2024\/index.php\/wp-json\/wp\/v2\/types\/page"}],"author":[{"embeddable":true,"href":"https:\/\/tarmakder.org.tr\/tarmek2024\/index.php\/wp-json\/wp\/v2\/users\/1"}],"replies":[{"embeddable":true,"href":"https:\/\/tarmakder.org.tr\/tarmek2024\/index.php\/wp-json\/wp\/v2\/comments?post=66"}],"version-history":[{"count":20,"href":"https:\/\/tarmakder.org.tr\/tarmek2024\/index.php\/wp-json\/wp\/v2\/pages\/66\/revisions"}],"predecessor-version":[{"id":502,"href":"https:\/\/tarmakder.org.tr\/tarmek2024\/index.php\/wp-json\/wp\/v2\/pages\/66\/revisions\/502"}],"wp:attachment":[{"href":"https:\/\/tarmakder.org.tr\/tarmek2024\/index.php\/wp-json\/wp\/v2\/media?parent=66"}],"curies":[{"name":"wp","href":"https:\/\/api.w.org\/{rel}","templated":true}]}}