{"id":515,"date":"2025-08-29T12:14:33","date_gmt":"2025-08-29T09:14:33","guid":{"rendered":"https:\/\/tarmakder.org.tr\/tarmek2024\/?page_id=515"},"modified":"2025-08-30T22:04:45","modified_gmt":"2025-08-30T19:04:45","slug":"kongre-video-ve-medya-arsivi","status":"publish","type":"page","link":"https:\/\/tarmakder.org.tr\/tarmek2024\/index.php\/kongre-video-ve-medya-arsivi\/","title":{"rendered":"Kongre Video ve Medya Ar\u015fivi"},"content":{"rendered":"\n<p><strong>\ud83d\udccc A\u00e7\u0131l\u0131\u015f Konu\u015fmalar\u0131<\/strong><\/p>\n\n\n\n<p><a href=\"https:\/\/drive.google.com\/file\/d\/1dkSKNhVzkT2uCirSXAz-ceO8OlzkQGQd\/view?usp=sharing\">D\u00fczenleme Kurulu Ba\u015fkan\u0131 &#8211; Dr. G\u00fclden \u00d6ZG\u00dcNALTAY ERTU\u011eRUL<\/a><\/p>\n\n\n\n<p><a href=\"https:\/\/drive.google.com\/file\/d\/1lJ1Psev8DALQY5rXZuIVND6gaM69GYoj\/view?usp=sharing\">TARMAKDER Y\u00f6netim Kurulu Ba\u015fkan\u0131 &#8211; Prof. Dr. Can ERTEK\u0130N<\/a><\/p>\n\n\n\n<p><a href=\"https:\/\/drive.google.com\/file\/d\/16-5F9_FcbafeupGON4_lJC1qvjA9rtTa\/view?usp=sharing\">TARMAKB\u0130R Genel Sekreteri &#8211; M. Selami \u0130LER\u0130<\/a><\/p>\n\n\n\n<p><a href=\"https:\/\/drive.google.com\/file\/d\/1U8EwLv8FE_HSVi18q_jUDdWGWKtSiPun\/view?usp=sharing\">MEM\u0130\u015eO\u011eULLARI GROUP &#8211; Memi\u015f BARAN<\/a><\/p>\n\n\n\n<p><a href=\"https:\/\/drive.google.com\/file\/d\/1AaRSJI4PQOQ_PXIlVPoHPt-lZzjgAEk6\/view?usp=sharing\">KAEU Rekt\u00f6r Yard\u0131mc\u0131s\u0131 &#8211; Prof. Dr. Ali G\u00dcNE\u015e<\/a><\/p>\n\n\n\n<p><\/p>\n\n\n\n<p><strong>\ud83c\udfa5 <\/strong>R\u00f6portajlar<\/p>\n\n\n\n<p><a href=\"https:\/\/drive.google.com\/file\/d\/1b6CNXLTLsRPHG7UansORfU5JrKfFWkpL\/view?usp=sharing\">TARMAKTEK Yar\u0131\u015fma tan\u0131t\u0131m\u0131 &#8211; Prof. Dr. Bahad\u0131r SAYINCI<\/a><\/p>\n\n\n\n<p><a href=\"https:\/\/drive.google.com\/file\/d\/1jYrTsbT3c8ZmZgXkRbHPx8ffZMh5aod-\/view?usp=sharing\">TARMAKDER Tan\u0131t\u0131m\u0131 &#8211; Prof. Dr. \u0130lknur AL\u0130BA\u015e<\/a><\/p>\n\n\n\n<p><\/p>\n\n\n\n<p>\ud83d\udc65Kongre \u00d6zel Oturumu<\/p>\n\n\n\n<p><a href=\"https:\/\/drive.google.com\/file\/d\/1cqpQtGHMPLd99-DimS5IjjuyAzFkqGzD\/view?usp=sharing\"><a href=\"https:\/\/drive.google.com\/file\/d\/1_UFgLwQpIGYbUj4ln2h-6YNEaVvqX9SH\/view?usp=sharing\">Video1<\/a><\/a><\/p>\n\n\n\n<p><a href=\"https:\/\/drive.google.com\/file\/d\/1DV_hw6WJwm5KawKLFreoFEjTPQQhwwqt\/view?usp=sharing\"><a href=\"https:\/\/drive.google.com\/file\/d\/1_UFgLwQpIGYbUj4ln2h-6YNEaVvqX9SH\/view?usp=sharing\">Video2<\/a><\/a><\/p>\n\n\n\n<p><a href=\"https:\/\/drive.google.com\/file\/d\/1_UFgLwQpIGYbUj4ln2h-6YNEaVvqX9SH\/view?usp=sharing\">Video3<\/a><\/p>\n\n\n\n<p><a href=\"https:\/\/drive.google.com\/file\/d\/1k8jzZiDoK0G5d9XQ7pb7fhgnQyXR14QT\/view?usp=sharing\">Video4<\/a><\/p>\n\n\n\n<p><\/p>\n\n\n\n<p>\ud83d\udc65 TARMAKB\u0130R \u00d6zel Oturumu<\/p>\n\n\n\n<p><a href=\"https:\/\/drive.google.com\/file\/d\/1gGOoy9pSO1ro3rbZgmDvm9izevHHrUdx\/view?usp=sharing\">Video1<\/a><\/p>\n\n\n\n<p><a href=\"https:\/\/drive.google.com\/file\/d\/1m_ZSOdneWVFVaswgxiDZ0rRXfYibUh7t\/view?usp=sharing\">Video2<\/a><\/p>\n\n\n\n<p><a href=\"https:\/\/drive.google.com\/file\/d\/1Fp8NpMJFckm-VqP195tAq1UwgberZq8A\/view?usp=sharing\">Video<\/a>3<\/p>\n\n\n\n<p><\/p>\n\n\n\n<p><\/p>\n","protected":false},"excerpt":{"rendered":"<p>\ud83d\udccc A\u00e7\u0131l\u0131\u015f Konu\u015fmalar\u0131 D\u00fczenleme Kurulu Ba\u015fkan\u0131 &#8211; Dr. G\u00fclden \u00d6ZG\u00dcNALTAY ERTU\u011eRUL TARMAKDER Y\u00f6netim Kurulu Ba\u015fkan\u0131 &#8211; Prof. Dr. Can ERTEK\u0130N TARMAKB\u0130R Genel Sekreteri &#8211; M. Selami \u0130LER\u0130 MEM\u0130\u015eO\u011eULLARI GROUP &#8211; Memi\u015f BARAN KAEU Rekt\u00f6r Yard\u0131mc\u0131s\u0131 &#8211; Prof. Dr. Ali G\u00dcNE\u015e \ud83c\udfa5 R\u00f6portajlar TARMAKTEK Yar\u0131\u015fma tan\u0131t\u0131m\u0131 &#8211; Prof. Dr. Bahad\u0131r SAYINCI TARMAKDER Tan\u0131t\u0131m\u0131 &#8211; Prof. Dr. &hellip; <\/p>\n<p class=\"link-more\"><a href=\"https:\/\/tarmakder.org.tr\/tarmek2024\/index.php\/kongre-video-ve-medya-arsivi\/\" class=\"more-link\"><span class=\"screen-reader-text\"> &#8220;Kongre Video ve Medya Ar\u015fivi&#8221;<\/span>devam\u0131n\u0131 oku<\/a><\/p>\n","protected":false},"author":1,"featured_media":0,"parent":0,"menu_order":0,"comment_status":"closed","ping_status":"closed","template":"","meta":{"inspiro_hide_title":false,"footnotes":""},"class_list":["post-515","page","type-page","status-publish","hentry"],"_links":{"self":[{"href":"https:\/\/tarmakder.org.tr\/tarmek2024\/index.php\/wp-json\/wp\/v2\/pages\/515","targetHints":{"allow":["GET"]}}],"collection":[{"href":"https:\/\/tarmakder.org.tr\/tarmek2024\/index.php\/wp-json\/wp\/v2\/pages"}],"about":[{"href":"https:\/\/tarmakder.org.tr\/tarmek2024\/index.php\/wp-json\/wp\/v2\/types\/page"}],"author":[{"embeddable":true,"href":"https:\/\/tarmakder.org.tr\/tarmek2024\/index.php\/wp-json\/wp\/v2\/users\/1"}],"replies":[{"embeddable":true,"href":"https:\/\/tarmakder.org.tr\/tarmek2024\/index.php\/wp-json\/wp\/v2\/comments?post=515"}],"version-history":[{"count":12,"href":"https:\/\/tarmakder.org.tr\/tarmek2024\/index.php\/wp-json\/wp\/v2\/pages\/515\/revisions"}],"predecessor-version":[{"id":529,"href":"https:\/\/tarmakder.org.tr\/tarmek2024\/index.php\/wp-json\/wp\/v2\/pages\/515\/revisions\/529"}],"wp:attachment":[{"href":"https:\/\/tarmakder.org.tr\/tarmek2024\/index.php\/wp-json\/wp\/v2\/media?parent=515"}],"curies":[{"name":"wp","href":"https:\/\/api.w.org\/{rel}","templated":true}]}}