{"id":497,"date":"2024-08-23T11:14:24","date_gmt":"2024-08-23T08:14:24","guid":{"rendered":"https:\/\/tarmakder.org.tr\/tarmek2024\/?page_id=497"},"modified":"2024-08-25T14:40:07","modified_gmt":"2024-08-25T11:40:07","slug":"program","status":"publish","type":"page","link":"https:\/\/tarmakder.org.tr\/tarmek2024\/index.php\/program\/","title":{"rendered":"Program"},"content":{"rendered":"\n<div data-wp-interactive=\"core\/file\" class=\"wp-block-file\"><object data-wp-bind--hidden=\"!state.hasPdfPreview\" hidden class=\"wp-block-file__embed\" data=\"https:\/\/tarmakder.org.tr\/tarmek2024\/wp-content\/uploads\/2024\/08\/PROGRAM-2.pdf\" type=\"application\/pdf\" style=\"width:100%;height:600px\" aria-label=\"PROGRAM g\u00f6m\u00fcs\u00fc.\"><\/object><a id=\"wp-block-file--media-853affe8-6423-42b7-99e0-de1a2ded3ae6\" href=\"https:\/\/tarmakder.org.tr\/tarmek2024\/wp-content\/uploads\/2024\/08\/PROGRAM-2.pdf\">PROGRAM<\/a><a href=\"https:\/\/tarmakder.org.tr\/tarmek2024\/wp-content\/uploads\/2024\/08\/PROGRAM-2.pdf\" class=\"wp-block-file__button wp-element-button\" download aria-describedby=\"wp-block-file--media-853affe8-6423-42b7-99e0-de1a2ded3ae6\">\u0130ndir<\/a><\/div>\n","protected":false},"excerpt":{"rendered":"","protected":false},"author":1,"featured_media":0,"parent":0,"menu_order":0,"comment_status":"closed","ping_status":"closed","template":"","meta":{"inspiro_hide_title":false,"footnotes":""},"class_list":["post-497","page","type-page","status-publish","hentry"],"_links":{"self":[{"href":"https:\/\/tarmakder.org.tr\/tarmek2024\/index.php\/wp-json\/wp\/v2\/pages\/497","targetHints":{"allow":["GET"]}}],"collection":[{"href":"https:\/\/tarmakder.org.tr\/tarmek2024\/index.php\/wp-json\/wp\/v2\/pages"}],"about":[{"href":"https:\/\/tarmakder.org.tr\/tarmek2024\/index.php\/wp-json\/wp\/v2\/types\/page"}],"author":[{"embeddable":true,"href":"https:\/\/tarmakder.org.tr\/tarmek2024\/index.php\/wp-json\/wp\/v2\/users\/1"}],"replies":[{"embeddable":true,"href":"https:\/\/tarmakder.org.tr\/tarmek2024\/index.php\/wp-json\/wp\/v2\/comments?post=497"}],"version-history":[{"count":2,"href":"https:\/\/tarmakder.org.tr\/tarmek2024\/index.php\/wp-json\/wp\/v2\/pages\/497\/revisions"}],"predecessor-version":[{"id":511,"href":"https:\/\/tarmakder.org.tr\/tarmek2024\/index.php\/wp-json\/wp\/v2\/pages\/497\/revisions\/511"}],"wp:attachment":[{"href":"https:\/\/tarmakder.org.tr\/tarmek2024\/index.php\/wp-json\/wp\/v2\/media?parent=497"}],"curies":[{"name":"wp","href":"https:\/\/api.w.org\/{rel}","templated":true}]}}