{"id":455,"date":"2024-07-18T19:07:46","date_gmt":"2024-07-18T16:07:46","guid":{"rendered":"https:\/\/tarmakder.org.tr\/tarmek2024\/?page_id=455"},"modified":"2024-07-18T19:07:46","modified_gmt":"2024-07-18T16:07:46","slug":"gorevlendirme-yazisi","status":"publish","type":"page","link":"https:\/\/tarmakder.org.tr\/tarmek2024\/index.php\/gorevlendirme-yazisi\/","title":{"rendered":"G\u00f6revlendirme Yaz\u0131s\u0131"},"content":{"rendered":"\n<div data-wp-interactive=\"core\/file\" class=\"wp-block-file\"><object data-wp-bind--hidden=\"!state.hasPdfPreview\" hidden class=\"wp-block-file__embed\" data=\"https:\/\/tarmakder.org.tr\/tarmek2024\/wp-content\/uploads\/2024\/07\/Rektorluk-Yazisi.pdf\" type=\"application\/pdf\" style=\"width:100%;height:600px\" aria-label=\"Rekt\u00f6rl\u00fck Yaz\u0131s\u0131 g\u00f6m\u00fcs\u00fc.\"><\/object><a id=\"wp-block-file--media-b5798469-2334-411a-90ef-2965a0621b47\" href=\"https:\/\/tarmakder.org.tr\/tarmek2024\/wp-content\/uploads\/2024\/07\/Rektorluk-Yazisi.pdf\">Rekt\u00f6rl\u00fck Yaz\u0131s\u0131<\/a><a href=\"https:\/\/tarmakder.org.tr\/tarmek2024\/wp-content\/uploads\/2024\/07\/Rektorluk-Yazisi.pdf\" class=\"wp-block-file__button wp-element-button\" download aria-describedby=\"wp-block-file--media-b5798469-2334-411a-90ef-2965a0621b47\">\u0130ndir<\/a><\/div>\n","protected":false},"excerpt":{"rendered":"","protected":false},"author":1,"featured_media":0,"parent":0,"menu_order":0,"comment_status":"closed","ping_status":"closed","template":"","meta":{"inspiro_hide_title":false,"footnotes":""},"class_list":["post-455","page","type-page","status-publish","hentry"],"_links":{"self":[{"href":"https:\/\/tarmakder.org.tr\/tarmek2024\/index.php\/wp-json\/wp\/v2\/pages\/455","targetHints":{"allow":["GET"]}}],"collection":[{"href":"https:\/\/tarmakder.org.tr\/tarmek2024\/index.php\/wp-json\/wp\/v2\/pages"}],"about":[{"href":"https:\/\/tarmakder.org.tr\/tarmek2024\/index.php\/wp-json\/wp\/v2\/types\/page"}],"author":[{"embeddable":true,"href":"https:\/\/tarmakder.org.tr\/tarmek2024\/index.php\/wp-json\/wp\/v2\/users\/1"}],"replies":[{"embeddable":true,"href":"https:\/\/tarmakder.org.tr\/tarmek2024\/index.php\/wp-json\/wp\/v2\/comments?post=455"}],"version-history":[{"count":1,"href":"https:\/\/tarmakder.org.tr\/tarmek2024\/index.php\/wp-json\/wp\/v2\/pages\/455\/revisions"}],"predecessor-version":[{"id":457,"href":"https:\/\/tarmakder.org.tr\/tarmek2024\/index.php\/wp-json\/wp\/v2\/pages\/455\/revisions\/457"}],"wp:attachment":[{"href":"https:\/\/tarmakder.org.tr\/tarmek2024\/index.php\/wp-json\/wp\/v2\/media?parent=455"}],"curies":[{"name":"wp","href":"https:\/\/api.w.org\/{rel}","templated":true}]}}