{"id":382,"date":"2024-06-10T15:41:57","date_gmt":"2024-06-10T12:41:57","guid":{"rendered":"https:\/\/tarmakder.org.tr\/tarmek2024\/?page_id=382"},"modified":"2024-06-11T18:47:41","modified_gmt":"2024-06-11T15:47:41","slug":"konaklama","status":"publish","type":"page","link":"https:\/\/tarmakder.org.tr\/tarmek2024\/index.php\/konaklama\/","title":{"rendered":"Konaklama"},"content":{"rendered":"\n<p class=\"has-text-align-center\" style=\"font-size:clamp(14px, 0.875rem + ((1vw - 3.2px) * 0.531), 20px);\"><strong>Armas Termal<\/strong> <strong>Hotel<\/strong> (5 y\u0131ld\u0131zl\u0131)<\/p>\n\n\n\n<p class=\"has-text-align-center\" style=\"font-size:clamp(14px, 0.875rem + ((1vw - 3.2px) * 0.531), 20px);\">(<em><strong>Standart oda Yar\u0131m Pansiyon<\/strong><\/em>)<\/p>\n\n\n\n<p class=\"has-text-align-center\" style=\"font-size:clamp(14px, 0.875rem + ((1vw - 3.2px) * 0.531), 20px);\">&nbsp;\u00c7ift ki\u015filik gecelik :3990 TL<\/p>\n\n\n\n<p class=\"has-text-align-center\" style=\"font-size:clamp(14px, 0.875rem + ((1vw - 3.2px) * 0.531), 20px);\">&nbsp;Tek ki\u015filik gecelik :2990 TL<\/p>\n\n\n\n<p class=\"has-text-align-center\" style=\"font-size:clamp(14px, 0.875rem + ((1vw - 3.2px) * 0.531), 20px);\">\u00dc\u00e7 Ki\u015filik Oda gecelik :5390 TL<\/p>\n\n\n\n<p class=\"has-text-align-center\" style=\"font-size:clamp(14px, 0.875rem + ((1vw - 3.2px) * 0.531), 20px);\">Yukardaki fiyatlar gecelik net fiyatlar olup A\u00e7\u0131k b\u00fcfe Ak\u015fam yeme\u011fi, A\u00e7\u0131k b\u00fcfe Sabah kahvalt\u0131s\u0131\u00a0 , Ahi Restaurant&#8217;ta\u00a0\u00a0 15.30-16.30 saatleri aras\u0131nda Coffebreak, Erkek-Kad\u0131n ve karma Termal havuzlar, Kad\u0131n ve Karma Y\u00fczme havuzu, Sauna, Buhar odas\u0131, T\u00fcrk hamam\u0131, Fitness, Tuz odas\u0131 dahildir. (Kongre i\u00e7in \u00f6zel fiyatland\u0131rmad\u0131r)<\/p>\n\n\n\n<p class=\"has-text-align-center\" style=\"font-size:clamp(14px, 0.875rem + ((1vw - 3.2px) * 0.531), 20px);\">Rezervasyon i\u00e7in zeynep.ardic@armastermalresort.com<\/p>\n\n\n\n<p class=\"has-text-align-center\" style=\"font-size:clamp(14px, 0.875rem + ((1vw - 3.2px) * 0.531), 20px);\"><a href=\"https:\/\/termal.armashotels.com\">https:\/\/termal.armashotels.com<\/a><\/p>\n\n\n\n<p class=\"has-text-align-center\" style=\"font-size:clamp(14px, 0.875rem + ((1vw - 3.2px) * 0.531), 20px);\"><strong>Grand Terme Hotel<\/strong> (4 y\u0131ld\u0131zl\u0131)<\/p>\n\n\n\n<p class=\"has-text-align-center\" style=\"font-size:clamp(14px, 0.875rem + ((1vw - 3.2px) * 0.531), 20px);\">\u00c7ift ki\u015filik gecelik :2500 TL<\/p>\n\n\n\n<p class=\"has-text-align-center\" style=\"font-size:clamp(14px, 0.875rem + ((1vw - 3.2px) * 0.531), 20px);\">&nbsp;Tek ki\u015filik gecelik :1500 TL<\/p>\n\n\n\n<p class=\"has-text-align-center\" style=\"font-size:clamp(14px, 0.875rem + ((1vw - 3.2px) * 0.531), 20px);\">\u00dc\u00e7 Ki\u015filik Oda gecelik :3500 TL<\/p>\n\n\n\n<p class=\"has-text-align-center\" style=\"font-size:clamp(14px, 0.875rem + ((1vw - 3.2px) * 0.531), 20px);\">Oda ve sabah kahvalt\u0131s\u0131 dahildir. (Kongre i\u00e7in \u00f6zel fiyatland\u0131rmad\u0131r)<\/p>\n\n\n\n<p class=\"has-text-align-center\" style=\"font-size:clamp(14px, 0.875rem + ((1vw - 3.2px) * 0.531), 20px);\"><a href=\"https:\/\/www.grandtermehotel.com\">https:\/\/www.grandtermehotel.com<\/a><\/p>\n\n\n\n<p class=\"has-text-align-center\" style=\"font-size:clamp(14px, 0.875rem + ((1vw - 3.2px) * 0.531), 20px);\"><strong>K\u0131r\u015fehir \u00d6\u011fretmenevi<\/strong><\/p>\n\n\n\n<p class=\"has-text-align-center\" style=\"font-size:clamp(14px, 0.875rem + ((1vw - 3.2px) * 0.531), 20px);\"><a href=\"https:\/\/kirsehirogretmenevi.meb.k12.tr\">https:\/\/kirsehirogretmenevi.meb.k12.tr<\/a><\/p>\n\n\n\n<p class=\"has-text-align-center\" style=\"font-size:clamp(14px, 0.875rem + ((1vw - 3.2px) * 0.531), 20px);\"><strong>K\u0131r\u015fehir Polisevi<\/strong><\/p>\n\n\n\n<p class=\"has-text-align-center\" style=\"font-size:clamp(14px, 0.875rem + ((1vw - 3.2px) * 0.531), 20px);\"><a href=\"https:\/\/www.kirsehir.pol.tr\/polis-evi\">https:\/\/www.kirsehir.pol.tr\/polis-evi<\/a><\/p>\n\n\n\n<p class=\"has-text-align-center\" style=\"font-size:clamp(14px, 0.875rem + ((1vw - 3.2px) * 0.531), 20px);\"><strong>K\u0131rk\u00f6y Mesire ve Piknik Alan\u0131<\/strong> <\/p>\n\n\n\n<p class=\"has-text-align-center\" style=\"font-size:clamp(14px, 0.875rem + ((1vw - 3.2px) * 0.531), 20px);\">(buras\u0131 i\u00e7in Kongre D\u00fczenleme Kurulu ile ileti\u015fime ge\u00e7iniz)<\/p>\n\n\n\n<p class=\"has-text-align-center\" style=\"font-size:clamp(14px, 0.875rem + ((1vw - 3.2px) * 0.531), 20px);\"><a href=\"https:\/\/www.kirsehir.bel.tr\/projeler\/tamamlanmis-projeler\/mesire-ve-piknik-alani\">https:\/\/www.kirsehir.bel.tr\/projeler\/tamamlanmis-projeler\/mesire-ve-piknik-alani<\/a><\/p>\n","protected":false},"excerpt":{"rendered":"<p>Armas Termal Hotel (5 y\u0131ld\u0131zl\u0131) (Standart oda Yar\u0131m Pansiyon) &nbsp;\u00c7ift ki\u015filik gecelik :3990 TL &nbsp;Tek ki\u015filik gecelik :2990 TL \u00dc\u00e7 Ki\u015filik Oda gecelik :5390 TL Yukardaki fiyatlar gecelik net fiyatlar olup A\u00e7\u0131k b\u00fcfe Ak\u015fam yeme\u011fi, A\u00e7\u0131k b\u00fcfe Sabah kahvalt\u0131s\u0131\u00a0 , Ahi Restaurant&#8217;ta\u00a0\u00a0 15.30-16.30 saatleri aras\u0131nda Coffebreak, Erkek-Kad\u0131n ve karma Termal havuzlar, Kad\u0131n ve Karma Y\u00fczme &hellip; <\/p>\n<p class=\"link-more\"><a href=\"https:\/\/tarmakder.org.tr\/tarmek2024\/index.php\/konaklama\/\" class=\"more-link\"><span class=\"screen-reader-text\"> &#8220;Konaklama&#8221;<\/span>devam\u0131n\u0131 oku<\/a><\/p>\n","protected":false},"author":1,"featured_media":0,"parent":0,"menu_order":0,"comment_status":"closed","ping_status":"closed","template":"","meta":{"inspiro_hide_title":false,"footnotes":""},"class_list":["post-382","page","type-page","status-publish","hentry"],"_links":{"self":[{"href":"https:\/\/tarmakder.org.tr\/tarmek2024\/index.php\/wp-json\/wp\/v2\/pages\/382","targetHints":{"allow":["GET"]}}],"collection":[{"href":"https:\/\/tarmakder.org.tr\/tarmek2024\/index.php\/wp-json\/wp\/v2\/pages"}],"about":[{"href":"https:\/\/tarmakder.org.tr\/tarmek2024\/index.php\/wp-json\/wp\/v2\/types\/page"}],"author":[{"embeddable":true,"href":"https:\/\/tarmakder.org.tr\/tarmek2024\/index.php\/wp-json\/wp\/v2\/users\/1"}],"replies":[{"embeddable":true,"href":"https:\/\/tarmakder.org.tr\/tarmek2024\/index.php\/wp-json\/wp\/v2\/comments?post=382"}],"version-history":[{"count":12,"href":"https:\/\/tarmakder.org.tr\/tarmek2024\/index.php\/wp-json\/wp\/v2\/pages\/382\/revisions"}],"predecessor-version":[{"id":436,"href":"https:\/\/tarmakder.org.tr\/tarmek2024\/index.php\/wp-json\/wp\/v2\/pages\/382\/revisions\/436"}],"wp:attachment":[{"href":"https:\/\/tarmakder.org.tr\/tarmek2024\/index.php\/wp-json\/wp\/v2\/media?parent=382"}],"curies":[{"name":"wp","href":"https:\/\/api.w.org\/{rel}","templated":true}]}}