{"id":376,"date":"2024-06-08T11:44:51","date_gmt":"2024-06-08T08:44:51","guid":{"rendered":"https:\/\/tarmakder.org.tr\/tarmek2024\/?page_id=376"},"modified":"2024-08-24T21:45:34","modified_gmt":"2024-08-24T18:45:34","slug":"sponsorlar","status":"publish","type":"page","link":"https:\/\/tarmakder.org.tr\/tarmek2024\/index.php\/sponsorlar\/","title":{"rendered":"Sponsorlar\u0131m\u0131z"},"content":{"rendered":"\n<p class=\"has-text-align-left has-text-color has-link-color has-x-large-font-size wp-elements-4f8052cc6a58c814815ed8e5999c03c6\" style=\"color:#b50000fa\"><strong>ANA SPONSOR<\/strong><\/p>\n\n\n\n<figure class=\"wp-block-image size-full\"><img loading=\"lazy\" decoding=\"async\" width=\"927\" height=\"261\" src=\"https:\/\/tarmakder.org.tr\/tarmek2024\/wp-content\/uploads\/2024\/08\/MF-Memisoglu.jpg\" alt=\"\" class=\"wp-image-463\" srcset=\"https:\/\/tarmakder.org.tr\/tarmek2024\/wp-content\/uploads\/2024\/08\/MF-Memisoglu.jpg 927w, https:\/\/tarmakder.org.tr\/tarmek2024\/wp-content\/uploads\/2024\/08\/MF-Memisoglu-300x84.jpg 300w\" sizes=\"auto, (max-width: 927px) 100vw, 927px\" \/><\/figure>\n\n\n\n<p class=\"has-text-align-left\"><strong>Memi\u015fo\u011fullar\u0131 Grup, 2011 y\u0131l\u0131nda Bo\u011fazl\u0131yan \u015fubesiyle ba\u015flad\u0131\u011f\u0131 Massey Ferguson Bayili\u011fine, giderek b\u00fcy\u00fcyen a\u011f\u0131yla bug\u00fcn Yozgat, K\u0131r\u015fehir \u00a0ve Tokat (Zile) \u015fubelerinde \u00e7ift\u00e7ilerimize sat\u0131\u015f yedek par\u00e7a ve servis hizmeti sa\u011flayarak devam etmektedir. Hesap verebilirlik, b\u00fct\u00fcnl\u00fck, sayg\u0131, tak\u0131m ruhu ve \u015feffafl\u0131k de\u011ferlerini ilke edinen grup, T\u00fcrkiye Pazar Pay\u0131 \u0130kincili\u011fi, \u00a0T\u00fcrkiye Sat\u0131\u015f Adet\u00a0\u0130kincili\u011fi, T\u00fcrkiye Sat\u0131\u015f Ciro\u00a0ikincili\u011fi gibi bir\u00e7ok ba\u015far\u0131ya imza atm\u0131\u015ft\u0131r. \u00a02024 y\u0131l\u0131nda Memi\u015fo\u011fullar\u0131 Lida\u015f olarak Lisansl\u0131 Depoculuk faaliyetine ba\u015flayan grup, \u00fclkemize tar\u0131msal alanda katma de\u011fer sunma azmiyle her ge\u00e7en g\u00fcn b\u00fcy\u00fcmektedir.<\/strong><\/p>\n\n\n\n<p><\/p>\n\n\n\n<p class=\"has-text-align-left has-text-color has-link-color has-x-large-font-size wp-elements-33783aa44bcf50846cf2f373018a5fe5\" style=\"color:#de9a1b\"><strong>ALTIN SPONSOR<\/strong><\/p>\n\n\n\n<figure class=\"wp-block-image size-large is-resized\"><img loading=\"lazy\" decoding=\"async\" width=\"1024\" height=\"434\" src=\"https:\/\/tarmakder.org.tr\/tarmek2024\/wp-content\/uploads\/2024\/08\/Turkiyenin-Makinecileri-1024x434.png\" alt=\"\" class=\"wp-image-487\" style=\"width:700px;height:auto\" srcset=\"https:\/\/tarmakder.org.tr\/tarmek2024\/wp-content\/uploads\/2024\/08\/Turkiyenin-Makinecileri-1024x434.png 1024w, https:\/\/tarmakder.org.tr\/tarmek2024\/wp-content\/uploads\/2024\/08\/Turkiyenin-Makinecileri-300x127.png 300w, https:\/\/tarmakder.org.tr\/tarmek2024\/wp-content\/uploads\/2024\/08\/Turkiyenin-Makinecileri.png 1073w\" sizes=\"auto, (max-width: 1024px) 100vw, 1024px\" \/><\/figure>\n\n\n\n<p><\/p>\n\n\n\n<p class=\"has-text-color has-link-color has-x-large-font-size wp-elements-b2a72f8bc718d9ff9cdc2e748fb9bde8\" style=\"color:#446a60e3\"><strong>G\u00dcM\u00dc\u015e SPONSOR<\/strong><\/p>\n\n\n\n<figure class=\"wp-block-image size-large is-resized\"><img loading=\"lazy\" decoding=\"async\" width=\"1024\" height=\"303\" src=\"https:\/\/tarmakder.org.tr\/tarmek2024\/wp-content\/uploads\/2024\/08\/BASAK-Traktor-1-1024x303.jpg\" alt=\"\" class=\"wp-image-472\" style=\"width:608px;height:auto\" srcset=\"https:\/\/tarmakder.org.tr\/tarmek2024\/wp-content\/uploads\/2024\/08\/BASAK-Traktor-1-1024x303.jpg 1024w, https:\/\/tarmakder.org.tr\/tarmek2024\/wp-content\/uploads\/2024\/08\/BASAK-Traktor-1-300x89.jpg 300w, https:\/\/tarmakder.org.tr\/tarmek2024\/wp-content\/uploads\/2024\/08\/BASAK-Traktor-1-2000x593.jpg 2000w\" sizes=\"auto, (max-width: 1024px) 100vw, 1024px\" \/><\/figure>\n\n\n\n<p><\/p>\n\n\n\n<p class=\"has-text-color has-link-color has-x-large-font-size wp-elements-7db347d98def0fd5a68c5b828e49c0eb\" style=\"color:#9f764d\"><strong>BRONZ SPONSOR<\/strong><\/p>\n\n\n\n<figure class=\"wp-block-image size-full\"><img loading=\"lazy\" decoding=\"async\" width=\"609\" height=\"269\" src=\"https:\/\/tarmakder.org.tr\/tarmek2024\/wp-content\/uploads\/2024\/08\/Yurttaslar-grup.png\" alt=\"\" class=\"wp-image-465\" srcset=\"https:\/\/tarmakder.org.tr\/tarmek2024\/wp-content\/uploads\/2024\/08\/Yurttaslar-grup.png 609w, https:\/\/tarmakder.org.tr\/tarmek2024\/wp-content\/uploads\/2024\/08\/Yurttaslar-grup-300x133.png 300w\" sizes=\"auto, (max-width: 609px) 100vw, 609px\" \/><\/figure>\n\n\n\n<p><\/p>\n\n\n\n<p class=\"has-text-color has-link-color has-x-large-font-size wp-elements-4cfd87804fafcd4b757a013f57796880\" style=\"color:#368553\"><strong>MEDYA SPONSORU<\/strong><\/p>\n\n\n\n<figure class=\"wp-block-image size-large is-resized\"><img loading=\"lazy\" decoding=\"async\" width=\"1024\" height=\"421\" src=\"https:\/\/tarmakder.org.tr\/tarmek2024\/wp-content\/uploads\/2024\/06\/AGRO-TV-VEKTO\u0308REL-LOGO-1024x421.jpg\" alt=\"\" class=\"wp-image-400\" style=\"width:691px;height:auto\" srcset=\"https:\/\/tarmakder.org.tr\/tarmek2024\/wp-content\/uploads\/2024\/06\/AGRO-TV-VEKTO\u0308REL-LOGO-1024x421.jpg 1024w, https:\/\/tarmakder.org.tr\/tarmek2024\/wp-content\/uploads\/2024\/06\/AGRO-TV-VEKTO\u0308REL-LOGO-300x123.jpg 300w, https:\/\/tarmakder.org.tr\/tarmek2024\/wp-content\/uploads\/2024\/06\/AGRO-TV-VEKTO\u0308REL-LOGO-2000x821.jpg 2000w\" sizes=\"auto, (max-width: 1024px) 100vw, 1024px\" \/><\/figure>\n\n\n\n<p class=\"has-text-align-center has-text-color has-link-color wp-elements-87868ce26d5d3beaafa1449506d61486\" style=\"color:#cc2c1be0;font-size:clamp(26.465px, 1.654rem + ((1vw - 3.2px) * 1.64), 45px);\"><\/p>\n","protected":false},"excerpt":{"rendered":"<p>ANA SPONSOR Memi\u015fo\u011fullar\u0131 Grup, 2011 y\u0131l\u0131nda Bo\u011fazl\u0131yan \u015fubesiyle ba\u015flad\u0131\u011f\u0131 Massey Ferguson Bayili\u011fine, giderek b\u00fcy\u00fcyen a\u011f\u0131yla bug\u00fcn Yozgat, K\u0131r\u015fehir \u00a0ve Tokat (Zile) \u015fubelerinde \u00e7ift\u00e7ilerimize sat\u0131\u015f yedek par\u00e7a ve servis hizmeti sa\u011flayarak devam etmektedir. Hesap verebilirlik, b\u00fct\u00fcnl\u00fck, sayg\u0131, tak\u0131m ruhu ve \u015feffafl\u0131k de\u011ferlerini ilke edinen grup, T\u00fcrkiye Pazar Pay\u0131 \u0130kincili\u011fi, \u00a0T\u00fcrkiye Sat\u0131\u015f Adet\u00a0\u0130kincili\u011fi, T\u00fcrkiye Sat\u0131\u015f Ciro\u00a0ikincili\u011fi gibi &hellip; <\/p>\n<p class=\"link-more\"><a href=\"https:\/\/tarmakder.org.tr\/tarmek2024\/index.php\/sponsorlar\/\" class=\"more-link\"><span class=\"screen-reader-text\"> &#8220;Sponsorlar\u0131m\u0131z&#8221;<\/span>devam\u0131n\u0131 oku<\/a><\/p>\n","protected":false},"author":1,"featured_media":0,"parent":0,"menu_order":0,"comment_status":"closed","ping_status":"closed","template":"","meta":{"inspiro_hide_title":false,"footnotes":""},"class_list":["post-376","page","type-page","status-publish","hentry"],"_links":{"self":[{"href":"https:\/\/tarmakder.org.tr\/tarmek2024\/index.php\/wp-json\/wp\/v2\/pages\/376","targetHints":{"allow":["GET"]}}],"collection":[{"href":"https:\/\/tarmakder.org.tr\/tarmek2024\/index.php\/wp-json\/wp\/v2\/pages"}],"about":[{"href":"https:\/\/tarmakder.org.tr\/tarmek2024\/index.php\/wp-json\/wp\/v2\/types\/page"}],"author":[{"embeddable":true,"href":"https:\/\/tarmakder.org.tr\/tarmek2024\/index.php\/wp-json\/wp\/v2\/users\/1"}],"replies":[{"embeddable":true,"href":"https:\/\/tarmakder.org.tr\/tarmek2024\/index.php\/wp-json\/wp\/v2\/comments?post=376"}],"version-history":[{"count":10,"href":"https:\/\/tarmakder.org.tr\/tarmek2024\/index.php\/wp-json\/wp\/v2\/pages\/376\/revisions"}],"predecessor-version":[{"id":509,"href":"https:\/\/tarmakder.org.tr\/tarmek2024\/index.php\/wp-json\/wp\/v2\/pages\/376\/revisions\/509"}],"wp:attachment":[{"href":"https:\/\/tarmakder.org.tr\/tarmek2024\/index.php\/wp-json\/wp\/v2\/media?parent=376"}],"curies":[{"name":"wp","href":"https:\/\/api.w.org\/{rel}","templated":true}]}}