{"id":270,"date":"2024-06-01T11:14:55","date_gmt":"2024-06-01T08:14:55","guid":{"rendered":"https:\/\/tarmakder.org.tr\/tarmek2024\/?page_id=270"},"modified":"2024-06-01T11:19:52","modified_gmt":"2024-06-01T08:19:52","slug":"tarim-makinalari-ve-teknolojileri-proje-tasarim-yarismasi","status":"publish","type":"page","link":"https:\/\/tarmakder.org.tr\/tarmek2024\/index.php\/tarim-makinalari-ve-teknolojileri-proje-tasarim-yarismasi\/","title":{"rendered":"Tar\u0131m Makinalar\u0131 ve Teknolojileri Proje\/Tasar\u0131m Yar\u0131\u015fmas\u0131"},"content":{"rendered":"\n<p class=\"has-text-color has-link-color wp-elements-2818b6f37078b842e5a6d25cd8ae0a9f\" style=\"color:#5118c4;font-size:clamp(14px, 0.875rem + ((1vw - 3.2px) * 0.531), 20px);\"><a href=\"https:\/\/tarmakder.org.tr\/tarmaktekyarismasi\/\" data-type=\"page\" data-id=\"272\"><strong>TARMAKTEK 2024<\/strong><\/a><\/p>\n\n\n\n<figure class=\"wp-block-image size-full\"><img loading=\"lazy\" decoding=\"async\" width=\"68\" height=\"88\" src=\"https:\/\/tarmakder.org.tr\/tarmek2024\/wp-content\/uploads\/2024\/06\/Tikla-imleci-1.png\" alt=\"\" class=\"wp-image-275\"\/><\/figure>\n\n\n\n<figure class=\"wp-block-image size-large\"><img loading=\"lazy\" decoding=\"async\" width=\"1024\" height=\"1024\" src=\"https:\/\/tarmakder.org.tr\/tarmek2024\/wp-content\/uploads\/2024\/06\/TARMAKTEK2024-1024x1024.jpeg\" alt=\"\" class=\"wp-image-271\" srcset=\"https:\/\/tarmakder.org.tr\/tarmek2024\/wp-content\/uploads\/2024\/06\/TARMAKTEK2024-1024x1024.jpeg 1024w, https:\/\/tarmakder.org.tr\/tarmek2024\/wp-content\/uploads\/2024\/06\/TARMAKTEK2024-300x300.jpeg 300w, https:\/\/tarmakder.org.tr\/tarmek2024\/wp-content\/uploads\/2024\/06\/TARMAKTEK2024-150x150.jpeg 150w, https:\/\/tarmakder.org.tr\/tarmek2024\/wp-content\/uploads\/2024\/06\/TARMAKTEK2024.jpeg 1600w\" sizes=\"auto, (max-width: 1024px) 100vw, 1024px\" \/><\/figure>\n","protected":false},"excerpt":{"rendered":"<p>TARMAKTEK 2024<\/p>\n","protected":false},"author":1,"featured_media":0,"parent":0,"menu_order":0,"comment_status":"closed","ping_status":"closed","template":"","meta":{"inspiro_hide_title":false,"footnotes":""},"class_list":["post-270","page","type-page","status-publish","hentry"],"_links":{"self":[{"href":"https:\/\/tarmakder.org.tr\/tarmek2024\/index.php\/wp-json\/wp\/v2\/pages\/270","targetHints":{"allow":["GET"]}}],"collection":[{"href":"https:\/\/tarmakder.org.tr\/tarmek2024\/index.php\/wp-json\/wp\/v2\/pages"}],"about":[{"href":"https:\/\/tarmakder.org.tr\/tarmek2024\/index.php\/wp-json\/wp\/v2\/types\/page"}],"author":[{"embeddable":true,"href":"https:\/\/tarmakder.org.tr\/tarmek2024\/index.php\/wp-json\/wp\/v2\/users\/1"}],"replies":[{"embeddable":true,"href":"https:\/\/tarmakder.org.tr\/tarmek2024\/index.php\/wp-json\/wp\/v2\/comments?post=270"}],"version-history":[{"count":4,"href":"https:\/\/tarmakder.org.tr\/tarmek2024\/index.php\/wp-json\/wp\/v2\/pages\/270\/revisions"}],"predecessor-version":[{"id":282,"href":"https:\/\/tarmakder.org.tr\/tarmek2024\/index.php\/wp-json\/wp\/v2\/pages\/270\/revisions\/282"}],"wp:attachment":[{"href":"https:\/\/tarmakder.org.tr\/tarmek2024\/index.php\/wp-json\/wp\/v2\/media?parent=270"}],"curies":[{"name":"wp","href":"https:\/\/api.w.org\/{rel}","templated":true}]}}