{"id":26,"date":"2024-03-14T17:32:52","date_gmt":"2024-03-14T14:32:52","guid":{"rendered":"https:\/\/tarmakder.org.tr\/tarmek2024\/?page_id=26"},"modified":"2024-06-05T20:33:05","modified_gmt":"2024-06-05T17:33:05","slug":"contact-2","status":"publish","type":"page","link":"https:\/\/tarmakder.org.tr\/tarmek2024\/index.php\/contact-2\/","title":{"rendered":"\u0130leti\u015fim"},"content":{"rendered":"\n<div class=\"wp-block-group has-global-padding is-layout-constrained wp-block-group-is-layout-constrained\">\n<div class=\"wp-block-columns are-vertically-aligned-top is-layout-flex wp-container-core-columns-is-layout-d7d455e7 wp-block-columns-is-layout-flex\" style=\"padding-top:0;padding-right:0;padding-bottom:0;padding-left:0\">\n<div class=\"wp-block-column is-vertically-aligned-top is-layout-flow wp-block-column-is-layout-flow\" style=\"padding-right:7%;flex-basis:50%\">\n<p class=\"has-secondary-color has-text-color\" style=\"font-size:clamp(14px, 0.875rem + ((1vw - 3.2px) * 0.531), 20px);\"><strong>35. ULUSAL TARIMSAL MEKAN\u0130ZASYON VE ENERJ\u0130 KONGRES\u0130<\/strong> <\/p>\n\n\n\n<p class=\"has-primary-color has-text-color\" style=\"font-size:clamp(14px, 0.875rem + ((1vw - 3.2px) * 0.531), 20px);\">Kongre \u0130le \u0130lgili Olarak Merak Etti\u011finiz Her Konuda <strong>info@iksadkongre.org<\/strong>  ve <strong>tarmek2024@ahievran.edu.tr <\/strong>Mail Adreslerine Yazarak Soru Sorabilirsiniz<\/p>\n<\/div>\n\n\n\n<div class=\"wp-block-column is-vertically-aligned-top is-layout-flow wp-block-column-is-layout-flow\" style=\"flex-basis:50%\"><\/div>\n<\/div>\n<\/div>\n\n\n\n<div class=\"wp-block-group alignfull has-global-padding is-layout-constrained wp-container-core-group-is-layout-19e250f3 wp-block-group-is-layout-constrained\">\n<div class=\"wp-block-columns alignfull are-vertically-aligned-center has-light-background-background-color has-background is-layout-flex wp-container-core-columns-is-layout-dd282781 wp-block-columns-is-layout-flex\" style=\"padding-top:0;padding-right:0;padding-bottom:0;padding-left:0\">\n<div class=\"wp-block-column is-vertically-aligned-center map-grayscale is-layout-flow wp-block-column-is-layout-flow\" style=\"flex-basis:50%\">\n<figure class=\"wp-block-image size-large\"><img loading=\"lazy\" decoding=\"async\" width=\"1024\" height=\"576\" src=\"https:\/\/tarmakder.org.tr\/tarmek2024\/wp-content\/uploads\/2024\/03\/Ahi-Evran-Universitesi-1024x576.webp\" alt=\"\" class=\"wp-image-133\" srcset=\"https:\/\/tarmakder.org.tr\/tarmek2024\/wp-content\/uploads\/2024\/03\/Ahi-Evran-Universitesi-1024x576.webp 1024w, https:\/\/tarmakder.org.tr\/tarmek2024\/wp-content\/uploads\/2024\/03\/Ahi-Evran-Universitesi-300x169.webp 300w, https:\/\/tarmakder.org.tr\/tarmek2024\/wp-content\/uploads\/2024\/03\/Ahi-Evran-Universitesi.webp 1280w\" sizes=\"auto, (max-width: 1024px) 100vw, 1024px\" \/><\/figure>\n<\/div>\n\n\n\n<div class=\"wp-block-column is-vertically-aligned-center is-layout-flow wp-block-column-is-layout-flow\" style=\"padding-top:var(--wp--preset--spacing--small);padding-right:var(--wp--preset--spacing--small);padding-bottom:var(--wp--preset--spacing--small);padding-left:2%;flex-basis:50%\">\n<h3 class=\"wp-block-heading has-large-font-size\">Adres<\/h3>\n\n\n\n<p style=\"font-size:clamp(14px, 0.875rem + ((1vw - 3.2px) * 0.531), 20px);\">Ba\u011fba\u015f\u0131, \u015eht. Sahir Kurutluo\u011flu Cd. No: 100, 40100 K\u0131r\u015fehir Merkez\/K\u0131r\u015fehir<\/p>\n\n\n\n<p style=\"font-size:clamp(14px, 0.875rem + ((1vw - 3.2px) * 0.531), 20px);\">Mail Adress: info@iksadkongre.org<\/p>\n\n\n\n<p style=\"font-size:clamp(14px, 0.875rem + ((1vw - 3.2px) * 0.531), 20px);\">Telefon: +902166063275, +905516217076, +905056952184 <\/p>\n\n\n\n<p><\/p>\n<\/div>\n<\/div>\n<\/div>\n","protected":false},"excerpt":{"rendered":"<p>35. ULUSAL TARIMSAL MEKAN\u0130ZASYON VE ENERJ\u0130 KONGRES\u0130 Kongre \u0130le \u0130lgili Olarak Merak Etti\u011finiz Her Konuda info@iksadkongre.org ve tarmek2024@ahievran.edu.tr Mail Adreslerine Yazarak Soru Sorabilirsiniz Adres Ba\u011fba\u015f\u0131, \u015eht. Sahir Kurutluo\u011flu Cd. No: 100, 40100 K\u0131r\u015fehir Merkez\/K\u0131r\u015fehir Mail Adress: info@iksadkongre.org Telefon: +902166063275, +905516217076, +905056952184<\/p>\n","protected":false},"author":5,"featured_media":23,"parent":0,"menu_order":0,"comment_status":"closed","ping_status":"closed","template":"","meta":{"inspiro_hide_title":false,"footnotes":""},"class_list":["post-26","page","type-page","status-publish","has-post-thumbnail","hentry"],"_links":{"self":[{"href":"https:\/\/tarmakder.org.tr\/tarmek2024\/index.php\/wp-json\/wp\/v2\/pages\/26","targetHints":{"allow":["GET"]}}],"collection":[{"href":"https:\/\/tarmakder.org.tr\/tarmek2024\/index.php\/wp-json\/wp\/v2\/pages"}],"about":[{"href":"https:\/\/tarmakder.org.tr\/tarmek2024\/index.php\/wp-json\/wp\/v2\/types\/page"}],"author":[{"embeddable":true,"href":"https:\/\/tarmakder.org.tr\/tarmek2024\/index.php\/wp-json\/wp\/v2\/users\/5"}],"replies":[{"embeddable":true,"href":"https:\/\/tarmakder.org.tr\/tarmek2024\/index.php\/wp-json\/wp\/v2\/comments?post=26"}],"version-history":[{"count":7,"href":"https:\/\/tarmakder.org.tr\/tarmek2024\/index.php\/wp-json\/wp\/v2\/pages\/26\/revisions"}],"predecessor-version":[{"id":299,"href":"https:\/\/tarmakder.org.tr\/tarmek2024\/index.php\/wp-json\/wp\/v2\/pages\/26\/revisions\/299"}],"wp:featuredmedia":[{"embeddable":true,"href":"https:\/\/tarmakder.org.tr\/tarmek2024\/index.php\/wp-json\/wp\/v2\/media\/23"}],"wp:attachment":[{"href":"https:\/\/tarmakder.org.tr\/tarmek2024\/index.php\/wp-json\/wp\/v2\/media?parent=26"}],"curies":[{"name":"wp","href":"https:\/\/api.w.org\/{rel}","templated":true}]}}