{"id":243,"date":"2024-06-01T08:03:27","date_gmt":"2024-06-01T05:03:27","guid":{"rendered":"https:\/\/tarmakder.org.tr\/tarmek2024\/?page_id=243"},"modified":"2025-08-23T09:01:04","modified_gmt":"2025-08-23T06:01:04","slug":"panel-oturumlari","status":"publish","type":"page","link":"https:\/\/tarmakder.org.tr\/tarmek2024\/index.php\/panel-oturumlari\/","title":{"rendered":"Panel Oturumlar\u0131"},"content":{"rendered":"\n<p class=\"has-text-align-left has-background-color has-text-color has-background has-link-color has-medium-font-size wp-elements-8e2a898fc17e4c1dc70e44e4bb4aaf11\" style=\"background:radial-gradient(rgba(6,147,227,1) 0%,rgb(155,81,224) 100%)\"><strong>TARMAKDER OTURUMU<\/strong> <strong>                                                                                                                                     04 Eyl\u00fcl 2024         <\/strong><\/p>\n\n\n\n<p class=\"has-text-align-left has-primary-color has-background-background-color has-text-color has-background has-link-color has-medium-font-size wp-elements-811285744ecbd05a005ca434c35b4ccc\"><strong> Tar\u0131m Makinalar\u0131nda \u0130novasyon ve Giri\u015fimcilik  <\/strong><\/p>\n\n\n\n<p style=\"font-size:clamp(14px, 0.875rem + ((1vw - 3.2px) * 0.531), 20px);\"><strong>Moderat\u00f6r : <\/strong><\/p>\n\n\n\n<p style=\"font-size:clamp(14px, 0.875rem + ((1vw - 3.2px) * 0.531), 20px);\">Zeliha Bereket BARUT \u00c7ukurova \u00dcniversitesi<\/p>\n\n\n\n<p class=\"has-medium-font-size\"><strong>Konu\u015fmac\u0131lar :<\/strong><\/p>\n\n\n\n<p class=\"has-medium-font-size\">Prof. Dr. Cengiz AKDEN\u0130Z               Ege \u00dcniversitesi<\/p>\n\n\n\n<p class=\"has-medium-font-size\">Prof. .Dr. Arda AYDIN \u00c7anakkale Onsekiz Mart \u00dcniversitesi<\/p>\n\n\n\n<p class=\"has-medium-font-size\">Do\u00e7. .Dr. Osman \u00d6ZBEK Sel\u00e7uk \u00dcniversitesi<\/p>\n\n\n\n<figure class=\"wp-block-image size-full\"><img loading=\"lazy\" decoding=\"async\" width=\"983\" height=\"989\" src=\"https:\/\/tarmakder.org.tr\/tarmek2024\/wp-content\/uploads\/2024\/08\/1000093661.jpg\" alt=\"\" class=\"wp-image-481\" srcset=\"https:\/\/tarmakder.org.tr\/tarmek2024\/wp-content\/uploads\/2024\/08\/1000093661.jpg 983w, https:\/\/tarmakder.org.tr\/tarmek2024\/wp-content\/uploads\/2024\/08\/1000093661-298x300.jpg 298w, https:\/\/tarmakder.org.tr\/tarmek2024\/wp-content\/uploads\/2024\/08\/1000093661-150x150.jpg 150w\" sizes=\"auto, (max-width: 983px) 100vw, 983px\" \/><\/figure>\n\n\n\n<p class=\"has-text-align-left has-background-color has-text-color has-background has-link-color has-medium-font-size wp-elements-dd3339c33f9be2f24c0a51e461282a14\" style=\"background:radial-gradient(rgba(6,147,227,1) 0%,rgb(155,81,224) 100%)\"><strong>TARMAKB\u0130R OTURUMU<\/strong> <strong>                                                                                                                                   <strong>04 Eyl\u00fcl 2024<\/strong>       <\/strong><\/p>\n\n\n\n<p class=\"has-text-align-left\" style=\"font-size:clamp(14px, 0.875rem + ((1vw - 3.2px) * 0.531), 20px);\"><strong>Ye\u015fil ve Teknolojik D\u00f6n\u00fc\u015f\u00fcm&#8221; oda\u011f\u0131nda \u00dcniversite &#8211; Sanayi \u0130\u015f Birli\u011finde Kar\u015f\u0131la\u015f\u0131lan Sorunlar &amp; Taraflar\u0131n Birbirinden Beklentileri<\/strong><\/p>\n\n\n\n<p style=\"font-size:clamp(14px, 0.875rem + ((1vw - 3.2px) * 0.531), 20px);\"><strong>Moderat\u00f6r : <\/strong><\/p>\n\n\n\n<p style=\"font-size:clamp(14px, 0.875rem + ((1vw - 3.2px) * 0.531), 20px);\">M. Selami \u0130LER\u0130 (TARMAKB\u0130R- Genel Sekreteri)<\/p>\n\n\n\n<p class=\"has-medium-font-size\"><strong>Konu\u015fmac\u0131lar :<\/strong><\/p>\n\n\n\n<p class=\"has-medium-font-size\">Ferhat \u00d6NAL (\u00d6ntar Tar\u0131m Mak. &#8211; Genel M\u00fcd\u00fcr)<\/p>\n\n\n\n<p class=\"has-medium-font-size\">Serdar D\u0130KBA\u015e (Antonio Carraro A. &#8211; Sat\u0131\u015f Direkt\u00f6r\u00fc)<\/p>\n\n\n\n<p class=\"has-medium-font-size\">\u00d6mer Faruk KO\u00c7 (Move On &#8211; Kurucu &amp; CEO)<\/p>\n\n\n\n<p style=\"font-size:clamp(14px, 0.875rem + ((1vw - 3.2px) * 0.531), 20px);\">Prof. Dr. Deniz YILMAZ (Isparta Uyg. Bil. \u00dcnv. &#8211; Dekan)<\/p>\n\n\n\n<figure class=\"wp-block-gallery has-nested-images columns-default is-cropped wp-block-gallery-1 is-layout-flex wp-block-gallery-is-layout-flex\">\n<figure class=\"wp-block-image size-large\"><img loading=\"lazy\" decoding=\"async\" width=\"1024\" height=\"1024\" data-id=\"443\" src=\"https:\/\/tarmakder.org.tr\/tarmek2024\/wp-content\/uploads\/2024\/07\/WhatsApp-Image-2024-07-11-at-09.42.09-1024x1024.jpeg\" alt=\"\" class=\"wp-image-443\" srcset=\"https:\/\/tarmakder.org.tr\/tarmek2024\/wp-content\/uploads\/2024\/07\/WhatsApp-Image-2024-07-11-at-09.42.09-1024x1024.jpeg 1024w, https:\/\/tarmakder.org.tr\/tarmek2024\/wp-content\/uploads\/2024\/07\/WhatsApp-Image-2024-07-11-at-09.42.09-300x300.jpeg 300w, https:\/\/tarmakder.org.tr\/tarmek2024\/wp-content\/uploads\/2024\/07\/WhatsApp-Image-2024-07-11-at-09.42.09-150x150.jpeg 150w, https:\/\/tarmakder.org.tr\/tarmek2024\/wp-content\/uploads\/2024\/07\/WhatsApp-Image-2024-07-11-at-09.42.09.jpeg 1080w\" sizes=\"auto, (max-width: 1024px) 100vw, 1024px\" \/><\/figure>\n<\/figure>\n\n\n\n<p class=\"has-text-align-left has-background-color has-text-color has-background has-link-color has-medium-font-size wp-elements-c90986dd4d6cd8d47309118299c7a238\" style=\"background:radial-gradient(rgba(6,147,227,1) 0%,rgb(155,81,224) 100%)\"><strong>  KONGRE \u00d6ZEL OTURUMU                                                                                                                               <strong>04 Eyl\u00fcl 2024<\/strong><\/strong><\/p>\n\n\n\n<p style=\"font-size:clamp(14px, 0.875rem + ((1vw - 3.2px) * 0.531), 20px);\">Tar\u0131msal Mekanizasyonun Duayenleriyle Bulu\u015fma<\/p>\n\n\n\n<p style=\"font-size:clamp(14px, 0.875rem + ((1vw - 3.2px) * 0.531), 20px);\">Moderat\u00f6r:<\/p>\n\n\n\n<p style=\"font-size:clamp(14px, 0.875rem + ((1vw - 3.2px) * 0.531), 20px);\">Prof. Dr. Ediz ULUSOY Ege \u00dcniversitesi<\/p>\n\n\n\n<p style=\"font-size:clamp(14px, 0.875rem + ((1vw - 3.2px) * 0.531), 20px);\"><strong>Konu\u015fmac\u0131lar :<\/strong><\/p>\n\n\n\n<p style=\"font-size:clamp(14px, 0.875rem + ((1vw - 3.2px) * 0.531), 20px);\">Prof. Dr. Aziz \u00d6ZMERZ\u0130 Akdeniz \u00dcniversitesi<\/p>\n\n\n\n<p style=\"font-size:clamp(14px, 0.875rem + ((1vw - 3.2px) * 0.531), 20px);\">Prof. Dr. Yusuf ZEREN \u00c7ukurova \u00dcniversitesi<\/p>\n\n\n\n<p style=\"font-size:clamp(14px, 0.875rem + ((1vw - 3.2px) * 0.531), 20px);\">Prof. Dr. H. \u00dcnal EVC\u0130M Ege \u00dcniversitesi<\/p>\n\n\n\n<figure class=\"wp-block-image size-large\"><img loading=\"lazy\" decoding=\"async\" width=\"1024\" height=\"1024\" src=\"https:\/\/tarmakder.org.tr\/tarmek2024\/wp-content\/uploads\/2024\/07\/TARMAKBIR-Panel-1024x1024.jpeg\" alt=\"\" class=\"wp-image-450\" srcset=\"https:\/\/tarmakder.org.tr\/tarmek2024\/wp-content\/uploads\/2024\/07\/TARMAKBIR-Panel-1024x1024.jpeg 1024w, https:\/\/tarmakder.org.tr\/tarmek2024\/wp-content\/uploads\/2024\/07\/TARMAKBIR-Panel-300x300.jpeg 300w, https:\/\/tarmakder.org.tr\/tarmek2024\/wp-content\/uploads\/2024\/07\/TARMAKBIR-Panel-150x150.jpeg 150w, https:\/\/tarmakder.org.tr\/tarmek2024\/wp-content\/uploads\/2024\/07\/TARMAKBIR-Panel.jpeg 1080w\" sizes=\"auto, (max-width: 1024px) 100vw, 1024px\" \/><\/figure>\n","protected":false},"excerpt":{"rendered":"<p>TARMAKDER OTURUMU 04 Eyl\u00fcl 2024 Tar\u0131m Makinalar\u0131nda \u0130novasyon ve Giri\u015fimcilik Moderat\u00f6r : Zeliha Bereket BARUT \u00c7ukurova \u00dcniversitesi Konu\u015fmac\u0131lar : Prof. Dr. Cengiz AKDEN\u0130Z Ege \u00dcniversitesi Prof. .Dr. Arda AYDIN \u00c7anakkale Onsekiz Mart \u00dcniversitesi Do\u00e7. .Dr. Osman \u00d6ZBEK Sel\u00e7uk \u00dcniversitesi TARMAKB\u0130R OTURUMU 04 Eyl\u00fcl 2024 Ye\u015fil ve Teknolojik D\u00f6n\u00fc\u015f\u00fcm&#8221; oda\u011f\u0131nda \u00dcniversite &#8211; Sanayi \u0130\u015f Birli\u011finde Kar\u015f\u0131la\u015f\u0131lan &hellip; <\/p>\n<p class=\"link-more\"><a href=\"https:\/\/tarmakder.org.tr\/tarmek2024\/index.php\/panel-oturumlari\/\" class=\"more-link\"><span class=\"screen-reader-text\"> &#8220;Panel Oturumlar\u0131&#8221;<\/span>devam\u0131n\u0131 oku<\/a><\/p>\n","protected":false},"author":1,"featured_media":0,"parent":0,"menu_order":0,"comment_status":"closed","ping_status":"closed","template":"","meta":{"inspiro_hide_title":false,"footnotes":""},"class_list":["post-243","page","type-page","status-publish","hentry"],"_links":{"self":[{"href":"https:\/\/tarmakder.org.tr\/tarmek2024\/index.php\/wp-json\/wp\/v2\/pages\/243","targetHints":{"allow":["GET"]}}],"collection":[{"href":"https:\/\/tarmakder.org.tr\/tarmek2024\/index.php\/wp-json\/wp\/v2\/pages"}],"about":[{"href":"https:\/\/tarmakder.org.tr\/tarmek2024\/index.php\/wp-json\/wp\/v2\/types\/page"}],"author":[{"embeddable":true,"href":"https:\/\/tarmakder.org.tr\/tarmek2024\/index.php\/wp-json\/wp\/v2\/users\/1"}],"replies":[{"embeddable":true,"href":"https:\/\/tarmakder.org.tr\/tarmek2024\/index.php\/wp-json\/wp\/v2\/comments?post=243"}],"version-history":[{"count":19,"href":"https:\/\/tarmakder.org.tr\/tarmek2024\/index.php\/wp-json\/wp\/v2\/pages\/243\/revisions"}],"predecessor-version":[{"id":514,"href":"https:\/\/tarmakder.org.tr\/tarmek2024\/index.php\/wp-json\/wp\/v2\/pages\/243\/revisions\/514"}],"wp:attachment":[{"href":"https:\/\/tarmakder.org.tr\/tarmek2024\/index.php\/wp-json\/wp\/v2\/media?parent=243"}],"curies":[{"name":"wp","href":"https:\/\/api.w.org\/{rel}","templated":true}]}}