{"id":24,"date":"2024-03-14T17:32:52","date_gmt":"2024-03-14T14:32:52","guid":{"rendered":"https:\/\/tarmakder.org.tr\/tarmek2024\/?page_id=24"},"modified":"2024-08-24T21:44:23","modified_gmt":"2024-08-24T18:44:23","slug":"homepage","status":"publish","type":"page","link":"https:\/\/tarmakder.org.tr\/tarmek2024\/","title":{"rendered":"Homepage"},"content":{"rendered":"\n<div class=\"wp-block-cover alignfull is-light\" style=\"min-height:100vh;aspect-ratio:unset;\"><span aria-hidden=\"true\" class=\"wp-block-cover__background has-background-dim-20 has-background-dim\" style=\"background-color:#FFF\"><\/span><video class=\"wp-block-cover__video-background intrinsic-ignore\" autoplay muted loop playsinline src=\"https:\/\/tarmakder.org.tr\/tarmek2024\/wp-content\/uploads\/2024\/04\/84624-585553977_tiny.mp4\" data-object-fit=\"cover\"><\/video><div class=\"wp-block-cover__inner-container has-global-padding is-layout-constrained wp-block-cover-is-layout-constrained\">\n<p class=\"has-text-align-center has-white-color has-text-color\" style=\"font-size:clamp(37.821px, 2.364rem + ((1vw - 3.2px) * 2.848), 70px);font-style:normal;font-weight:800;line-height:1.2\"><strong><mark style=\"background-color:rgba(0, 0, 0, 0)\" class=\"has-inline-color has-primary-color\">35. ULUSAL TARIMSAL MEKAN\u0130ZASYON VE ENERJ\u0130 KONGRES\u0130<\/mark><\/strong><\/p>\n\n\n\n<p class=\"has-text-align-center has-white-color has-text-color has-large-font-size\" style=\"line-height:0.6\"><mark style=\"background-color:rgba(0, 0, 0, 0)\" class=\"has-inline-color has-primary-color\"><strong>04-06 Eyl\u00fcl 2024<\/strong><\/mark><\/p>\n\n\n\n<p class=\"has-text-align-center has-white-color has-text-color has-medium-font-size\" style=\"line-height:0.6\"><mark style=\"background-color:rgba(0, 0, 0, 0)\" class=\"has-inline-color has-primary-color\"><strong>K\u0131r\u015fehir Ahi Evran \u00dcniversitesi<\/strong><\/mark><\/p>\n\n\n\n<div style=\"height:55px\" aria-hidden=\"true\" class=\"wp-block-spacer\"><\/div>\n\n\n\n<div class=\"wp-block-buttons is-content-justification-center is-layout-flex wp-container-core-buttons-is-layout-a89b3969 wp-block-buttons-is-layout-flex\">\n<div class=\"wp-block-button\"><a class=\"wp-block-button__link wp-element-button\" href=\"https:\/\/tarmakder.org.tr\/tarmek2024\/index.php\/program\/\">PROGRAM<\/a><\/div>\n<\/div>\n<\/div><\/div>\n\n\n\n<div class=\"wp-block-group has-global-padding is-layout-constrained wp-block-group-is-layout-constrained\">\n<div style=\"height:57px\" aria-hidden=\"true\" class=\"wp-block-spacer\"><\/div>\n\n\n\n<h2 class=\"wp-block-heading has-text-align-center has-medium-font-size\" style=\"letter-spacing:1px\">Sayg\u0131de\u011fer Akademisyenler ve Sekt\u00f6r Payda\u015flar\u0131,<\/h2>\n\n\n\n<p class=\"has-text-align-center\">B\u00fcy\u00fck bir heyecan ve co\u015fkuyla duyuruyoruz ki, <strong>35. Tar\u0131msal Mekanizasyon ve Enerji Kongresi<\/strong>\u2019nin <strong>04-06 Eyl\u00fcl 2024<\/strong> tarihlerinde <strong>K\u0131r\u015fehir Ahi Evran \u00dcniversitesi, Ziraat Fak\u00fcltesi, Biyosistem M\u00fchendisli\u011fi B\u00f6l\u00fcm\u00fc<\/strong> ev sahipli\u011finde y\u00fcz y\u00fcze ger\u00e7ekle\u015fecektir.<\/p>\n\n\n\n<p class=\"has-text-align-center\">Siz de\u011ferli akademisyenlerimizin ve sekt\u00f6r profesyonellerinin katk\u0131lar\u0131 ile Tar\u0131m Makineleri camias\u0131n\u0131n \u00f6nemli isimlerini bir araya getirecek olan bu etkinli\u011fe kat\u0131l\u0131mlar\u0131n\u0131z\u0131 bekliyoruz.<\/p>\n\n\n\n<p class=\"has-text-align-center\"><strong>TARMAKDER<\/strong> ve <strong>TARMAKB\u0130R<\/strong>\u2019 in i\u015f birli\u011fi ile ger\u00e7ekle\u015fecek olan kongremiz, \u00fclkemiz tar\u0131m\u0131n\u0131n gelece\u011fine dair tar\u0131msal mekanizasyon ve enerji konulu \u00f6nemli bilgi ve deneyimlerin payla\u015f\u0131mlar\u0131na ev sahipli\u011fi yapacakt\u0131r. Sizlerin bu de\u011ferli etkinlikte bulunman\u0131z, kongremizi daha da zenginle\u015ftirecek ve sekt\u00f6re \u00f6nemli katk\u0131larda bulunacakt\u0131r.<\/p>\n\n\n\n<p class=\"has-text-align-center\">Kongremiz web sayfas\u0131, detayl\u0131 bilgilerle yak\u0131nda g\u00fcncellenecektir.<\/p>\n\n\n\n<p class=\"has-text-align-center\">Duyurumuzun t\u00fcm ilgili payda\u015flar\u0131m\u0131za ula\u015fmas\u0131 i\u00e7in deste\u011finizi bekliyor, sizlere en i\u00e7ten sayg\u0131lar\u0131m\u0131z\u0131 sunuyoruz.<\/p>\n\n\n\n<p class=\"has-text-align-center\">K\u0131r\u015fehir\u2019de g\u00f6r\u00fc\u015fmek dile\u011fiyle.<\/p>\n\n\n\n<p><\/p>\n\n\n\n<p class=\"has-text-align-center\"><strong>Dr. \u00d6\u011fr. \u00dcyesi G\u00fclden \u00d6ZG\u00dcNALTAY ERTU\u011eRUL<\/strong><br><strong>Kongre D\u00fczenleme Kurulu Ba\u015fkan\u0131<\/strong><br>K\u0131r\u015fehir Ahi Evran \u00dcniversitesi, Ziraat Fak\u00fcltesi,<br>Biyosistem M\u00fchendisli\u011fi B\u00f6l\u00fcm\u00fc, Tar\u0131msal Makine Sistemleri Anabilim Dal\u0131 Ba\u015fkan\u0131<\/p>\n\n\n\n<div style=\"height:57px\" aria-hidden=\"true\" class=\"wp-block-spacer\"><\/div>\n<\/div>\n\n\n\n<div class=\"wp-block-cover alignfull is-light is-position-center-center\" style=\"border-radius:0px;min-height:805px;aspect-ratio:unset;\"><span aria-hidden=\"true\" class=\"wp-block-cover__background has-black-background-color has-background-dim-40 has-background-dim\"><\/span><video class=\"wp-block-cover__video-background intrinsic-ignore\" autoplay muted loop playsinline src=\"https:\/\/tarmakder.org.tr\/tarmek2024\/wp-content\/uploads\/2024\/08\/WhatsApp-Video-2024-08-24-at-19.22.17.mp4\" data-object-fit=\"cover\"><\/video><div class=\"wp-block-cover__inner-container is-layout-flow wp-block-cover-is-layout-flow\">\n<p class=\"has-text-align-center has-large-font-size\"><\/p>\n<\/div><\/div>\n\n\n\n<p class=\"has-text-align-center has-medium-font-size\"><\/p>\n\n\n\n<p><\/p>\n\n\n\n<h2 class=\"wp-block-heading has-text-align-center\">\u0130\u015eB\u0130RL\u0130\u011e\u0130 \u0130\u00c7\u0130NDEK\u0130 KURULU\u015eLARIMIZ<\/h2>\n\n\n\n<div class=\"wp-block-group has-global-padding is-layout-constrained wp-block-group-is-layout-constrained\">\n<div class=\"wp-block-columns is-layout-flex wp-container-core-columns-is-layout-28f84493 wp-block-columns-is-layout-flex\">\n<div class=\"wp-block-column is-layout-flow wp-block-column-is-layout-flow\">\n<figure class=\"wp-block-image aligncenter size-full is-resized\"><img loading=\"lazy\" decoding=\"async\" width=\"300\" height=\"300\" src=\"https:\/\/tarmakder.org.tr\/tarmek2024\/wp-content\/uploads\/2024\/03\/tarmakder-1.png\" alt=\"\" class=\"wp-image-156\" style=\"width:156px;height:auto\" srcset=\"https:\/\/tarmakder.org.tr\/tarmek2024\/wp-content\/uploads\/2024\/03\/tarmakder-1.png 300w, https:\/\/tarmakder.org.tr\/tarmek2024\/wp-content\/uploads\/2024\/03\/tarmakder-1-150x150.png 150w\" sizes=\"auto, (max-width: 300px) 100vw, 300px\" \/><\/figure>\n<\/div>\n\n\n\n<div class=\"wp-block-column is-vertically-aligned-center is-layout-flow wp-block-column-is-layout-flow\">\n<figure class=\"wp-block-image aligncenter size-full is-resized\"><img loading=\"lazy\" decoding=\"async\" width=\"306\" height=\"85\" src=\"https:\/\/tarmakder.org.tr\/tarmek2024\/wp-content\/uploads\/2024\/03\/TARMAKBIR-1.png\" alt=\"\" class=\"wp-image-165\" style=\"width:296px;height:auto\" srcset=\"https:\/\/tarmakder.org.tr\/tarmek2024\/wp-content\/uploads\/2024\/03\/TARMAKBIR-1.png 306w, https:\/\/tarmakder.org.tr\/tarmek2024\/wp-content\/uploads\/2024\/03\/TARMAKBIR-1-300x83.png 300w\" sizes=\"auto, (max-width: 306px) 100vw, 306px\" \/><\/figure>\n<\/div>\n<\/div>\n<\/div>\n\n\n\n<h2 class=\"wp-block-heading has-text-align-center\">DESTEKLEY\u0130C\u0130 KURULU\u015eLARIMIZ<\/h2>\n\n\n\n<div class=\"wp-block-columns is-layout-flex wp-container-core-columns-is-layout-28f84493 wp-block-columns-is-layout-flex\">\n<div class=\"wp-block-column is-layout-flow wp-block-column-is-layout-flow\">\n<figure class=\"wp-block-image aligncenter size-full is-resized\"><img loading=\"lazy\" decoding=\"async\" width=\"1200\" height=\"1200\" src=\"https:\/\/tarmakder.org.tr\/tarmek2024\/wp-content\/uploads\/2024\/03\/Tarim_ve_Orman_Bakanligi_logo.svg_.png\" alt=\"\" class=\"wp-image-166\" style=\"width:126px;height:auto\" srcset=\"https:\/\/tarmakder.org.tr\/tarmek2024\/wp-content\/uploads\/2024\/03\/Tarim_ve_Orman_Bakanligi_logo.svg_.png 1200w, https:\/\/tarmakder.org.tr\/tarmek2024\/wp-content\/uploads\/2024\/03\/Tarim_ve_Orman_Bakanligi_logo.svg_-300x300.png 300w, https:\/\/tarmakder.org.tr\/tarmek2024\/wp-content\/uploads\/2024\/03\/Tarim_ve_Orman_Bakanligi_logo.svg_-1024x1024.png 1024w, https:\/\/tarmakder.org.tr\/tarmek2024\/wp-content\/uploads\/2024\/03\/Tarim_ve_Orman_Bakanligi_logo.svg_-150x150.png 150w\" sizes=\"auto, (max-width: 1200px) 100vw, 1200px\" \/><\/figure>\n<\/div>\n\n\n\n<div class=\"wp-block-column is-layout-flow wp-block-column-is-layout-flow\">\n<figure class=\"wp-block-image aligncenter size-large is-resized\"><img loading=\"lazy\" decoding=\"async\" width=\"1024\" height=\"1024\" src=\"https:\/\/tarmakder.org.tr\/tarmek2024\/wp-content\/uploads\/2024\/03\/Kirsehir_Ahi_Evran_University_logo.svg_-1024x1024.png\" alt=\"\" class=\"wp-image-152\" style=\"width:125px;height:auto\" srcset=\"https:\/\/tarmakder.org.tr\/tarmek2024\/wp-content\/uploads\/2024\/03\/Kirsehir_Ahi_Evran_University_logo.svg_-1024x1024.png 1024w, https:\/\/tarmakder.org.tr\/tarmek2024\/wp-content\/uploads\/2024\/03\/Kirsehir_Ahi_Evran_University_logo.svg_-300x300.png 300w, https:\/\/tarmakder.org.tr\/tarmek2024\/wp-content\/uploads\/2024\/03\/Kirsehir_Ahi_Evran_University_logo.svg_-150x150.png 150w, https:\/\/tarmakder.org.tr\/tarmek2024\/wp-content\/uploads\/2024\/03\/Kirsehir_Ahi_Evran_University_logo.svg_.png 1200w\" sizes=\"auto, (max-width: 1024px) 100vw, 1024px\" \/><\/figure>\n<\/div>\n\n\n\n<div class=\"wp-block-column is-layout-flow wp-block-column-is-layout-flow\">\n<figure class=\"wp-block-image aligncenter size-large is-resized\"><img loading=\"lazy\" decoding=\"async\" width=\"1024\" height=\"1024\" src=\"https:\/\/tarmakder.org.tr\/tarmek2024\/wp-content\/uploads\/2024\/03\/ziraat_logo-1-1024x1024.png\" alt=\"\" class=\"wp-image-154\" style=\"width:133px;height:auto\" srcset=\"https:\/\/tarmakder.org.tr\/tarmek2024\/wp-content\/uploads\/2024\/03\/ziraat_logo-1-1024x1024.png 1024w, https:\/\/tarmakder.org.tr\/tarmek2024\/wp-content\/uploads\/2024\/03\/ziraat_logo-1-300x300.png 300w, https:\/\/tarmakder.org.tr\/tarmek2024\/wp-content\/uploads\/2024\/03\/ziraat_logo-1-150x150.png 150w, https:\/\/tarmakder.org.tr\/tarmek2024\/wp-content\/uploads\/2024\/03\/ziraat_logo-1-2000x2000.png 2000w\" sizes=\"auto, (max-width: 1024px) 100vw, 1024px\" \/><\/figure>\n<\/div>\n<\/div>\n\n\n\n<div class=\"wp-block-columns is-layout-flex wp-container-core-columns-is-layout-28f84493 wp-block-columns-is-layout-flex\">\n<div class=\"wp-block-column is-vertically-aligned-stretch is-layout-flow wp-block-column-is-layout-flow\">\n<figure class=\"wp-block-image aligncenter size-full is-resized\"><img loading=\"lazy\" decoding=\"async\" width=\"512\" height=\"208\" src=\"https:\/\/tarmakder.org.tr\/tarmek2024\/wp-content\/uploads\/2024\/03\/tagem-1.png\" alt=\"\" class=\"wp-image-160\" style=\"width:258px;height:auto\" srcset=\"https:\/\/tarmakder.org.tr\/tarmek2024\/wp-content\/uploads\/2024\/03\/tagem-1.png 512w, https:\/\/tarmakder.org.tr\/tarmek2024\/wp-content\/uploads\/2024\/03\/tagem-1-300x122.png 300w\" sizes=\"auto, (max-width: 512px) 100vw, 512px\" \/><\/figure>\n<\/div>\n\n\n\n<div class=\"wp-block-column is-vertically-aligned-center is-layout-flow wp-block-column-is-layout-flow\">\n<figure class=\"wp-block-image aligncenter size-full is-resized\"><img loading=\"lazy\" decoding=\"async\" width=\"300\" height=\"199\" src=\"https:\/\/tarmakder.org.tr\/tarmek2024\/wp-content\/uploads\/2024\/05\/kirsehir-belediyesi-logo-.png\" alt=\"\" class=\"wp-image-224\" style=\"width:196px;height:auto\"\/><\/figure>\n\n\n\n<figure class=\"wp-block-gallery has-nested-images columns-default is-cropped wp-block-gallery-1 is-layout-flex wp-block-gallery-is-layout-flex\">\n<figure class=\"wp-block-image size-large\"><img loading=\"lazy\" decoding=\"async\" width=\"1024\" height=\"666\" data-id=\"364\" src=\"https:\/\/tarmakder.org.tr\/tarmek2024\/wp-content\/uploads\/2024\/06\/Turkiyenin-Makinecileri-2-1024x666.png\" alt=\"\" class=\"wp-image-364\" srcset=\"https:\/\/tarmakder.org.tr\/tarmek2024\/wp-content\/uploads\/2024\/06\/Turkiyenin-Makinecileri-2-1024x666.png 1024w, https:\/\/tarmakder.org.tr\/tarmek2024\/wp-content\/uploads\/2024\/06\/Turkiyenin-Makinecileri-2-300x195.png 300w, https:\/\/tarmakder.org.tr\/tarmek2024\/wp-content\/uploads\/2024\/06\/Turkiyenin-Makinecileri-2.png 1354w\" sizes=\"auto, (max-width: 1024px) 100vw, 1024px\" \/><\/figure>\n<\/figure>\n<\/div>\n\n\n\n<div class=\"wp-block-column is-layout-flow wp-block-column-is-layout-flow\">\n<figure class=\"wp-block-image aligncenter size-large is-resized\"><img loading=\"lazy\" decoding=\"async\" width=\"1024\" height=\"1024\" src=\"https:\/\/tarmakder.org.tr\/tarmek2024\/wp-content\/uploads\/2024\/03\/IKSAD-logo-update-1024x1024.png\" alt=\"\" class=\"wp-image-157\" style=\"width:129px;height:auto\" srcset=\"https:\/\/tarmakder.org.tr\/tarmek2024\/wp-content\/uploads\/2024\/03\/IKSAD-logo-update-1024x1024.png 1024w, https:\/\/tarmakder.org.tr\/tarmek2024\/wp-content\/uploads\/2024\/03\/IKSAD-logo-update-300x300.png 300w, https:\/\/tarmakder.org.tr\/tarmek2024\/wp-content\/uploads\/2024\/03\/IKSAD-logo-update-150x150.png 150w, https:\/\/tarmakder.org.tr\/tarmek2024\/wp-content\/uploads\/2024\/03\/IKSAD-logo-update-2000x2000.png 2000w\" sizes=\"auto, (max-width: 1024px) 100vw, 1024px\" \/><\/figure>\n<\/div>\n<\/div>\n","protected":false},"excerpt":{"rendered":"<p>Sayg\u0131de\u011fer Akademisyenler ve Sekt\u00f6r Payda\u015flar\u0131, B\u00fcy\u00fck bir heyecan ve co\u015fkuyla duyuruyoruz ki, 35. Tar\u0131msal Mekanizasyon ve Enerji Kongresi\u2019nin 04-06 Eyl\u00fcl 2024 tarihlerinde K\u0131r\u015fehir Ahi Evran \u00dcniversitesi, Ziraat Fak\u00fcltesi, Biyosistem M\u00fchendisli\u011fi B\u00f6l\u00fcm\u00fc ev sahipli\u011finde y\u00fcz y\u00fcze ger\u00e7ekle\u015fecektir. Siz de\u011ferli akademisyenlerimizin ve sekt\u00f6r profesyonellerinin katk\u0131lar\u0131 ile Tar\u0131m Makineleri camias\u0131n\u0131n \u00f6nemli isimlerini bir araya getirecek olan bu etkinli\u011fe &hellip; <\/p>\n<p class=\"link-more\"><a href=\"https:\/\/tarmakder.org.tr\/tarmek2024\/\" class=\"more-link\"><span class=\"screen-reader-text\"> &#8220;Homepage&#8221;<\/span>devam\u0131n\u0131 oku<\/a><\/p>\n","protected":false},"author":1,"featured_media":0,"parent":0,"menu_order":0,"comment_status":"closed","ping_status":"closed","template":"page-templates\/homepage-no-hero.php","meta":{"inspiro_hide_title":false,"footnotes":""},"class_list":["post-24","page","type-page","status-publish","hentry"],"_links":{"self":[{"href":"https:\/\/tarmakder.org.tr\/tarmek2024\/index.php\/wp-json\/wp\/v2\/pages\/24","targetHints":{"allow":["GET"]}}],"collection":[{"href":"https:\/\/tarmakder.org.tr\/tarmek2024\/index.php\/wp-json\/wp\/v2\/pages"}],"about":[{"href":"https:\/\/tarmakder.org.tr\/tarmek2024\/index.php\/wp-json\/wp\/v2\/types\/page"}],"author":[{"embeddable":true,"href":"https:\/\/tarmakder.org.tr\/tarmek2024\/index.php\/wp-json\/wp\/v2\/users\/1"}],"replies":[{"embeddable":true,"href":"https:\/\/tarmakder.org.tr\/tarmek2024\/index.php\/wp-json\/wp\/v2\/comments?post=24"}],"version-history":[{"count":33,"href":"https:\/\/tarmakder.org.tr\/tarmek2024\/index.php\/wp-json\/wp\/v2\/pages\/24\/revisions"}],"predecessor-version":[{"id":508,"href":"https:\/\/tarmakder.org.tr\/tarmek2024\/index.php\/wp-json\/wp\/v2\/pages\/24\/revisions\/508"}],"wp:attachment":[{"href":"https:\/\/tarmakder.org.tr\/tarmek2024\/index.php\/wp-json\/wp\/v2\/media?parent=24"}],"curies":[{"name":"wp","href":"https:\/\/api.w.org\/{rel}","templated":true}]}}