{"id":106,"date":"2024-03-22T00:09:18","date_gmt":"2024-03-21T21:09:18","guid":{"rendered":"https:\/\/tarmakder.org.tr\/tarmek2024\/?page_id=106"},"modified":"2024-08-09T11:26:22","modified_gmt":"2024-08-09T08:26:22","slug":"basvuru","status":"publish","type":"page","link":"https:\/\/tarmakder.org.tr\/tarmek2024\/index.php\/basvuru\/","title":{"rendered":"Ba\u015fvuru"},"content":{"rendered":"\n<p class=\"has-text-align-center\" style=\"font-size:clamp(14px, 0.875rem + ((1vw - 3.2px) * 0.531), 20px);\">Kongremize <strong>Bildirili <\/strong>veya <strong>Bildirisiz<\/strong> kat\u0131l\u0131m yap\u0131labilmektedir. Bildirili kat\u0131l\u0131m i\u00e7in \u00f6zet g\u00f6ndererek ba\u015fvurman\u0131z gerekmektedir. G\u00f6nderilen bildirilerin kongrede sunumunun kabul edilip edilmedi\u011fi, kabul edildi ise bildirilerin sunum \u015fekline dair karar (s\u00f6zl\u00fc sunum veya poster), gizli de\u011ferlendirme (blind review) y\u00f6ntemi uygulanarak, alan\u0131nda uzman hakemlerin incelemeleri uyar\u0131nca belirlenecek ve en \u00e7ok 7 g\u00fcn i\u00e7erisinde sorumlu yazara iletilecektir. De\u011ferlendirme sonucu gecikmeksizin yazara bilgi verilmektedir. Haz\u0131rlanan \u00f6zetlerin 200-300 kelime aral\u0131\u011f\u0131nda olmas\u0131 gerekmektedir. \u00d6zetlerinizi word\/doc format\u0131nda en ge\u00e7 <strong>09 A\u011fustos 2024<\/strong> tarihine kadar&nbsp;<strong><a href=\"mailto:info@iksadkongre.org\">info@iksadkongre.org<\/a><\/strong>&nbsp;adresine g\u00f6ndermeniz gerekmektedir. Kongremizde tam metin zorunlulu\u011fu yoktur. Tam metinlerinizi kongre kitab\u0131nda yay\u0131nlatmak isterseniz \u00f6zetinizin kabul edilmesinin ard\u0131ndan TAM MET\u0130NLER\u0130N\u0130Z\u0130 en ge\u00e7 <strong>25 Eyl\u00fcl 2024<\/strong> tarihine kadar&nbsp;<strong><a href=\"mailto:info@iksadkongre.org\">info@iksadkongre.org<\/a><\/strong>&nbsp;adresine g\u00f6ndermeniz gerekmektedir. Veya ba\u015fvurunuzu tamamlamk i\u00e7in altta yer alan formu doldurman\u0131z gerekmektedir.<\/p>\n\n\n\n<div class=\"forminator-guttenberg\"><div class=\"forminator-ui forminator-custom-form forminator-custom-form-413 forminator-design--material  forminator_ajax\" data-forminator-render=\"0\" data-form=\"forminator-module-413\" data-uid=\"69e1701ad8cc6\"><br\/><\/div><form\n\t\t\t\tid=\"forminator-module-413\"\n\t\t\t\tclass=\"forminator-ui forminator-custom-form forminator-custom-form-413 forminator-design--material  forminator_ajax\"\n\t\t\t\tmethod=\"post\"\n\t\t\t\tdata-forminator-render=\"0\"\n\t\t\t\tdata-form-id=\"413\"\n\t\t\t\tenctype=\"multipart\/form-data\" data-color-option=\"default\" data-design=\"material\" data-grid=\"open\" style=\"display: none;\"\n\t\t\t\tdata-uid=\"69e1701ad8cc6\"\n\t\t\t><div role=\"alert\" aria-live=\"polite\" class=\"forminator-response-message forminator-error\" aria-hidden=\"true\"><\/div><div class=\"forminator-row\"><div id=\"name-1\" class=\"forminator-field-name forminator-col forminator-col-12 \"><div class=\"forminator-field\"><label for=\"forminator-field-name-1_69e1701ad8cc6\" id=\"forminator-field-name-1_69e1701ad8cc6-label\" class=\"forminator-label\">Ad\u0131n\u0131z ve Soyad\u0131n\u0131z <span class=\"forminator-required\">*<\/span><\/label><input type=\"text\" name=\"name-1\" value=\"\" placeholder=\"\" id=\"forminator-field-name-1_69e1701ad8cc6\" class=\"forminator-input forminator-name--field\" aria-required=\"true\" autocomplete=\"name\" \/><\/div><\/div><\/div><div class=\"forminator-row\"><div id=\"textarea-1\" class=\"forminator-field-textarea forminator-col forminator-col-6 \"><div class=\"forminator-field\"><label for=\"forminator-field-textarea-1_69e1701ad8cc6\" id=\"forminator-field-textarea-1_69e1701ad8cc6-label\" class=\"forminator-label\">\u00dcniversite\/Kurum Bilgileriniz <span class=\"forminator-required\">*<\/span><\/label><textarea name=\"textarea-1\" placeholder=\"K\u0131r\u015fehir Ahievran \u00dcniversitesi\" id=\"forminator-field-textarea-1_69e1701ad8cc6\" class=\"forminator-textarea\" rows=\"6\" style=\"min-height:140px;\" ><\/textarea><\/div><\/div><div id=\"textarea-2\" class=\"forminator-field-textarea forminator-col forminator-col-6 \"><div class=\"forminator-field\"><label for=\"forminator-field-textarea-2_69e1701ad8cc6\" id=\"forminator-field-textarea-2_69e1701ad8cc6-label\" class=\"forminator-label\">\u00dcnvan<\/label><textarea name=\"textarea-2\" placeholder=\"Prof. Dr., Do\u00e7. Dr., Doktora \u00d6\u011frencisi\" id=\"forminator-field-textarea-2_69e1701ad8cc6\" class=\"forminator-textarea\" rows=\"6\" style=\"min-height:140px;\" ><\/textarea><\/div><\/div><\/div><div class=\"forminator-row\"><div id=\"email-1\" class=\"forminator-field-email forminator-col forminator-col-6 \"><div class=\"forminator-field\"><label for=\"forminator-field-email-1_69e1701ad8cc6\" id=\"forminator-field-email-1_69e1701ad8cc6-label\" class=\"forminator-label\">E-posta <span class=\"forminator-required\">*<\/span><\/label><input type=\"email\" name=\"email-1\" value=\"\" placeholder=\"*****@gmail.com\" id=\"forminator-field-email-1_69e1701ad8cc6\" class=\"forminator-input forminator-email--field\" data-required=\"1\" aria-required=\"true\" autocomplete=\"email\" \/><\/div><\/div><div id=\"phone-1\" class=\"forminator-field-phone forminator-col forminator-col-6 \"><div class=\"forminator-field\"><label for=\"forminator-field-phone-1_69e1701ad8cc6\" id=\"forminator-field-phone-1_69e1701ad8cc6-label\" class=\"forminator-label\">Telefon <span class=\"forminator-required\">*<\/span><\/label><input type=\"text\" name=\"phone-1\" value=\"\" placeholder=\"+90**********\" id=\"forminator-field-phone-1_69e1701ad8cc6\" class=\"forminator-input forminator-field--phone\" data-required=\"1\" aria-required=\"true\" autocomplete=\"off\" \/><\/div><\/div><\/div><div class=\"forminator-row\"><div id=\"checkbox-1\" class=\"forminator-field-checkbox forminator-col forminator-col-12 \"><div role=\"group\" class=\"forminator-field required\" aria-labelledby=\"forminator-checkbox-group-forminator-field-checkbox-1-69e1701ad8cc6-label\"><span id=\"forminator-checkbox-group-forminator-field-checkbox-1-69e1701ad8cc6-label\" class=\"forminator-label\">Kat\u0131l\u0131m \u015eekli <span class=\"forminator-required\">*<\/span><\/span><label id=\"forminator-field-checkbox-1-1-69e1701ad8cc6-label\" for=\"forminator-field-checkbox-1-1-69e1701ad8cc6\" class=\"forminator-checkbox\" title=\"S\u00f6zl\u00fc Sunum\"><input type=\"checkbox\" name=\"checkbox-1[]\" value=\"one\" id=\"forminator-field-checkbox-1-1-69e1701ad8cc6\" aria-labelledby=\"forminator-field-checkbox-1-1-69e1701ad8cc6-label\" data-calculation=\"0\"   data-hidden-behavior=\"zero\"\/><span class=\"forminator-checkbox-box\" aria-hidden=\"true\"><\/span><span class=\"forminator-checkbox-label\">S\u00f6zl\u00fc Sunum<\/span><\/label><label id=\"forminator-field-checkbox-1-2-69e1701ad8cc6-label\" for=\"forminator-field-checkbox-1-2-69e1701ad8cc6\" class=\"forminator-checkbox\" title=\"Poster Sunum\"><input type=\"checkbox\" name=\"checkbox-1[]\" value=\"two\" id=\"forminator-field-checkbox-1-2-69e1701ad8cc6\" aria-labelledby=\"forminator-field-checkbox-1-2-69e1701ad8cc6-label\" data-calculation=\"0\"   data-hidden-behavior=\"zero\"\/><span class=\"forminator-checkbox-box\" aria-hidden=\"true\"><\/span><span class=\"forminator-checkbox-label\">Poster Sunum<\/span><\/label><label id=\"forminator-field-checkbox-1-3-69e1701ad8cc6-label\" for=\"forminator-field-checkbox-1-3-69e1701ad8cc6\" class=\"forminator-checkbox\" title=\"Dinleyici\/Kat\u0131l\u0131mc\u0131\"><input type=\"checkbox\" name=\"checkbox-1[]\" value=\"Dinleyici-Kat\u0131l\u0131mc\u0131\" id=\"forminator-field-checkbox-1-3-69e1701ad8cc6\" aria-labelledby=\"forminator-field-checkbox-1-3-69e1701ad8cc6-label\" data-calculation=\"0\"   data-hidden-behavior=\"zero\"\/><span class=\"forminator-checkbox-box\" aria-hidden=\"true\"><\/span><span class=\"forminator-checkbox-label\">Dinleyici\/Kat\u0131l\u0131mc\u0131<\/span><\/label><\/div><\/div><\/div><div class=\"forminator-row\"><div id=\"upload-1\" class=\"forminator-field-upload forminator-col forminator-col-12 \"><div class=\"forminator-field\"><label for=\"forminator-field-upload-1_69e1701ad8cc6\" id=\"forminator-field-upload-1_69e1701ad8cc6-label\" class=\"forminator-label\">Ba\u015fvuru Dosyas\u0131\/Kat\u0131l\u0131m \u00dccreti Dekontu<\/label><div class=\"forminator-multi-upload \" data-element=\"upload-1_69e1701ad8cc6\"><input type=\"file\" name=\"upload-1[]\" id=\"forminator-field-upload-1_69e1701ad8cc6\" class=\"forminator-input-file forminator-field-upload-1_69e1701ad8cc6-413\" multiple=\"multiple\" data-method=\"ajax\" data-size=\"8000000\" data-size-message=\"Maximum file size allowed is 8 MB. \"><div class=\"forminator-multi-upload-message\" aria-hidden=\"true\"><span class=\"forminator-icon-upload\" aria-hidden=\"true\"><\/span><p>S\u00fcr\u00fckle ve B\u0131rak (veya) <a class=\"forminator-upload-file--forminator-field-upload-1_69e1701ad8cc6\" href=\"#\" onclick=\"return false;\">Dosyalar\u0131 Se\u00e7<\/a><\/p><\/div><\/div><ul class=\"forminator-uploaded-files upload-container-upload-1_69e1701ad8cc6\"><\/ul><\/div><\/div><\/div><input type=\"hidden\" name=\"referer_url\" value=\"\" \/><div class=\"forminator-row forminator-row-last\"><div class=\"forminator-col\"><div class=\"forminator-field\"><button class=\"forminator-button forminator-button-submit\"><span>Ba\u015fvur<\/span><span aria-hidden=\"true\"><\/span><\/button><\/div><\/div><\/div><input type=\"hidden\" id=\"forminator_nonce\" name=\"forminator_nonce\" value=\"7320b6d78c\" \/><input type=\"hidden\" name=\"_wp_http_referer\" value=\"\/tarmek2024\/index.php\/wp-json\/wp\/v2\/pages\/106\" \/><input type=\"hidden\" name=\"form_id\" value=\"413\"><input type=\"hidden\" name=\"page_id\" value=\"106\"><input type=\"hidden\" name=\"form_type\" value=\"default\"><input type=\"hidden\" name=\"current_url\" value=\"https:\/\/tarmakder.org.tr\/tarmek2024\/index.php\/basvuru\/\"><input type=\"hidden\" name=\"render_id\" value=\"0\"><input type=\"hidden\" name=\"forminator-multifile-hidden\" class=\"forminator-multifile-hidden\"><input type=\"hidden\" name=\"action\" value=\"forminator_submit_form_custom-forms\"><\/form><\/div>\n\n\n\n<figure class=\"wp-block-image alignfull size-large\"><img loading=\"lazy\" decoding=\"async\" width=\"2560\" height=\"1439\" src=\"https:\/\/tarmakder.org.tr\/tarmek2024\/wp-content\/uploads\/2024\/03\/farmer-driving-harvester-working-wheat-field-sunset-1-edited-scaled.jpg\" alt=\"\" class=\"wp-image-126\" srcset=\"https:\/\/tarmakder.org.tr\/tarmek2024\/wp-content\/uploads\/2024\/03\/farmer-driving-harvester-working-wheat-field-sunset-1-edited-scaled.jpg 2560w, https:\/\/tarmakder.org.tr\/tarmek2024\/wp-content\/uploads\/2024\/03\/farmer-driving-harvester-working-wheat-field-sunset-1-edited-300x169.jpg 300w, https:\/\/tarmakder.org.tr\/tarmek2024\/wp-content\/uploads\/2024\/03\/farmer-driving-harvester-working-wheat-field-sunset-1-edited-1024x576.jpg 1024w, https:\/\/tarmakder.org.tr\/tarmek2024\/wp-content\/uploads\/2024\/03\/farmer-driving-harvester-working-wheat-field-sunset-1-edited-2000x1124.jpg 2000w\" sizes=\"auto, (max-width: 2560px) 100vw, 2560px\" \/><\/figure>\n\n\n\n<h2 class=\"wp-block-heading has-text-align-center has-text-color has-link-color wp-elements-b7d232fbfc85efee4ce1cc9802a07478\" style=\"color:#0b1eb5\">\u00d6zet Yaz\u0131m Kurallar\u0131<\/h2>\n\n\n\n<p class=\"has-text-align-center\" style=\"font-size:clamp(14px, 0.875rem + ((1vw - 3.2px) * 0.531), 20px);\">Kenar bo\u015fluklar\u0131:<strong> 2,0 cm<\/strong><br>Yaz\u0131 Karakteri:<strong> Times New Roman, 11 Punto<\/strong><br>Sat\u0131r aral\u0131\u011f\u0131: <strong>1,00 cm<\/strong><br>BA\u015eLIK: <strong>Sadece ilk harfler b\u00fcy\u00fck<\/strong><br>Anahtar Kelimeler:<strong> En az 3 adet<\/strong><br><em>\u00d6zetler 200-300 kelime aral\u0131\u011f\u0131nda olmal\u0131d\u0131r.<\/em><br><em>Ayr\u0131ca bildiri de yer alan t\u00fcm yazarlara isim soy isim, \u00e7al\u0131\u015ft\u0131\u011f\u0131 yer, \u00e7al\u0131\u015fma alan\u0131, mail adresleri, cep telefon numaras\u0131 ve ORCID numaralar\u0131n\u0131n bulunmas\u0131 zorunludur.&nbsp;<\/em><\/p>\n\n\n\n<div class=\"wp-block-file aligncenter\" style=\"margin-top:0;margin-right:20px;margin-bottom:0;margin-left:20px\"><a id=\"wp-block-file--media-ea094d3f-3fcc-4a37-9ea6-b658525c3596\" href=\"https:\/\/tarmakder.org.tr\/tarmek2024\/wp-content\/uploads\/2024\/06\/Oz-Metin-Ornek-Format.docx\"><strong>\u00d6ze<\/strong>t<strong> Metin \u00d6rnek Format<\/strong><\/a><a href=\"https:\/\/tarmakder.org.tr\/tarmek2024\/wp-content\/uploads\/2024\/06\/Oz-Metin-Ornek-Format.docx\" class=\"wp-block-file__button wp-element-button\" download aria-describedby=\"wp-block-file--media-ea094d3f-3fcc-4a37-9ea6-b658525c3596\">\u0130ndir<\/a><\/div>\n\n\n\n<h2 class=\"wp-block-heading has-text-align-center has-text-color has-link-color wp-elements-54e1a4e2b2d90a7a0025070eaa8fbc2c\" style=\"color:#0b1eb5\">Tam Metin Yaz\u0131m Kurallar\u0131<\/h2>\n\n\n\n<p class=\"has-text-align-center\" style=\"font-size:clamp(14px, 0.875rem + ((1vw - 3.2px) * 0.531), 20px);\">Kenar bo\u015fluklar\u0131:<strong> 2,0 cm<\/strong><br>Yaz\u0131 Karakteri: <strong>Times New Roman, 11 Punto<\/strong><br>Sat\u0131r aral\u0131\u011f\u0131: <strong>1,00 cm<\/strong><br>BA\u015eLIK: <strong>Sadece ilk harfler b\u00fcy\u00fck ve 11 Punto<\/strong><br>Alt Ba\u015fl\u0131k: <strong>K\u00fc\u00e7\u00fck<\/strong><br>Sayfa say\u0131s\u0131: <strong>En az 5 sayfa olmal\u0131d\u0131r. \u00dcst s\u0131n\u0131r 25 sayfad\u0131r.<\/strong><br>At\u0131f Bi\u00e7imi: <strong>APA 6 Style at\u0131f bi\u00e7imini kullan\u0131lmal\u0131d\u0131r.<\/strong><br><em>Ayr\u0131ca bildiri de yer alan t\u00fcm yazarlara isim, soy isim, \u00e7al\u0131\u015ft\u0131\u011f\u0131 yer, \u00e7al\u0131\u015fma alan\u0131, \u015fehir ve \u00dclke ve ORCID numaralar\u0131n\u0131n bulunmas\u0131 zorunludur.<\/em><\/p>\n\n\n\n<div class=\"wp-block-file aligncenter\" style=\"margin-top:0;margin-right:20px;margin-bottom:0;margin-left:20px\"><a id=\"wp-block-file--media-ddc8c0bb-1073-48ef-888f-3fd9485e5625\" href=\"https:\/\/tarmakder.org.tr\/tarmek2024\/wp-content\/uploads\/2024\/06\/Tam-Metin-Ornek-Format.docx\">Tam Metin Ornek Format<\/a><a href=\"https:\/\/tarmakder.org.tr\/tarmek2024\/wp-content\/uploads\/2024\/06\/Tam-Metin-Ornek-Format.docx\" class=\"wp-block-file__button wp-element-button\" download aria-describedby=\"wp-block-file--media-ddc8c0bb-1073-48ef-888f-3fd9485e5625\">\u0130ndir<\/a><\/div>\n\n\n\n<p class=\"has-text-align-center\" style=\"font-size:clamp(14px, 0.875rem + ((1vw - 3.2px) * 0.531), 20px);\">Poster olarak de\u011ferlendirmesini istedi\u011finiz bildirilerini i\u00e7in \u00f6rnek Poster \u015fablonunu a\u015fa\u011f\u0131da bulabilirsiniz:<\/p>\n\n\n\n<div class=\"wp-block-file aligncenter\" style=\"margin-top:0;margin-right:20px;margin-bottom:0;margin-left:20px\"><a id=\"wp-block-file--media-edd57ade-9c7e-4d27-b410-8e0e991de2ab\" href=\"https:\/\/tarmakder.org.tr\/tarmek2024\/wp-content\/uploads\/2024\/06\/Poster-Sablonu.pptx\">Poster-\u015eablonu<\/a><a href=\"https:\/\/tarmakder.org.tr\/tarmek2024\/wp-content\/uploads\/2024\/06\/Poster-Sablonu.pptx\" class=\"wp-block-file__button wp-element-button\" download aria-describedby=\"wp-block-file--media-edd57ade-9c7e-4d27-b410-8e0e991de2ab\">\u0130ndir<\/a><\/div>\n\n\n\n<p><\/p>\n\n\n\n<h2 class=\"wp-block-heading has-text-align-center has-text-color has-link-color wp-elements-8f54fbea9e6a48e9d9e6687e4b0fc8d0\" style=\"color:#0b1eb5\">Di\u011fer Yay\u0131n Olanaklar\u0131<\/h2>\n\n\n\n<p class=\"has-text-align-center\" style=\"font-size:clamp(14px, 0.875rem + ((1vw - 3.2px) * 0.531), 20px);\">***Tar\u0131m Makinalar\u0131 Bilimi Dergisinde \u201cara\u015ft\u0131rma\/derleme makalesi\u201d olarak yay\u0131mlanmas\u0131 (Yay\u0131m i\u00e7in dergi kurallar\u0131 ge\u00e7erlidir. Bildiri kitab\u0131nda \u00f6zet yay\u0131mlan\u0131r. Tam metin makalelerin yaz\u0131m kurallar\u0131na uygun \u015fekilde haz\u0131rlan\u0131p DERG\u0130PARK \u00fczerinden g\u00f6nderilmesi gerekmektedir. Web adresi: <a href=\"https:\/\/dergipark.org.tr\/tr\/pub\/tarmak\">https:\/\/dergipark.org.tr\/tr\/pub\/tarmak<\/a><\/p>\n\n\n\n<p class=\"has-text-align-center\" style=\"font-size:clamp(14px, 0.875rem + ((1vw - 3.2px) * 0.531), 20px);\">***Tan\u0131nm\u0131\u015f Uluslararas\u0131 Yay\u0131nevi taraf\u0131ndan (\u0130KSAD Yay\u0131nevi), \u201ckitap b\u00f6l\u00fcm\u00fc (chapter)\u201d olarak bas\u0131lmas\u0131 (S\u0131n\u0131rl\u0131 say\u0131da kabul edilecektir. Bildiri kitab\u0131nda \u00f6zet yay\u0131mlan\u0131r). Web adresi:<br><a href=\"https:\/\/iksadyayinevi.com\/\"><\/a><a href=\"https:\/\/iksadyayinevi.com\/\">New tab (iksadyayinevi.com)<\/a><\/p>\n\n\n\n<h2 class=\"wp-block-heading has-text-align-center has-text-color has-link-color wp-elements-a4cc28c787965826ddb5e5e9087c9d4e\" style=\"color:#0b1eb5\">Kongre Konular\u0131<\/h2>\n\n\n\n<p class=\"has-text-align-center\" style=\"font-size:clamp(14px, 0.875rem + ((1vw - 3.2px) * 0.531), 20px);\">T\u00fcrkiye\u2019nin genel tar\u0131msal mekanizasyon durumu, Tar\u0131m makinelerinde son geli\u015fmeler, Tar\u0131mda enerji kullan\u0131m\u0131 ve alternatif enerji kaynaklar\u0131, Tar\u0131m makinelerinde i\u015fletme, planlama ve optimizasyon, Tar\u0131msal at\u0131k y\u00f6netimi, Tar\u0131m makinelerinde ergonomi ve g\u00fcvenlik, Tar\u0131m makinelerinde modelleme, tasar\u0131m ve konstr\u00fcksiyon, Tar\u0131msal mekanizasyon e\u011fitimi, Hasat ve hasat sonras\u0131 mekanizasyon, \u00dcr\u00fcn i\u015fleme teknolojileri, Hassas tar\u0131m uygulamalar\u0131, Hayvanc\u0131l\u0131kta mekanizasyon, Toprak i\u015fleme makineleri, Ekim makineleri, G\u00fcbreleme makineleri, Bitki koruma makineleri, Biyolojik malzemelerin fizikomekanik \u00f6zellikleri, Ak\u0131ll\u0131 tar\u0131m uygulamalar\u0131, Tar\u0131m trakt\u00f6rleri, Sera mekanizasyonu, Tar\u0131m makinelerinde mekatronik sistemler ve uygulamalar\u0131, Tar\u0131m makinelerinde malzeme, Zirai insans\u0131z hava ara\u00e7lar\u0131 (Z\u0130HA), Tar\u0131mda kullan\u0131lan insans\u0131z kara ara\u00e7lar\u0131 ve otonom sistemler, Tar\u0131mda yapay zeka uygulamalar\u0131, \u0130\u00e7ten yanmal\u0131 motorlar, Biyodizel, yak\u0131tlar ve ya\u011flar Sulamada mekanizasyon<\/p>\n\n\n\n<p><\/p>\n\n\n\n<h2 class=\"wp-block-heading has-text-align-center has-text-color has-link-color wp-elements-f24e5f0c4bc4ab9428f1588b319f3fd6\" style=\"color:#0b1eb5\">Kat\u0131l\u0131m \u015eekli<\/h2>\n\n\n\n<p class=\"has-text-align-center\" style=\"font-size:clamp(14px, 0.875rem + ((1vw - 3.2px) * 0.531), 20px);\">Y\u00fcz-y\u00fcze, K\u0131r\u015fehir Ahi Evran \u00dcniversitesi, Ziraat Fak\u00fcltesi<\/p>\n\n\n\n<p><\/p>\n\n\n\n<h2 class=\"wp-block-heading has-text-align-center has-text-color has-link-color wp-elements-ba547f596353c5c67cd8177fb5613029\" style=\"color:#0b1eb5\">Kongre Kat\u0131l\u0131m \u00dccreti<\/h2>\n\n\n\n<p class=\"has-text-align-center\" style=\"font-size:clamp(14px, 0.875rem + ((1vw - 3.2px) * 0.531), 20px);\">Erken Kay\u0131t (01.04.2024-<strong>09.08.2024): 1500 TL (G\u00fcncelleme 05.08.2024)<br>Ge\u00e7 Kay\u0131t (<\/strong>10.08.2024-04.09.2024): 2000 TL- (<strong>G\u00fcncelleme 05.08.2024<\/strong>)<br><strong>Tar\u0131m Makinalar\u0131 Derne\u011fi \u00fcyelerine 250 TL indirim uygulanacakt\u0131r<\/strong><br><strong>Lisans \u00fcst\u00fc \u00f6\u011frenciler i\u00e7in kay\u0131t \u00fccreti: 500 TL<\/strong><br><strong>Refakat\u00e7iler i\u00e7in 500 TL<\/strong><br>Hesap Ad\u0131: Tar\u0131m Makinalar\u0131 Derne\u011fi<br>Banka Ad\u0131: T. Garanti Bankas\u0131 \u015eube Ad\u0131: Ege \u00dcniversitesi T\u0131p Fak\u00fcltesi<br>Hesap No: 1373 \u2013 6298822 IBAN: TR45 0006 2001 3730\u00a00006\u00a02988\u00a022<br><em>*\u00d6deme yap\u0131ld\u0131ktan sonra dekontu <strong><a href=\"mailto:info@iksadkongre.org\">info@iksadkongre.org<\/a><\/strong> mail adresine g\u00f6ndermeniz gerekmektedir.<\/em><\/p>\n\n\n\n<p style=\"font-size:clamp(14px, 0.875rem + ((1vw - 3.2px) * 0.531), 20px);\"><\/p>\n\n\n\n<h2 class=\"wp-block-heading has-text-align-center has-text-color has-link-color wp-elements-2b25b6e490dd8a6650307afcf2f6449f\" style=\"color:#0b1eb5\">\u00dccrete Dahil Olan Hizmetler<\/h2>\n\n\n\n<p class=\"has-text-align-center\" style=\"font-size:clamp(14px, 0.875rem + ((1vw - 3.2px) * 0.531), 20px);\">Kongre \u00c7antas\u0131 <br>Kat\u0131l\u0131m Belgesi <br>Yaka Kart\u0131<br>Ara \u0130kramlar<br>\u00d6\u011fle Yemekleri <br>Ak\u015fam Yemekleri <\/p>\n\n\n\n<p><\/p>\n","protected":false},"excerpt":{"rendered":"<p>Kongremize Bildirili veya Bildirisiz kat\u0131l\u0131m yap\u0131labilmektedir. Bildirili kat\u0131l\u0131m i\u00e7in \u00f6zet g\u00f6ndererek ba\u015fvurman\u0131z gerekmektedir. G\u00f6nderilen bildirilerin kongrede sunumunun kabul edilip edilmedi\u011fi, kabul edildi ise bildirilerin sunum \u015fekline dair karar (s\u00f6zl\u00fc sunum veya poster), gizli de\u011ferlendirme (blind review) y\u00f6ntemi uygulanarak, alan\u0131nda uzman hakemlerin incelemeleri uyar\u0131nca belirlenecek ve en \u00e7ok 7 g\u00fcn i\u00e7erisinde sorumlu yazara iletilecektir. De\u011ferlendirme sonucu &hellip; <\/p>\n<p class=\"link-more\"><a href=\"https:\/\/tarmakder.org.tr\/tarmek2024\/index.php\/basvuru\/\" class=\"more-link\"><span class=\"screen-reader-text\"> &#8220;Ba\u015fvuru&#8221;<\/span>devam\u0131n\u0131 oku<\/a><\/p>\n","protected":false},"author":1,"featured_media":0,"parent":0,"menu_order":7,"comment_status":"closed","ping_status":"closed","template":"","meta":{"inspiro_hide_title":false,"footnotes":""},"class_list":["post-106","page","type-page","status-publish","hentry"],"_links":{"self":[{"href":"https:\/\/tarmakder.org.tr\/tarmek2024\/index.php\/wp-json\/wp\/v2\/pages\/106","targetHints":{"allow":["GET"]}}],"collection":[{"href":"https:\/\/tarmakder.org.tr\/tarmek2024\/index.php\/wp-json\/wp\/v2\/pages"}],"about":[{"href":"https:\/\/tarmakder.org.tr\/tarmek2024\/index.php\/wp-json\/wp\/v2\/types\/page"}],"author":[{"embeddable":true,"href":"https:\/\/tarmakder.org.tr\/tarmek2024\/index.php\/wp-json\/wp\/v2\/users\/1"}],"replies":[{"embeddable":true,"href":"https:\/\/tarmakder.org.tr\/tarmek2024\/index.php\/wp-json\/wp\/v2\/comments?post=106"}],"version-history":[{"count":61,"href":"https:\/\/tarmakder.org.tr\/tarmek2024\/index.php\/wp-json\/wp\/v2\/pages\/106\/revisions"}],"predecessor-version":[{"id":478,"href":"https:\/\/tarmakder.org.tr\/tarmek2024\/index.php\/wp-json\/wp\/v2\/pages\/106\/revisions\/478"}],"wp:attachment":[{"href":"https:\/\/tarmakder.org.tr\/tarmek2024\/index.php\/wp-json\/wp\/v2\/media?parent=106"}],"curies":[{"name":"wp","href":"https:\/\/api.w.org\/{rel}","templated":true}]}}