{"id":103,"date":"2024-03-21T23:58:21","date_gmt":"2024-03-21T20:58:21","guid":{"rendered":"https:\/\/tarmakder.org.tr\/tarmek2024\/?page_id=103"},"modified":"2024-08-20T22:30:31","modified_gmt":"2024-08-20T19:30:31","slug":"takvim","status":"publish","type":"page","link":"https:\/\/tarmakder.org.tr\/tarmek2024\/index.php\/takvim\/","title":{"rendered":"Takvim"},"content":{"rendered":"\n<p class=\"has-text-align-center\" style=\"font-size:clamp(14px, 0.875rem + ((1vw - 3.2px) * 0.531), 20px);\">Son \u00f6zet g\u00f6nderim tarihi:<strong> 09 A\u011fustos 2024<\/strong><br>Kat\u0131l\u0131m \u00fccreti \u00f6deme:<strong><strong> 04 Eyl\u00fcl 2024<\/strong><\/strong><br>Kongre program\u0131 yay\u0131n tarihi: <strong><strong>22 A\u011fustos 2024<\/strong><\/strong><br>Son tam metin g\u00f6nderim tarihi: <strong>25 Eyl\u00fcl 2024<\/strong><br>Bildiri kitab\u0131 kesin yay\u0131n tarihi: <strong>20 Ekim 2024<\/strong><\/p>\n\n\n\n<p><\/p>\n","protected":false},"excerpt":{"rendered":"<p>Son \u00f6zet g\u00f6nderim tarihi: 09 A\u011fustos 2024Kat\u0131l\u0131m \u00fccreti \u00f6deme: 04 Eyl\u00fcl 2024Kongre program\u0131 yay\u0131n tarihi: 22 A\u011fustos 2024Son tam metin g\u00f6nderim tarihi: 25 Eyl\u00fcl 2024Bildiri kitab\u0131 kesin yay\u0131n tarihi: 20 Ekim 2024<\/p>\n","protected":false},"author":1,"featured_media":0,"parent":0,"menu_order":0,"comment_status":"closed","ping_status":"closed","template":"","meta":{"inspiro_hide_title":false,"footnotes":""},"class_list":["post-103","page","type-page","status-publish","hentry"],"_links":{"self":[{"href":"https:\/\/tarmakder.org.tr\/tarmek2024\/index.php\/wp-json\/wp\/v2\/pages\/103","targetHints":{"allow":["GET"]}}],"collection":[{"href":"https:\/\/tarmakder.org.tr\/tarmek2024\/index.php\/wp-json\/wp\/v2\/pages"}],"about":[{"href":"https:\/\/tarmakder.org.tr\/tarmek2024\/index.php\/wp-json\/wp\/v2\/types\/page"}],"author":[{"embeddable":true,"href":"https:\/\/tarmakder.org.tr\/tarmek2024\/index.php\/wp-json\/wp\/v2\/users\/1"}],"replies":[{"embeddable":true,"href":"https:\/\/tarmakder.org.tr\/tarmek2024\/index.php\/wp-json\/wp\/v2\/comments?post=103"}],"version-history":[{"count":6,"href":"https:\/\/tarmakder.org.tr\/tarmek2024\/index.php\/wp-json\/wp\/v2\/pages\/103\/revisions"}],"predecessor-version":[{"id":491,"href":"https:\/\/tarmakder.org.tr\/tarmek2024\/index.php\/wp-json\/wp\/v2\/pages\/103\/revisions\/491"}],"wp:attachment":[{"href":"https:\/\/tarmakder.org.tr\/tarmek2024\/index.php\/wp-json\/wp\/v2\/media?parent=103"}],"curies":[{"name":"wp","href":"https:\/\/api.w.org\/{rel}","templated":true}]}}