{"id":78,"date":"2021-05-26T12:40:11","date_gmt":"2021-05-26T09:40:11","guid":{"rendered":"https:\/\/tarmakder.org.tr\/tarmek2021\/one-page-express\/"},"modified":"2021-09-25T11:36:01","modified_gmt":"2021-09-25T08:36:01","slug":"one-page-express","status":"publish","type":"page","link":"https:\/\/tarmakder.org.tr\/tarmek2021\/","title":{"rendered":"Front Page"},"content":{"rendered":"<div  class=\"page-content\">\n<div  class=\"gridContainer\">\n<div  class=\"anasayfa\">\n\n<p >De\u011ferli Meslekta\u015flar\u0131m\u0131z ve Payda\u015flar\u0131m\u0131z,<\/p><p >G\u00fcn\u00fcm\u00fczden 10 000 y\u0131l \u00f6nce ger\u00e7ekle\u015fti\u011fi kabul edilen tar\u0131m devrimiyle insanlar do\u011fay\u0131 kontrol etmeye ba\u015flam\u0131\u015f, 18. yy da ger\u00e7ekle\u015ftirilen sanayi devrimiyle makina g\u00fcc\u00fcne ula\u015fm\u0131\u015ft\u0131r. Tar\u0131m Makinalar\u0131 ve Teknolojileri; insanl\u0131k tarihindeki tar\u0131m devrimi ve sanayi devrimlerinde geli\u015ftirilen b\u00fct\u00fcn bilimsel bilgi ve teknolojilerin kesi\u015fti\u011fi noktada yer almaktad\u0131r. Tar\u0131m aletlerinden makinalara ve hassas teknolojilere kadar \u00e7ok geni\u015f alana sahip olan Tar\u0131m Makinalar\u0131 ve Teknolojileri kapsam\u0131nda ger\u00e7ekle\u015ftirilen bilimsel \u00e7al\u0131\u015fmalar\u0131n payla\u015f\u0131lmas\u0131 ve tart\u0131\u015f\u0131lmas\u0131, gelece\u011fin tar\u0131m\u0131na y\u00f6n verecek bilimsel bilgi ve teknolojilerin geli\u015ftirilmesi a\u00e7\u0131s\u0131ndan kritik \u00f6neme sahiptir. Bu kapsamda akademi d\u00fcnyas\u0131, sekt\u00f6r\u00fcn ve payda\u015flar\u0131n bir araya geldi\u011fi \u201cTar\u0131msal Mekanizasyon ve Enerji\u201d kongrelerinin \u00fclkemiz tar\u0131m\u0131 i\u00e7in yol g\u00f6sterici oldu\u011funa inan\u0131yoruz.<\/p><p >\u00d6zverili \u00e7al\u0131\u015fmalarla, 1976 y\u0131l\u0131ndan g\u00fcn\u00fcm\u00fcze kadar en s\u0131k\u0131nt\u0131l\u0131 s\u00fcre\u00e7lerde dahi ara verilmeden d\u00fczenlenerek gelenekselle\u015fen Ulusal Tar\u0131msal Mekanizasyon ve Enerji Kongresi\u2019nin 33\u2019\u00fcnc\u00fcs\u00fcn\u00fc Isparta Uygulamal\u0131 Bilimler \u00dcniversitesi, Ziraat Fak\u00fcltesi, Tar\u0131m Makinalar\u0131 ve Teknolojileri M\u00fchendisli\u011fi B\u00f6l\u00fcm\u00fc ev sahipli\u011finde d\u00fczenlemekten onur duymaktay\u0131z. Kongremiz, 01-03 Ekim 2021 tarihleri aras\u0131nda \u00e7evirimi\u00e7i olarak ger\u00e7ekle\u015ftirilecektir.<\/p><p >Kongremizin ba\u015fl\u0131ca amac\u0131 ve hedefi, \u201cTar\u0131msal Mekanizasyon\u201d ve \u201cTar\u0131mda Enerji Kullan\u0131m\u0131\u201d alanlar\u0131nda \u00e7al\u0131\u015fmalar yapan bilim insanlar\u0131n\u0131 bir araya getirerek bilimsel bilgi payla\u015f\u0131m\u0131n\u0131 sa\u011flamak, \u00fcniversitelerimizden ara\u015ft\u0131rmac\u0131lar ile ilgili sekt\u00f6r ve kamu kurumlar\u0131ndan uzmanlar\u0131 bir araya getirerek mevcut durumu de\u011ferlendirmek, yap\u0131lmas\u0131 gereken bilimsel ve kurumsal \u00e7al\u0131\u015fmalar\u0131 ortaya koymakt\u0131r.<\/p><p >Kongrede sunulan bildirilerin \u00f6zetleri elektronik ortamda Kongre Bildiri Kitab\u0131nda yay\u0131nlanacakt\u0131r. Ayr\u0131ca iste\u011fe ba\u011fl\u0131 olarak tam metin bildiriler elektronik ortamda Kongre Bildiri Kitab\u0131nda, 2020 y\u0131l\u0131 itibariyle uluslararas\u0131 stat\u00fc kazanan \u201cTar\u0131m Makinalar\u0131 Bilimi Dergisi\u201dnde ya da uluslararas\u0131 yay\u0131nevi stat\u00fcs\u00fcnde olan Akademisyen Kitabevi taraf\u0131ndan yay\u0131nlanacak \u201cTar\u0131msal Mekanizasyon ve Enerji \u00dczerine G\u00fcncel Ara\u015ft\u0131rmalar\u201d isimli kitapta, kitap b\u00f6l\u00fcm\u00fc olarak yay\u0131nlanabilecektir.<\/p><p >Sizleri kongremize davet ediyoruz.<\/p><p >Sayg\u0131lar\u0131m\u0131zla,<\/p><p >Prof. Dr. Deniz YILMAZ<br >Kongre D\u00fczenleme Kurulu Ba\u015fkan\u0131<br >Kongre web sayfas\u0131:<a href=\"https:\/\/tarmakder.org.tr\/tarmek2021\" target=\"_blank\" rel=\"noopener\"> https:\/\/tarmakder.org.tr\/tarmek2021\/<\/a><br >\nKongre ileti\u015fim adresi: <a  href=\"mailto:tarmek2021@isparta.edu.tr\">tarmek2021@isparta.edu.tr<\/a>\n<\/p><hr ><br ><br >\n\n\n\n\n\n\n<div  class=\"rowSp\">\n<div  class=\"colSp\"><a href=\"https:\/\/isparta.edu.tr\" target=\"_blank\" rel=\"noopener\" class=\"\">\n                                    <img decoding=\"async\"  src=\"https:\/\/tarmakder.org.tr\/tarmek2021\/wp-content\/uploads\/2021\/05\/isubu-300x300.png\" alt=\"\">                                <\/a><\/div>\n<div  class=\"colSp\"><a href=\"https:\/\/tarmakder.org.tr\" target=\"_blank\" rel=\"noopener\" class=\"\">\n                                    <img decoding=\"async\"  src=\"https:\/\/tarmakder.org.tr\/tarmek2021\/wp-content\/uploads\/2021\/05\/tarmakder-300x300.png\" alt=\"\">                                <\/a><\/div>\n<div  class=\"colSp\"><a href=\"http:\/\/www.tarmakbir.org\/tr\" target=\"_blank\" rel=\"noopener\" class=\"\">\n                                    <img decoding=\"async\"  src=\"https:\/\/tarmakder.org.tr\/tarmek2021\/wp-content\/uploads\/2021\/05\/tarmakbir-300x300.png\" alt=\"\">                                <\/a><\/div>\n<div  class=\"colSp\"><a href=\"https:\/\/www.tarimorman.gov.tr\/TAGEM\" target=\"_blank\" rel=\"noopener\" class=\"\">\n                                    <img decoding=\"async\"  src=\"https:\/\/tarmakder.org.tr\/tarmek2021\/wp-content\/uploads\/2021\/06\/tagem-300x300.png\" alt=\"\">                                <\/a><\/div>\n<\/div>\n\n\n<hr ><br ><br >\n\n<div  class=\"rowSp\">\n  <div  class=\"colSp\">\n<a href=\"https:\/\/www.kayhanertugrul.com.tr\" target=\"_blank\" rel=\"noopener\" class=\"\">\n                                    <img decoding=\"async\"  src=\"https:\/\/tarmakder.org.tr\/tarmek2021\/wp-content\/uploads\/2021\/06\/kayhanertugrul.jpg\" alt=\"\">                                <\/a>\n<\/div>\n\n  <div  class=\"colSp\"><a href=\"https:\/\/www.cokcanlar.com\" target=\"_blank\" rel=\"noopener\" class=\"\">\n                                    <img decoding=\"async\"  src=\"https:\/\/tarmakder.org.tr\/tarmek2021\/wp-content\/uploads\/2021\/06\/cokcanlar.jpg\" alt=\"\">                                <\/a>\n<\/div><\/div>\n<div  class=\"rowSp\">\n  <div  class=\"colSp\"><a href=\"http:\/\/www.gencgucsan.com.tr\" target=\"_blank\" rel=\"noopener\" class=\"\">\n                                    <img decoding=\"async\"  src=\"https:\/\/tarmakder.org.tr\/tarmek2021\/wp-content\/uploads\/2021\/05\/gencgucsan.jpg\" alt=\"\">                                <\/a>\n<\/div>\n  <div  class=\"colSp\"><a href=\"https:\/\/elibollar.com.tr\" target=\"_blank\" rel=\"noopener\" class=\"\">\n                                    <img decoding=\"async\"  src=\"https:\/\/tarmakder.org.tr\/tarmek2021\/wp-content\/uploads\/2021\/05\/elibol.jpg\" alt=\"\">                                <\/a><\/div>\n  <div  class=\"colSp\"><a href=\"https:\/\/www.akademisyen.com\/tr\" target=\"_blank\" rel=\"noopener\" class=\"\">\n                                    <img decoding=\"async\"  src=\"https:\/\/tarmakder.org.tr\/tarmek2021\/wp-content\/uploads\/2021\/05\/ake.jpg\" alt=\"\">                                <\/a><\/div>\n<\/div>\n\n\n<\/div>\n<\/div>\n<\/div>","protected":false},"excerpt":{"rendered":"<p>De\u011ferli Meslekta\u015flar\u0131m\u0131z ve Payda\u015flar\u0131m\u0131z,G\u00fcn\u00fcm\u00fczden 10 000 y\u0131l \u00f6nce ger\u00e7ekle\u015fti\u011fi kabul edilen tar\u0131m devrimiyle insanlar do\u011fay\u0131 kontrol etmeye ba\u015flam\u0131\u015f, 18. yy da ger\u00e7ekle\u015ftirilen sanayi devrimiyle makina g\u00fcc\u00fcne ula\u015fm\u0131\u015ft\u0131r. Tar\u0131m Makinalar\u0131 ve Teknolojileri; insanl\u0131k tarihindeki tar\u0131m devrimi ve sanayi devrimlerinde geli\u015ftirilen b\u00fct\u00fcn bilimsel bilgi ve teknolojilerin kesi\u015fti\u011fi noktada yer almaktad\u0131r. Tar\u0131m aletlerinden makinalara ve hassas teknolojilere kadar&hellip; <br \/> <a class=\"button small blue\" href=\"https:\/\/tarmakder.org.tr\/tarmek2021\/\">Devam\u0131<\/a><\/p>\n","protected":false},"author":1,"featured_media":0,"parent":0,"menu_order":0,"comment_status":"closed","ping_status":"closed","template":"page-templates\/homepage.php","meta":{"footnotes":""},"class_list":["post-78","page","type-page","status-publish","hentry"],"_links":{"self":[{"href":"https:\/\/tarmakder.org.tr\/tarmek2021\/wp-json\/wp\/v2\/pages\/78","targetHints":{"allow":["GET"]}}],"collection":[{"href":"https:\/\/tarmakder.org.tr\/tarmek2021\/wp-json\/wp\/v2\/pages"}],"about":[{"href":"https:\/\/tarmakder.org.tr\/tarmek2021\/wp-json\/wp\/v2\/types\/page"}],"author":[{"embeddable":true,"href":"https:\/\/tarmakder.org.tr\/tarmek2021\/wp-json\/wp\/v2\/users\/1"}],"replies":[{"embeddable":true,"href":"https:\/\/tarmakder.org.tr\/tarmek2021\/wp-json\/wp\/v2\/comments?post=78"}],"version-history":[{"count":164,"href":"https:\/\/tarmakder.org.tr\/tarmek2021\/wp-json\/wp\/v2\/pages\/78\/revisions"}],"predecessor-version":[{"id":694,"href":"https:\/\/tarmakder.org.tr\/tarmek2021\/wp-json\/wp\/v2\/pages\/78\/revisions\/694"}],"wp:attachment":[{"href":"https:\/\/tarmakder.org.tr\/tarmek2021\/wp-json\/wp\/v2\/media?parent=78"}],"curies":[{"name":"wp","href":"https:\/\/api.w.org\/{rel}","templated":true}]}}