{"id":7,"date":"2021-05-25T21:22:35","date_gmt":"2021-05-25T18:22:35","guid":{"rendered":"https:\/\/tarmakder.org.tr\/tarmek2021\/?page_id=7"},"modified":"2021-06-01T18:13:40","modified_gmt":"2021-06-01T15:13:40","slug":"iletisim","status":"publish","type":"page","link":"https:\/\/tarmakder.org.tr\/tarmek2021\/iletisim\/","title":{"rendered":"\u0130leti\u015fim"},"content":{"rendered":"\n<p class=\"has-text-align-center\"><strong>E-posta:<\/strong> <a href=\"mailto:tarmek2021@isparta.edu.tr\">tarmek2021@isparta.edu.tr<\/a><\/p>\n\n\n\n<p class=\"has-text-align-center\"><strong>Adres: <\/strong>Isparta Uygulamal\u0131 Bilimler \u00dcniversitesi<br>Ziraat Fak\u00fcltesi<br>Tar\u0131m Makineleri ve Teknolojileri M\u00fchendisli\u011fi B\u00f6l\u00fcm\u00fc<br>Do\u011fu Yerle\u015fkesi<br>32260 \u00c7\u00fcn\u00fcr\/Isparta<\/p>\n","protected":false},"excerpt":{"rendered":"<p>E-posta: tarmek2021@isparta.edu.tr Adres: Isparta Uygulamal\u0131 Bilimler \u00dcniversitesiZiraat Fak\u00fcltesiTar\u0131m Makineleri ve Teknolojileri M\u00fchendisli\u011fi B\u00f6l\u00fcm\u00fcDo\u011fu Yerle\u015fkesi32260 \u00c7\u00fcn\u00fcr\/Isparta<\/p>\n","protected":false},"author":1,"featured_media":0,"parent":0,"menu_order":0,"comment_status":"closed","ping_status":"closed","template":"","meta":{"footnotes":""},"class_list":["post-7","page","type-page","status-publish","hentry"],"_links":{"self":[{"href":"https:\/\/tarmakder.org.tr\/tarmek2021\/wp-json\/wp\/v2\/pages\/7","targetHints":{"allow":["GET"]}}],"collection":[{"href":"https:\/\/tarmakder.org.tr\/tarmek2021\/wp-json\/wp\/v2\/pages"}],"about":[{"href":"https:\/\/tarmakder.org.tr\/tarmek2021\/wp-json\/wp\/v2\/types\/page"}],"author":[{"embeddable":true,"href":"https:\/\/tarmakder.org.tr\/tarmek2021\/wp-json\/wp\/v2\/users\/1"}],"replies":[{"embeddable":true,"href":"https:\/\/tarmakder.org.tr\/tarmek2021\/wp-json\/wp\/v2\/comments?post=7"}],"version-history":[{"count":5,"href":"https:\/\/tarmakder.org.tr\/tarmek2021\/wp-json\/wp\/v2\/pages\/7\/revisions"}],"predecessor-version":[{"id":356,"href":"https:\/\/tarmakder.org.tr\/tarmek2021\/wp-json\/wp\/v2\/pages\/7\/revisions\/356"}],"wp:attachment":[{"href":"https:\/\/tarmakder.org.tr\/tarmek2021\/wp-json\/wp\/v2\/media?parent=7"}],"curies":[{"name":"wp","href":"https:\/\/api.w.org\/{rel}","templated":true}]}}