{"id":48,"date":"2021-05-25T23:22:25","date_gmt":"2021-05-25T20:22:25","guid":{"rendered":"https:\/\/tarmakder.org.tr\/tarmek2021\/?page_id=48"},"modified":"2021-06-07T17:03:13","modified_gmt":"2021-06-07T14:03:13","slug":"kayit-ol","status":"publish","type":"page","link":"https:\/\/tarmakder.org.tr\/tarmek2021\/kayit-ol\/","title":{"rendered":"Kay\u0131t Ol"},"content":{"rendered":"\t<div class='user-registration ur-frontend-form  ur-frontend-form--rounded ur-frontend-form--rounded-edge .button { background-color: #4CAF50; \/* Green *\/ border: none; color: white; padding: 15px 32px; text-align: center; text-decoration: none; display: inline-block; font-size: 16px; }' id='user-registration-form-58'>\n\t\t\t\t\t\t\t\t<form method='post' class='register' data-form-id=\"58\"\n\t\t\t\tdata-enable-strength-password=\"\" data-minimum-password-strength=\"3\"\n\t\t\t\t\t\t\t\t\t\t\t\t\t\t\t data-captcha-enabled=\"1\">\n\n\t\t\t\t<div class=\"ur-form-row\" data-row-id=\"0\">\t\t\t\t\t\t\t<div class=\"ur-form-grid ur-grid-1\"\n\t\t\t\t\t\t\t\tstyle=\"width:99%\">\n\t\t\t\t\t\t\t\t\t\t\t\t\t\t\t\t<div  data-field-id=\"user_katilim_tercihi\" class=\"ur-field-item field-radio radioInline\" data-ref-id=\"user_katilim_tercihi\" data-field-pattern-enabled=\"0\" data-field-pattern-value=\" \" data-field-pattern-message=\" \">\n\t\t\t\t\t\t\t\t\t\t<div class=\"form-row validate-required\" id=\"user_katilim_tercihi_field\" data-priority=\"\" ><label for=\"Dinleyici\" class=\"ur-label\">Kat\u0131l\u0131m Tercihi <abbr class=\"required\" title=\"required\">*<\/abbr><\/label><ul><li class=\"ur-radio-list\"><input data-rules=\"\" data-id=\"user_katilim_tercihi\" type=\"radio\" class=\"input-radio ur-frontend-field \" value=\"Dinleyici\" name=\"user_katilim_tercihi\" id=\"user_katilim_tercihi_Dinleyici\" required=\"required\" data-label=\"Kat\u0131l\u0131m Tercihi\"  \/> <label for=\"user_katilim_tercihi_Dinleyici\" class=\"radio\">Dinleyici<\/label><\/li><\/ul><span class=\"description\">\u00a0\u00a0\u00a0\u00a0\u2022  Kat\u0131l\u0131m tercihinizi daha sonra de\u011fi\u015ftiremezsiniz.<\/span><\/div>\t\t\t\t\t\t\t\t\t<\/div>\n\t\t\t\t\t\t\t\t\t\t\t\t\t\t\t\t\t\t<div  data-field-id=\"user_kurum_adi\" class=\"ur-field-item field-text \" data-ref-id=\"user_kurum_adi\" data-field-pattern-enabled=\"0\" data-field-pattern-value=\" \" data-field-pattern-message=\" \">\n\t\t\t\t\t\t\t\t\t\t<div class=\"form-row validate-required\" id=\"user_kurum_adi_field\" data-priority=\"\" ><label for=\"user_kurum_adi\" class=\"ur-label\">Kurum Ad\u0131 <abbr class=\"required\" title=\"required\">*<\/abbr><\/label> <span class=\"input-wrapper\"> <input  data-rules=\"\" data-id=\"user_kurum_adi\" type=\"text\" class=\"input-text   input-text ur-frontend-field  \" name=\"user_kurum_adi\" id=\"user_kurum_adi\" placeholder=\"Isparta Uygulamal\u0131 Bilimler \u00dcniversitesi\"  value=\"\" required=\"required\" data-label=\"Kurum Ad\u0131\" maxlength=\"1000\" \/> <\/span> <\/div>\t\t\t\t\t\t\t\t\t<\/div>\n\t\t\t\t\t\t\t\t\t\t\t\t\t\t\t\t\t\t<div  data-field-id=\"user_unvan\" class=\"ur-field-item field-select \" data-ref-id=\"user_unvan\" data-field-pattern-enabled=\"0\" data-field-pattern-value=\" \" data-field-pattern-message=\" \">\n\t\t\t\t\t\t\t\t\t\t<div class=\"form-row validate-required\" id=\"user_unvan_field\" data-priority=\"\" ><label for=\"user_unvan\" class=\"ur-label\">\u00dcnvan <abbr class=\"required\" title=\"required\">*<\/abbr><\/label><select data-rules=\"\" data-id=\"user_unvan\" name=\"user_unvan\" id=\"user_unvan\" class=\"ur-field-address-country select ur-frontend-field  \" required=\"required\" data-label=\"\u00dcnvan\" data-allow_clear=\"true\" data-placeholder=\"Se\u00e7iniz\" data-state-enabled=\"\">\n\t\t\t\t\t<option value=\"\" selected disabled>Se\u00e7iniz<\/option><option value=\"Prof. Dr.\" >Prof. Dr.<\/option><option value=\"Do\u00e7. Dr.\" >Do\u00e7. Dr.<\/option><option value=\"Dr. \u00d6\u011fr. \u00dcyesi\" >Dr. \u00d6\u011fr. \u00dcyesi<\/option><option value=\"Dr.\" >Dr.<\/option><option value=\"\u00d6\u011fr. G\u00f6revlisi\" >\u00d6\u011fr. G\u00f6revlisi<\/option><option value=\"Ar\u015f. G\u00f6revlisi\" >Ar\u015f. G\u00f6revlisi<\/option><option value=\"M\u00fchendis\" >M\u00fchendis<\/option><option value=\"\u00d6\u011frenci\" >\u00d6\u011frenci<\/option><option value=\"Di\u011fer\" >Di\u011fer<\/option>\n\t\t\t\t\t<\/select><\/div>\t\t\t\t\t\t\t\t\t<\/div>\n\t\t\t\t\t\t\t\t\t\t\t\t\t\t\t\t\t\t<div  data-field-id=\"first_name\" class=\"ur-field-item field-first_name \" data-ref-id=\"first_name\" data-field-pattern-enabled=\"0\" data-field-pattern-value=\" \" data-field-pattern-message=\" \">\n\t\t\t\t\t\t\t\t\t\t<div class=\"form-row validate-required\" id=\"first_name_field\" data-priority=\"\" ><label for=\"first_name\" class=\"ur-label\">\u0130sim <abbr class=\"required\" title=\"required\">*<\/abbr><\/label> <span class=\"input-wrapper\"> <input  data-rules=\"\" data-id=\"first_name\" type=\"text\" class=\"input-text   input-text ur-frontend-field  \" name=\"first_name\" id=\"first_name\" placeholder=\"\u0130sminiz\"  value=\"\" required=\"required\" data-label=\"\u0130sim\" \/> <\/span> <\/div>\t\t\t\t\t\t\t\t\t<\/div>\n\t\t\t\t\t\t\t\t\t\t\t\t\t\t\t\t\t\t<div  data-field-id=\"last_name\" class=\"ur-field-item field-last_name \" data-ref-id=\"last_name\" data-field-pattern-enabled=\"0\" data-field-pattern-value=\" \" data-field-pattern-message=\" \">\n\t\t\t\t\t\t\t\t\t\t<div class=\"form-row validate-required\" id=\"last_name_field\" data-priority=\"\" ><label for=\"last_name\" class=\"ur-label\">Soyisim <abbr class=\"required\" title=\"required\">*<\/abbr><\/label> <span class=\"input-wrapper\"> <input  data-rules=\"\" data-id=\"last_name\" type=\"text\" class=\"input-text   input-text ur-frontend-field  \" name=\"last_name\" id=\"last_name\" placeholder=\"Soyisminiz\"  value=\"\" required=\"required\" data-label=\"Soyisim\" \/> <\/span> <\/div>\t\t\t\t\t\t\t\t\t<\/div>\n\t\t\t\t\t\t\t\t\t\t\t\t\t\t\t\t\t\t<div  data-field-id=\"user_email\" class=\"ur-field-item field-user_email \" data-ref-id=\"user_email\" data-field-pattern-enabled=\"0\" data-field-pattern-value=\" \" data-field-pattern-message=\" \">\n\t\t\t\t\t\t\t\t\t\t<div class=\"form-row validate-required\" id=\"user_email_field\" data-priority=\"\" ><label for=\"user_email\" class=\"ur-label\">E-posta <abbr class=\"required\" title=\"required\">*<\/abbr><\/label> <span class=\"input-wrapper\"> <input  data-rules=\"\" data-id=\"user_email\" type=\"email\" class=\"input-text   input-email ur-frontend-field  \" name=\"user_email\" id=\"user_email\" placeholder=\"isimsoyisim@universite.edu.tr\"  value=\"\" required=\"required\" data-label=\"E-posta\" \/> <\/span> <\/div>\t\t\t\t\t\t\t\t\t<\/div>\n\t\t\t\t\t\t\t\t\t\t\t\t\t\t\t\t\t\t<div  data-field-id=\"user_pass\" class=\"ur-field-item field-user_pass \" data-ref-id=\"user_pass\" data-field-pattern-enabled=\"0\" data-field-pattern-value=\" \" data-field-pattern-message=\" \">\n\t\t\t\t\t\t\t\t\t\t<div class=\"form-row validate-required hide_show_password\" id=\"user_pass_field\" data-priority=\"\"><label for=\"user_pass\" class=\"ur-label\">Parola <abbr class=\"required\" title=\"required\">*<\/abbr><\/label> <span class=\"input-wrapper\"> <span class=\"password-input-group input-form-field-icons\"><input data-rules=\"\" data-id=\"user_pass\" type=\"password\" class=\"input-text  input-password ur-frontend-field  \" name=\"user_pass\" id=\"user_pass\" placeholder=\"\"  value=\"\" required=\"required\" data-label=\"Parola\" \/><\/span> <\/span> <\/div>\t\t\t\t\t\t\t\t\t<\/div>\n\t\t\t\t\t\t\t\t\t\t\t\t\t\t\t\t<\/div>\n\t\t\t\t\t\t\t\t\t\t\t\t\t<\/div>\n\t\t\t\t\t\t\t\t\t\t\t\t\t\t\t\t\t\t<div class=\"ur-button-container \" >\n\t\t\t\t\t\t\t\t\t\t\t\t\t\t<button type=\"submit\" class=\"btn button ur-submit-button \"  conditional_rules=\"&quot;&quot;\">\n\t\t\t\t\t\t\t\t<span><\/span>\n\t\t\t\t\t\t\t\tKay\u0131t Ol\t\t\t\t\t\t\t<\/button>\n\t\t\t\t\t\t\t\t\t\t\t\t\t\t\t\t\t\t\t\t<\/div>\n\t\t\t\t\t\t\n\t\t\t\t<div style=\"clear:both\"><\/div>\n\t\t\t\t\t\t\t\t<input type=\"hidden\" name=\"ur-registration-language\" value=\"tr\"\/>\n\t\t\t\t<input type=\"hidden\" name=\"ur-user-form-id\" value=\"58\"\/>\n\t\t\t\t<input type=\"hidden\" name=\"ur-redirect-url\" value=\"https:\/\/tarmakder.org.tr\/tarmek2021\/profilim\/\"\/>\n\t\t\t\t<input type=\"hidden\" id=\"ur_frontend_form_nonce\" name=\"ur_frontend_form_nonce\" value=\"48c7c60084\" \/>\n\t\t\t\t\n\t\t\t<\/form>\n\t\t\t\n\t\t<div style=\"clear:both\"><\/div>\n\t<\/div>\n\n\n","protected":false},"excerpt":{"rendered":"","protected":false},"author":161,"featured_media":0,"parent":0,"menu_order":0,"comment_status":"closed","ping_status":"closed","template":"","meta":{"footnotes":""},"class_list":["post-48","page","type-page","status-publish","hentry"],"_links":{"self":[{"href":"https:\/\/tarmakder.org.tr\/tarmek2021\/wp-json\/wp\/v2\/pages\/48","targetHints":{"allow":["GET"]}}],"collection":[{"href":"https:\/\/tarmakder.org.tr\/tarmek2021\/wp-json\/wp\/v2\/pages"}],"about":[{"href":"https:\/\/tarmakder.org.tr\/tarmek2021\/wp-json\/wp\/v2\/types\/page"}],"author":[{"embeddable":true,"href":"https:\/\/tarmakder.org.tr\/tarmek2021\/wp-json\/wp\/v2\/users\/161"}],"replies":[{"embeddable":true,"href":"https:\/\/tarmakder.org.tr\/tarmek2021\/wp-json\/wp\/v2\/comments?post=48"}],"version-history":[{"count":2,"href":"https:\/\/tarmakder.org.tr\/tarmek2021\/wp-json\/wp\/v2\/pages\/48\/revisions"}],"predecessor-version":[{"id":61,"href":"https:\/\/tarmakder.org.tr\/tarmek2021\/wp-json\/wp\/v2\/pages\/48\/revisions\/61"}],"wp:attachment":[{"href":"https:\/\/tarmakder.org.tr\/tarmek2021\/wp-json\/wp\/v2\/media?parent=48"}],"curies":[{"name":"wp","href":"https:\/\/api.w.org\/{rel}","templated":true}]}}