{"id":46,"date":"2021-05-25T23:21:47","date_gmt":"2021-05-25T20:21:47","guid":{"rendered":"https:\/\/tarmakder.org.tr\/tarmek2021\/?page_id=46"},"modified":"2021-10-03T14:19:18","modified_gmt":"2021-10-03T11:19:18","slug":"program","status":"publish","type":"page","link":"https:\/\/tarmakder.org.tr\/tarmek2021\/program\/","title":{"rendered":"Program"},"content":{"rendered":"\n<div data-wp-interactive=\"core\/file\" class=\"wp-block-file aligncenter\"><object data-wp-bind--hidden=\"!state.hasPdfPreview\" hidden class=\"wp-block-file__embed\" data=\"https:\/\/tarmakder.org.tr\/tarmek2021\/wp-content\/uploads\/2021\/10\/Kongre-Programi_Guncelleme5-1.pdf\" type=\"application\/pdf\" style=\"width:100%;height:850px\" aria-label=\"Kongre-Programi_Guncelleme5-1 g\u00f6m\u00fcs\u00fc. g\u00f6m\u00fcs\u00fc.\"><\/object><a href=\"https:\/\/tarmakder.org.tr\/tarmek2021\/wp-content\/uploads\/2021\/10\/Kongre-Programi_Guncelleme5-1.pdf\">Kongre-Programi_Guncelleme5-1<\/a><a href=\"https:\/\/tarmakder.org.tr\/tarmek2021\/wp-content\/uploads\/2021\/10\/Kongre-Programi_Guncelleme5-1.pdf\" class=\"wp-block-file__button\" download>\u0130ndir<\/a><\/div>\n","protected":false},"excerpt":{"rendered":"","protected":false},"author":1,"featured_media":0,"parent":0,"menu_order":0,"comment_status":"closed","ping_status":"closed","template":"","meta":{"footnotes":""},"class_list":["post-46","page","type-page","status-publish","hentry"],"_links":{"self":[{"href":"https:\/\/tarmakder.org.tr\/tarmek2021\/wp-json\/wp\/v2\/pages\/46","targetHints":{"allow":["GET"]}}],"collection":[{"href":"https:\/\/tarmakder.org.tr\/tarmek2021\/wp-json\/wp\/v2\/pages"}],"about":[{"href":"https:\/\/tarmakder.org.tr\/tarmek2021\/wp-json\/wp\/v2\/types\/page"}],"author":[{"embeddable":true,"href":"https:\/\/tarmakder.org.tr\/tarmek2021\/wp-json\/wp\/v2\/users\/1"}],"replies":[{"embeddable":true,"href":"https:\/\/tarmakder.org.tr\/tarmek2021\/wp-json\/wp\/v2\/comments?post=46"}],"version-history":[{"count":15,"href":"https:\/\/tarmakder.org.tr\/tarmek2021\/wp-json\/wp\/v2\/pages\/46\/revisions"}],"predecessor-version":[{"id":711,"href":"https:\/\/tarmakder.org.tr\/tarmek2021\/wp-json\/wp\/v2\/pages\/46\/revisions\/711"}],"wp:attachment":[{"href":"https:\/\/tarmakder.org.tr\/tarmek2021\/wp-json\/wp\/v2\/media?parent=46"}],"curies":[{"name":"wp","href":"https:\/\/api.w.org\/{rel}","templated":true}]}}