{"id":44,"date":"2021-05-25T23:21:04","date_gmt":"2021-05-25T20:21:04","guid":{"rendered":"https:\/\/tarmakder.org.tr\/tarmek2021\/?page_id=44"},"modified":"2021-05-27T11:14:36","modified_gmt":"2021-05-27T08:14:36","slug":"kongre-konulari","status":"publish","type":"page","link":"https:\/\/tarmakder.org.tr\/tarmek2021\/kongre-konulari\/","title":{"rendered":"Kongre Konular\u0131"},"content":{"rendered":"\n<p><strong>Kongre D\u00fczenleme Kurulu taraf\u0131ndan yap\u0131lan \u00e7a\u011fr\u0131 konular\u0131 a\u015fa\u011f\u0131daki gibidir;<\/strong><br>   \u2022 T\u00fcrkiye\u2019nin genel tar\u0131msal mekanizasyon durumu,<br>   \u2022 Tar\u0131m makinelerinde son geli\u015fmeler,<br>   \u2022 Tar\u0131mda enerji kullan\u0131m\u0131 ve alternatif enerji kaynaklar\u0131,<br>   \u2022 Tar\u0131m makinelerinde i\u015fletme, planlama ve optimizasyon,<br>   \u2022 Tar\u0131msal at\u0131k y\u00f6netimi,<br>   \u2022 Tar\u0131m makinelerinde ergonomi ve g\u00fcvenlik,<br>   \u2022 Tar\u0131m makinelerinde modelleme, tasar\u0131m ve konstr\u00fcksiyon,<br>   \u2022 Tar\u0131msal mekanizasyon e\u011fitimi,<br>   \u2022 Hasat ve hasat sonras\u0131 mekanizasyon,<br>   \u2022 Hassas tar\u0131m uygulamalar\u0131,<br>   \u2022 Hayvanc\u0131l\u0131kta mekanizasyon.<\/p>\n","protected":false},"excerpt":{"rendered":"<p>Kongre D\u00fczenleme Kurulu taraf\u0131ndan yap\u0131lan \u00e7a\u011fr\u0131 konular\u0131 a\u015fa\u011f\u0131daki gibidir; \u2022 T\u00fcrkiye\u2019nin genel tar\u0131msal mekanizasyon durumu, \u2022 Tar\u0131m makinelerinde son geli\u015fmeler, \u2022 Tar\u0131mda enerji kullan\u0131m\u0131 ve alternatif enerji kaynaklar\u0131, \u2022 Tar\u0131m makinelerinde i\u015fletme, planlama ve optimizasyon, \u2022 Tar\u0131msal at\u0131k y\u00f6netimi, \u2022 Tar\u0131m makinelerinde ergonomi ve g\u00fcvenlik, \u2022 Tar\u0131m makinelerinde modelleme, tasar\u0131m ve konstr\u00fcksiyon, \u2022 Tar\u0131msal mekanizasyon&hellip; <br \/> <a class=\"button small blue\" href=\"https:\/\/tarmakder.org.tr\/tarmek2021\/kongre-konulari\/\">Devam\u0131<\/a><\/p>\n","protected":false},"author":161,"featured_media":0,"parent":0,"menu_order":0,"comment_status":"closed","ping_status":"closed","template":"","meta":{"footnotes":""},"class_list":["post-44","page","type-page","status-publish","hentry"],"_links":{"self":[{"href":"https:\/\/tarmakder.org.tr\/tarmek2021\/wp-json\/wp\/v2\/pages\/44","targetHints":{"allow":["GET"]}}],"collection":[{"href":"https:\/\/tarmakder.org.tr\/tarmek2021\/wp-json\/wp\/v2\/pages"}],"about":[{"href":"https:\/\/tarmakder.org.tr\/tarmek2021\/wp-json\/wp\/v2\/types\/page"}],"author":[{"embeddable":true,"href":"https:\/\/tarmakder.org.tr\/tarmek2021\/wp-json\/wp\/v2\/users\/161"}],"replies":[{"embeddable":true,"href":"https:\/\/tarmakder.org.tr\/tarmek2021\/wp-json\/wp\/v2\/comments?post=44"}],"version-history":[{"count":3,"href":"https:\/\/tarmakder.org.tr\/tarmek2021\/wp-json\/wp\/v2\/pages\/44\/revisions"}],"predecessor-version":[{"id":120,"href":"https:\/\/tarmakder.org.tr\/tarmek2021\/wp-json\/wp\/v2\/pages\/44\/revisions\/120"}],"wp:attachment":[{"href":"https:\/\/tarmakder.org.tr\/tarmek2021\/wp-json\/wp\/v2\/media?parent=44"}],"curies":[{"name":"wp","href":"https:\/\/api.w.org\/{rel}","templated":true}]}}