{"id":41,"date":"2021-05-25T23:20:12","date_gmt":"2021-05-25T20:20:12","guid":{"rendered":"https:\/\/tarmakder.org.tr\/tarmek2021\/?page_id=41"},"modified":"2021-08-14T22:39:11","modified_gmt":"2021-08-14T19:39:11","slug":"onemli-tarihler","status":"publish","type":"page","link":"https:\/\/tarmakder.org.tr\/tarmek2021\/onemli-tarihler\/","title":{"rendered":"\u00d6nemli Tarihler"},"content":{"rendered":"\n<div class=\"wp-block-columns is-layout-flex wp-container-core-columns-is-layout-9d6595d7 wp-block-columns-is-layout-flex\">\n<div class=\"wp-block-column is-layout-flow wp-block-column-is-layout-flow\" style=\"flex-basis:100%\">\n<div class=\"wp-block-columns is-layout-flex wp-container-core-columns-is-layout-9d6595d7 wp-block-columns-is-layout-flex\">\n<div class=\"wp-block-column is-layout-flow wp-block-column-is-layout-flow\" style=\"flex-basis:27%\"><\/div>\n\n\n\n<div class=\"wp-block-column is-layout-flow wp-block-column-is-layout-flow\">\n<figure class=\"wp-block-table\"><table><tbody><tr><td>Bildiri \u00d6zeti G\u00f6nderim Son Tarihi<\/td><td>31.08.2021<\/td><\/tr><tr><td>Kabul Edilen Bildirilerin \u0130lan\u0131<\/td><td>10.09.2021<\/td><\/tr><tr><td>Kongre Kay\u0131t ve \u00dccret \u00d6deme Son Tarihi<\/td><td>15.09.2021<\/td><\/tr><tr><td>Tam Metin Bildiri G\u00f6nderim Son Tarihi<\/td><td>15.09.2021<\/td><\/tr><tr><td>Kitap B\u00f6l\u00fcm\u00fc G\u00f6nderim Son Tarihi<\/td><td>15.10.2021<\/td><\/tr><tr><td>Kongre Tarihi<\/td><td>01-03 Ekim 2021<\/td><\/tr><\/tbody><\/table><\/figure>\n<\/div>\n\n\n\n<div class=\"wp-block-column is-layout-flow wp-block-column-is-layout-flow\" style=\"flex-basis:27%\"><\/div>\n<\/div>\n<\/div>\n<\/div>\n","protected":false},"excerpt":{"rendered":"<p>Bildiri \u00d6zeti G\u00f6nderim Son Tarihi 31.08.2021 Kabul Edilen Bildirilerin \u0130lan\u0131 10.09.2021 Kongre Kay\u0131t ve \u00dccret \u00d6deme Son Tarihi 15.09.2021 Tam Metin Bildiri G\u00f6nderim Son Tarihi 15.09.2021 Kitap B\u00f6l\u00fcm\u00fc G\u00f6nderim Son Tarihi 15.10.2021 Kongre Tarihi 01-03 Ekim 2021<\/p>\n","protected":false},"author":1,"featured_media":0,"parent":0,"menu_order":0,"comment_status":"closed","ping_status":"closed","template":"","meta":{"footnotes":""},"class_list":["post-41","page","type-page","status-publish","hentry"],"_links":{"self":[{"href":"https:\/\/tarmakder.org.tr\/tarmek2021\/wp-json\/wp\/v2\/pages\/41","targetHints":{"allow":["GET"]}}],"collection":[{"href":"https:\/\/tarmakder.org.tr\/tarmek2021\/wp-json\/wp\/v2\/pages"}],"about":[{"href":"https:\/\/tarmakder.org.tr\/tarmek2021\/wp-json\/wp\/v2\/types\/page"}],"author":[{"embeddable":true,"href":"https:\/\/tarmakder.org.tr\/tarmek2021\/wp-json\/wp\/v2\/users\/1"}],"replies":[{"embeddable":true,"href":"https:\/\/tarmakder.org.tr\/tarmek2021\/wp-json\/wp\/v2\/comments?post=41"}],"version-history":[{"count":10,"href":"https:\/\/tarmakder.org.tr\/tarmek2021\/wp-json\/wp\/v2\/pages\/41\/revisions"}],"predecessor-version":[{"id":656,"href":"https:\/\/tarmakder.org.tr\/tarmek2021\/wp-json\/wp\/v2\/pages\/41\/revisions\/656"}],"wp:attachment":[{"href":"https:\/\/tarmakder.org.tr\/tarmek2021\/wp-json\/wp\/v2\/media?parent=41"}],"curies":[{"name":"wp","href":"https:\/\/api.w.org\/{rel}","templated":true}]}}