{"id":31,"date":"2021-05-25T22:51:08","date_gmt":"2021-05-25T19:51:08","guid":{"rendered":"https:\/\/tarmakder.org.tr\/tarmek2021\/?page_id=31"},"modified":"2021-05-28T15:58:12","modified_gmt":"2021-05-28T12:58:12","slug":"bilim-kurulu","status":"publish","type":"page","link":"https:\/\/tarmakder.org.tr\/tarmek2021\/bilim-kurulu\/","title":{"rendered":"Bilimsel Dan\u0131\u015fma Kurulu"},"content":{"rendered":"<div class=\"tmm tmm_bilimsel-danisma-kurulu\"><div class=\"tmm_4_columns tmm_wrap tmm_theme_f\"><span class=\"tmm_two_containers_tablet\"><\/span><div class=\"tmm_container\"><div class=\"tmm_member\" style=\"border-top:#870000 solid 5px;\"><div class=\"tmm_textblock\"><div class=\"tmm_names\"><span class=\"tmm_fname\">Prof. Dr. Turhan KOYUNCU<\/span> <\/div><div class=\"tmm_job\">Ad\u0131yaman \u00dcniversitesi<\/div><div class=\"tmm_scblock\"><\/div><\/div><\/div><div class=\"tmm_member\" style=\"border-top:#870000 solid 5px;\"><div class=\"tmm_textblock\"><div class=\"tmm_names\"><span class=\"tmm_fname\">Prof. Dr. Ramazan \u00d6ZT\u00dcRK<\/span> <\/div><div class=\"tmm_job\">Ankara \u00dcniversitesi<\/div><div class=\"tmm_scblock\"><\/div><\/div><\/div><span class=\"tmm_two_containers_tablet\"><\/span><div class=\"tmm_member\" style=\"border-top:#870000 solid 5px;\"><div class=\"tmm_textblock\"><div class=\"tmm_names\"><span class=\"tmm_fname\">Prof. Dr. Mustafa G\u00f6kalp BOYDA\u015e<\/span> <\/div><div class=\"tmm_job\">Atat\u00fcrk \u00dcniversitesi<\/div><div class=\"tmm_scblock\"><\/div><\/div><\/div><div class=\"tmm_member\" style=\"border-top:#870000 solid 5px;\"><div class=\"tmm_textblock\"><div class=\"tmm_names\"><span class=\"tmm_fname\">Prof. Dr. \u0130brahim YAL\u00c7IN<\/span> <\/div><div class=\"tmm_job\">Ayd\u0131n Adnan Menderes \u00dcniversitesi<\/div><div class=\"tmm_scblock\"><\/div><\/div><\/div><span class=\"tmm_two_containers_tablet\"><\/span><\/div><span class=\"tmm_columns_containers_desktop\"><\/span><div class=\"tmm_container\"><div class=\"tmm_member\" style=\"border-top:#870000 solid 5px;\"><div class=\"tmm_textblock\"><div class=\"tmm_names\"><span class=\"tmm_fname\">Prof. Dr. Nazmi \u0130ZL\u0130<\/span> <\/div><div class=\"tmm_job\">Bursa Uluda\u011f \u00dcniversitesi<\/div><div class=\"tmm_scblock\"><\/div><\/div><\/div><div class=\"tmm_member\" style=\"border-top:#870000 solid 5px;\"><div class=\"tmm_textblock\"><div class=\"tmm_names\"><span class=\"tmm_fname\">Prof. Dr. Ahmet \u0130NCE<\/span> <\/div><div class=\"tmm_job\">\u00c7ukurova \u00dcniversitesi<\/div><div class=\"tmm_scblock\"><\/div><\/div><\/div><span class=\"tmm_two_containers_tablet\"><\/span><div class=\"tmm_member\" style=\"border-top:#870000 solid 5px;\"><div class=\"tmm_textblock\"><div class=\"tmm_names\"><span class=\"tmm_fname\">Prof. Dr. Abdullah SESS\u0130Z<\/span> <\/div><div class=\"tmm_job\">Dicle \u00dcniversitesi<\/div><div class=\"tmm_scblock\"><\/div><\/div><\/div><div class=\"tmm_member\" style=\"border-top:#870000 solid 5px;\"><div class=\"tmm_textblock\"><div class=\"tmm_names\"><span class=\"tmm_fname\">Prof. Dr. Erdem AYKAS<\/span> <\/div><div class=\"tmm_job\">Ege \u00dcniversitesi<\/div><div class=\"tmm_scblock\"><\/div><\/div><\/div><span class=\"tmm_two_containers_tablet\"><\/span><\/div><span class=\"tmm_columns_containers_desktop\"><\/span><div class=\"tmm_container\"><div class=\"tmm_member\" style=\"border-top:#870000 solid 5px;\"><div class=\"tmm_textblock\"><div class=\"tmm_names\"><span class=\"tmm_fname\">Prof. Dr. Yurtsever SOYSAL<\/span> <\/div><div class=\"tmm_job\">Hatay Mustafa Kemal \u00dcniversitesi<\/div><div class=\"tmm_scblock\"><\/div><\/div><\/div><div class=\"tmm_member\" style=\"border-top:#870000 solid 5px;\"><div class=\"tmm_textblock\"><div class=\"tmm_names\"><span class=\"tmm_fname\">Prof. Dr. Refik POLAT<\/span> <\/div><div class=\"tmm_job\">Karab\u00fck \u00dcniversitesi<\/div><div class=\"tmm_scblock\"><\/div><\/div><\/div><span class=\"tmm_two_containers_tablet\"><\/span><div class=\"tmm_member\" style=\"border-top:#870000 solid 5px;\"><div class=\"tmm_textblock\"><div class=\"tmm_names\"><span class=\"tmm_fname\">Prof. Dr. Kazim \u00c7ARMAN<\/span> <\/div><div class=\"tmm_job\">Sel\u00e7uk \u00dcniversitesi<\/div><div class=\"tmm_scblock\"><\/div><\/div><\/div><div class=\"tmm_member\" style=\"border-top:#870000 solid 5px;\"><div class=\"tmm_textblock\"><div class=\"tmm_names\"><span class=\"tmm_fname\">Prof. Dr. T\u00fcrkan AKTA\u015e<\/span> <\/div><div class=\"tmm_job\">Tekirda\u011f Nam\u0131k Kemal \u00dcniversitesi<\/div><div class=\"tmm_scblock\"><\/div><\/div><\/div><span class=\"tmm_two_containers_tablet\"><\/span><\/div><span class=\"tmm_columns_containers_desktop\"><\/span><div class=\"tmm_container\"><div class=\"tmm_member\" style=\"border-top:#870000 solid 5px;\"><div class=\"tmm_textblock\"><div class=\"tmm_names\"><span class=\"tmm_fname\">Prof. Dr. Ebubekir ALTUNTA\u015e<\/span> <\/div><div class=\"tmm_job\">Tokat Gaziosmanpa\u015fa \u00dcniversitesi<\/div><div class=\"tmm_scblock\"><\/div><\/div><\/div><div style=\"clear:both;\"><\/div><\/div><\/div><\/div>\n\n\n<div class=\"tmm tmm_bilimsel-danisma-kurulu-2\"><div class=\"tmm_5_columns tmm_wrap tmm_plugin_f\"><span class=\"tmm_two_containers_tablet\"><\/span><div class=\"tmm_container\"><div class=\"tmm_member\" style=\"border-top:#870000 solid 5px;\"><div class=\"tmm_textblock\"><div class=\"tmm_names\"><span class=\"tmm_fname\">Do\u00e7. Dr. H\u00fcseyin K\u00fcr\u015fat \u00c7EL\u0130K<\/span> <\/div><div class=\"tmm_job\">Akdeniz \u00dcniversitesi<\/div><div class=\"tmm_scblock\"><\/div><\/div><\/div><div class=\"tmm_member\" style=\"border-top:#870000 solid 5px;\"><div class=\"tmm_textblock\"><div class=\"tmm_names\"><span class=\"tmm_fname\">Do\u00e7. Dr. An\u0131l \u00c7AY<\/span> <\/div><div class=\"tmm_job\">\u00c7anakkale Onsekiz Mart \u00dcniversitesi<\/div><div class=\"tmm_scblock\"><\/div><\/div><\/div><span class=\"tmm_two_containers_tablet\"><\/span><div class=\"tmm_member\" style=\"border-top:#870000 solid 5px;\"><div class=\"tmm_textblock\"><div class=\"tmm_names\"><span class=\"tmm_fname\">Do\u00e7. Dr. Ko\u00e7 Mehmet TU\u011eRUL<\/span> <\/div><div class=\"tmm_job\">Eski\u015fehir Osmangazi \u00dcniversitesi<\/div><div class=\"tmm_scblock\"><\/div><\/div><\/div><div class=\"tmm_member\" style=\"border-top:#870000 solid 5px;\"><div class=\"tmm_textblock\"><div class=\"tmm_names\"><span class=\"tmm_fname\">Do\u00e7. Dr. Sefa ALTIKAT<\/span> <\/div><div class=\"tmm_job\">I\u011fd\u0131r \u00dcniversitesi<\/div><div class=\"tmm_scblock\"><\/div><\/div><\/div><span class=\"tmm_two_containers_tablet\"><\/span><div class=\"tmm_member\" style=\"border-top:#870000 solid 5px;\"><div class=\"tmm_textblock\"><div class=\"tmm_names\"><span class=\"tmm_fname\">Do\u00e7. Dr. Bahad\u0131r SAYINCI<\/span> <\/div><div class=\"tmm_job\">Mersin \u00dcniversitesi<\/div><div class=\"tmm_scblock\"><\/div><\/div><\/div><\/div><span class=\"tmm_columns_containers_desktop\"><\/span><div class=\"tmm_container\"><div class=\"tmm_member\" style=\"border-top:#870000 solid 5px;\"><div class=\"tmm_textblock\"><div class=\"tmm_names\"><span class=\"tmm_fname\">Do\u00e7. Dr. Taner YILDIZ<\/span> <\/div><div class=\"tmm_job\">Ondokuz May\u0131s \u00dcniversitesi<\/div><div class=\"tmm_scblock\"><\/div><\/div><\/div><span class=\"tmm_two_containers_tablet\"><\/span><div class=\"tmm_member\" style=\"border-top:#870000 solid 5px;\"><div class=\"tmm_textblock\"><div class=\"tmm_names\"><span class=\"tmm_fname\">Do\u00e7. Dr. Mehmet F\u0131rat BARAN<\/span> <\/div><div class=\"tmm_job\">Siirt \u00dcniversitesi<\/div><div class=\"tmm_scblock\"><\/div><\/div><\/div><div class=\"tmm_member\" style=\"border-top:#870000 solid 5px;\"><div class=\"tmm_textblock\"><div class=\"tmm_names\"><span class=\"tmm_fname\">Do\u00e7. Dr. Ali BOLAT<\/span> <\/div><div class=\"tmm_job\">TAGEM<\/div><div class=\"tmm_scblock\"><\/div><\/div><\/div><span class=\"tmm_two_containers_tablet\"><\/span><div class=\"tmm_member\" style=\"border-top:#870000 solid 5px;\"><div class=\"tmm_textblock\"><div class=\"tmm_names\"><span class=\"tmm_fname\">Do\u00e7. Dr. Tanzer ERYILMAZ<\/span> <\/div><div class=\"tmm_job\">Yozgat Bozok \u00dcniversitesi<\/div><div class=\"tmm_scblock\"><\/div><\/div><\/div><div style=\"clear:both;\"><\/div><\/div><\/div><\/div>\n\n\n<div class=\"tmm tmm_bilimsel-danisma-kurulu-3\"><div class=\"tmm_5_columns tmm_wrap tmm_plugin_f\"><span class=\"tmm_two_containers_tablet\"><\/span><div class=\"tmm_container\"><div class=\"tmm_member\" style=\"border-top:#870000 solid 5px;\"><div class=\"tmm_textblock\"><div class=\"tmm_names\"><span class=\"tmm_fname\">Dr. \u00d6\u011fr. \u00dcyesi Zeynep DUMANO\u011eLU<\/span> <\/div><div class=\"tmm_job\">Bing\u00f6l \u00dcniversitesi<\/div><div class=\"tmm_scblock\"><\/div><\/div><\/div><div class=\"tmm_member\" style=\"border-top:#870000 solid 5px;\"><div class=\"tmm_textblock\"><div class=\"tmm_names\"><span class=\"tmm_fname\">Dr. \u00d6\u011fr. \u00dcyesi Bahad\u0131r DEM\u0130REL<\/span> <\/div><div class=\"tmm_job\">Erciyes \u00dcniversitesi<\/div><div class=\"tmm_scblock\"><\/div><\/div><\/div><span class=\"tmm_two_containers_tablet\"><\/span><div class=\"tmm_member\" style=\"border-top:#870000 solid 5px;\"><div class=\"tmm_textblock\"><div class=\"tmm_names\"><span class=\"tmm_fname\">Dr. \u00d6\u011fr. \u00dcyesi Ferhat K\u00dcP<\/span> <\/div><div class=\"tmm_job\">Harran \u00dcniversitesi<\/div><div class=\"tmm_scblock\"><\/div><\/div><\/div><div class=\"tmm_member\" style=\"border-top:#870000 solid 5px;\"><div class=\"tmm_textblock\"><div class=\"tmm_names\"><span class=\"tmm_fname\">Dr. \u00d6\u011fr. \u00dcyesi Hayrettin KARAD\u00d6L<\/span> <\/div><div class=\"tmm_job\">Kahramanmara\u015f S\u00fct\u00e7\u00fc \u0130mam \u00dcniversitesi<\/div><div class=\"tmm_scblock\"><\/div><\/div><\/div><span class=\"tmm_two_containers_tablet\"><\/span><div class=\"tmm_member\" style=\"border-top:#870000 solid 5px;\"><div class=\"tmm_textblock\"><div class=\"tmm_names\"><span class=\"tmm_fname\">Dr. \u00d6\u011fr. \u00dcyesi G\u00fclden \u00d6ZG\u00dcNALTAY ERTU\u011eRUL<\/span> <\/div><div class=\"tmm_job\">K\u0131r\u015fehir Ahi Evran \u00dcniversitesi<\/div><div class=\"tmm_scblock\"><\/div><\/div><\/div><\/div><span class=\"tmm_columns_containers_desktop\"><\/span><div class=\"tmm_container\"><div class=\"tmm_member\" style=\"border-top:#870000 solid 5px;\"><div class=\"tmm_textblock\"><div class=\"tmm_names\"><span class=\"tmm_fname\">Dr. \u00d6\u011fr. \u00dcyesi Mehmet Zahid MALASLI<\/span> <\/div><div class=\"tmm_job\">Necmettin Erbakan \u00dcniversitesi<\/div><div class=\"tmm_scblock\"><\/div><\/div><\/div><span class=\"tmm_two_containers_tablet\"><\/span><div class=\"tmm_member\" style=\"border-top:#870000 solid 5px;\"><div class=\"tmm_textblock\"><div class=\"tmm_names\"><span class=\"tmm_fname\">Dr. Arzu AYDAR<\/span> <\/div><div class=\"tmm_job\">TAGEM<\/div><div class=\"tmm_scblock\"><\/div><\/div><\/div><div class=\"tmm_member\" style=\"border-top:#870000 solid 5px;\"><div class=\"tmm_textblock\"><div class=\"tmm_names\"><span class=\"tmm_fname\">Dr. Yasemin VURARAK<\/span> <\/div><div class=\"tmm_job\">TAGEM<\/div><div class=\"tmm_scblock\"><\/div><\/div><\/div><span class=\"tmm_two_containers_tablet\"><\/span><div class=\"tmm_member\" style=\"border-top:#870000 solid 5px;\"><div class=\"tmm_textblock\"><div class=\"tmm_names\"><span class=\"tmm_fname\">Dr. Zinnur G\u00d6Z\u00dcB\u00dcY\u00dcK<\/span> <\/div><div class=\"tmm_job\">TAGEM<\/div><div class=\"tmm_scblock\"><\/div><\/div><\/div><div style=\"clear:both;\"><\/div><\/div><\/div><\/div>\n","protected":false},"excerpt":{"rendered":"","protected":false},"author":161,"featured_media":0,"parent":0,"menu_order":0,"comment_status":"closed","ping_status":"closed","template":"","meta":{"footnotes":""},"class_list":["post-31","page","type-page","status-publish","hentry"],"_links":{"self":[{"href":"https:\/\/tarmakder.org.tr\/tarmek2021\/wp-json\/wp\/v2\/pages\/31","targetHints":{"allow":["GET"]}}],"collection":[{"href":"https:\/\/tarmakder.org.tr\/tarmek2021\/wp-json\/wp\/v2\/pages"}],"about":[{"href":"https:\/\/tarmakder.org.tr\/tarmek2021\/wp-json\/wp\/v2\/types\/page"}],"author":[{"embeddable":true,"href":"https:\/\/tarmakder.org.tr\/tarmek2021\/wp-json\/wp\/v2\/users\/161"}],"replies":[{"embeddable":true,"href":"https:\/\/tarmakder.org.tr\/tarmek2021\/wp-json\/wp\/v2\/comments?post=31"}],"version-history":[{"count":15,"href":"https:\/\/tarmakder.org.tr\/tarmek2021\/wp-json\/wp\/v2\/pages\/31\/revisions"}],"predecessor-version":[{"id":179,"href":"https:\/\/tarmakder.org.tr\/tarmek2021\/wp-json\/wp\/v2\/pages\/31\/revisions\/179"}],"wp:attachment":[{"href":"https:\/\/tarmakder.org.tr\/tarmek2021\/wp-json\/wp\/v2\/media?parent=31"}],"curies":[{"name":"wp","href":"https:\/\/api.w.org\/{rel}","templated":true}]}}