{"id":29,"date":"2021-05-25T22:50:30","date_gmt":"2021-05-25T19:50:30","guid":{"rendered":"https:\/\/tarmakder.org.tr\/tarmek2021\/?page_id=29"},"modified":"2021-05-28T22:57:37","modified_gmt":"2021-05-28T19:57:37","slug":"duzenleme-kurulu","status":"publish","type":"page","link":"https:\/\/tarmakder.org.tr\/tarmek2021\/duzenleme-kurulu\/","title":{"rendered":"D\u00fczenleme Kurulu"},"content":{"rendered":"\n<h4 class=\"has-text-align-center wp-block-heading\"><strong>Kongre Onursal Ba\u015fkan\u0131<\/strong><\/h4>\n\n\n<div class=\"tmm tmm_kongre-onursal-baskani\"><div class=\"tmm_4_columns tmm_wrap tmm_plugin_f\"><span class=\"tmm_two_containers_tablet\"><\/span><div class=\"tmm_container\"><div class=\"tmm_member\" style=\"border-top:#870000 solid 5px;\"><div class=\"tmm_photo tmm_pic_kongre-onursal-baskani_0\" style=\"background: url(https:\/\/tarmakder.org.tr\/tarmek2021\/wp-content\/uploads\/2021\/05\/ibrahim_diler.jpg); margin-left: auto; margin-right:auto; background-size:cover !important;\"><\/div><div class=\"tmm_textblock\"><div class=\"tmm_names\"><span class=\"tmm_fname\">Prof. Dr. \u0130brahim D\u0130LER<\/span> <\/div><div class=\"tmm_job\">Isparta Uygulamal\u0131 Bilimler \u00dcniversitesi Rekt\u00f6r\u00fc<\/div><div class=\"tmm_scblock\"><\/div><\/div><\/div><div style=\"clear:both;\"><\/div><\/div><\/div><\/div>\n\n\n\n<h4 class=\"has-text-align-center wp-block-heading\"><strong>Kongre Genel Ba\u015fkan\u0131<\/strong><\/h4>\n\n\n<div class=\"tmm tmm_kongre-genel-baskani\"><div class=\"tmm_4_columns tmm_wrap tmm_plugin_f\"><span class=\"tmm_two_containers_tablet\"><\/span><div class=\"tmm_container\"><div class=\"tmm_member\" style=\"border-top:#870000 solid 5px;\"><div class=\"tmm_photo tmm_pic_kongre-genel-baskani_0\" style=\"background: url(https:\/\/tarmakder.org.tr\/tarmek2021\/wp-content\/uploads\/2021\/05\/mevlut-gul.jpg); margin-left: auto; margin-right:auto; background-size:cover !important;\"><\/div><div class=\"tmm_textblock\"><div class=\"tmm_names\"><span class=\"tmm_fname\">Prof. Dr. Mevl\u00fct G\u00dcL<\/span> <\/div><div class=\"tmm_job\">Ziraat Fak\u00fcltesi Dekan\u0131<\/div><div class=\"tmm_scblock\"><\/div><\/div><\/div><div style=\"clear:both;\"><\/div><\/div><\/div><\/div>\n\n\n\n<h4 class=\"has-text-align-center wp-block-heading\"><strong>Kongre D\u00fczenleme Kurulu Ba\u015fkan\u0131<\/strong><\/h4>\n\n\n<div class=\"tmm tmm_kongre-duzenleme-kurulu-baskani\"><div class=\"tmm_3_columns tmm_wrap tmm_plugin_f\"><span class=\"tmm_two_containers_tablet\"><\/span><div class=\"tmm_container\"><div class=\"tmm_member\" style=\"border-top:#870000 solid 5px;\"><div class=\"tmm_photo tmm_pic_kongre-duzenleme-kurulu-baskani_0\" style=\"background: url(https:\/\/tarmakder.org.tr\/tarmek2021\/wp-content\/uploads\/2021\/05\/d_yilmaz.jpg); margin-left: auto; margin-right:auto; background-size:cover !important;\"><\/div><div class=\"tmm_textblock\"><div class=\"tmm_names\"><span class=\"tmm_fname\">Prof. Dr. Deniz YILMAZ<\/span> <\/div><div class=\"tmm_scblock\"><\/div><\/div><\/div><div style=\"clear:both;\"><\/div><\/div><\/div><\/div>\n\n\n\n<h4 class=\"has-text-align-center wp-block-heading\"><strong>Kongre Sekreteryas\u0131<\/strong><\/h4>\n\n\n<div class=\"tmm tmm_kongre-sekreteryasi\"><div class=\"tmm_3_columns tmm_wrap tmm_plugin_f\"><span class=\"tmm_two_containers_tablet\"><\/span><div class=\"tmm_container\"><div class=\"tmm_member\" style=\"border-top:#333333 solid 5px;\"><div class=\"tmm_textblock\"><div class=\"tmm_names\"><span class=\"tmm_fname\">Do\u00e7. Dr. Osman G\u00d6KDO\u011eAN<\/span> <\/div><div class=\"tmm_scblock\"><\/div><\/div><\/div><div class=\"tmm_member\" style=\"border-top:#333333 solid 5px;\"><div class=\"tmm_textblock\"><div class=\"tmm_names\"><span class=\"tmm_fname\">Dr. \u00d6\u011fr. \u00dcyesi \u00d6nder UYSAL<\/span> <\/div><div class=\"tmm_scblock\"><\/div><\/div><\/div><span class=\"tmm_two_containers_tablet\"><\/span><div class=\"tmm_member\" style=\"border-top:#333333 solid 5px;\"><div class=\"tmm_textblock\"><div class=\"tmm_names\"><span class=\"tmm_fname\">Ar\u015f. G\u00f6r. Mehmet Emin G\u00d6KDUMAN<\/span> <\/div><div class=\"tmm_scblock\"><\/div><\/div><\/div><div style=\"clear:both;\"><\/div><\/div><\/div><\/div>\n\n\n\n<h4 class=\"has-text-align-center wp-block-heading\"><strong>Kongre D\u00fczenleme Kurulu \u00dcyeleri<\/strong><\/h4>\n\n\n<div class=\"tmm tmm_kongre-duzenleme-kurulu-uyeleri\"><div class=\"tmm_4_columns tmm_wrap tmm_plugin_f\"><span class=\"tmm_two_containers_tablet\"><\/span><div class=\"tmm_container\"><div class=\"tmm_member\" style=\"border-top:#333333 solid 5px;\"><div class=\"tmm_textblock\"><div class=\"tmm_names\"><span class=\"tmm_fname\">Prof. Dr. Deniz YILMAZ<\/span> <\/div><div class=\"tmm_scblock\"><\/div><\/div><\/div><div class=\"tmm_member\" style=\"border-top:#333333 solid 5px;\"><div class=\"tmm_textblock\"><div class=\"tmm_names\"><span class=\"tmm_fname\">Prof. Dr. Kamil EK\u0130NC\u0130<\/span> <\/div><div class=\"tmm_scblock\"><\/div><\/div><\/div><span class=\"tmm_two_containers_tablet\"><\/span><div class=\"tmm_member\" style=\"border-top:#333333 solid 5px;\"><div class=\"tmm_textblock\"><div class=\"tmm_names\"><span class=\"tmm_fname\">Prof. Dr. Ahmet Kamil BAYHAN<\/span> <\/div><div class=\"tmm_scblock\"><\/div><\/div><\/div><div class=\"tmm_member\" style=\"border-top:#333333 solid 5px;\"><div class=\"tmm_textblock\"><div class=\"tmm_names\"><span class=\"tmm_fname\">Prof. Dr. Davut AKBOLAT<\/span> <\/div><div class=\"tmm_scblock\"><\/div><\/div><\/div><span class=\"tmm_two_containers_tablet\"><\/span><\/div><span class=\"tmm_columns_containers_desktop\"><\/span><div class=\"tmm_container\"><div class=\"tmm_member\" style=\"border-top:#333333 solid 5px;\"><div class=\"tmm_textblock\"><div class=\"tmm_names\"><span class=\"tmm_fname\">Prof. Dr. Recep K\u00dcLC\u00dc<\/span> <\/div><div class=\"tmm_scblock\"><\/div><\/div><\/div><div class=\"tmm_member\" style=\"border-top:#333333 solid 5px;\"><div class=\"tmm_textblock\"><div class=\"tmm_names\"><span class=\"tmm_fname\">Prof. Dr. Tuna DO\u011eAN<\/span> <\/div><div class=\"tmm_scblock\"><\/div><\/div><\/div><span class=\"tmm_two_containers_tablet\"><\/span><div class=\"tmm_member\" style=\"border-top:#333333 solid 5px;\"><div class=\"tmm_textblock\"><div class=\"tmm_names\"><span class=\"tmm_fname\">Do\u00e7. Dr. Sevil KARAASLAN<\/span> <\/div><div class=\"tmm_scblock\"><\/div><\/div><\/div><div class=\"tmm_member\" style=\"border-top:#333333 solid 5px;\"><div class=\"tmm_textblock\"><div class=\"tmm_names\"><span class=\"tmm_fname\">Do\u00e7. Dr. Osman G\u00d6KDO\u011eAN<\/span> <\/div><div class=\"tmm_scblock\"><\/div><\/div><\/div><span class=\"tmm_two_containers_tablet\"><\/span><\/div><span class=\"tmm_columns_containers_desktop\"><\/span><div class=\"tmm_container\"><div class=\"tmm_member\" style=\"border-top:#333333 solid 5px;\"><div class=\"tmm_textblock\"><div class=\"tmm_names\"><span class=\"tmm_fname\">Dr. \u00d6\u011fr. \u00dcyesi \u00d6nder UYSAL<\/span> <\/div><div class=\"tmm_scblock\"><\/div><\/div><\/div><div class=\"tmm_member\" style=\"border-top:#333333 solid 5px;\"><div class=\"tmm_textblock\"><div class=\"tmm_names\"><span class=\"tmm_fname\">\u00d6\u011fr. G\u00f6r. Selim UYSAL<\/span> <\/div><div class=\"tmm_scblock\"><\/div><\/div><\/div><span class=\"tmm_two_containers_tablet\"><\/span><div class=\"tmm_member\" style=\"border-top:#333333 solid 5px;\"><div class=\"tmm_textblock\"><div class=\"tmm_names\"><span class=\"tmm_fname\">Ar\u015f. G\u00f6r. Mehmet Emin G\u00d6KDUMAN<\/span> <\/div><div class=\"tmm_scblock\"><\/div><\/div><\/div><div style=\"clear:both;\"><\/div><\/div><\/div><\/div>\n\n\n\n<pre class=\"wp-block-preformatted\"><code><strong>Mizanpaj<\/strong><\/code>\nDr. \u00d6\u011fr. Ahmet S\u00dcSL\u00dc<\/pre>\n\n\n\n<p><\/p>\n","protected":false},"excerpt":{"rendered":"<p>Kongre Onursal Ba\u015fkan\u0131 Kongre Genel Ba\u015fkan\u0131 Kongre D\u00fczenleme Kurulu Ba\u015fkan\u0131 Kongre Sekreteryas\u0131 Kongre D\u00fczenleme Kurulu \u00dcyeleri Mizanpaj Dr. \u00d6\u011fr. Ahmet S\u00dcSL\u00dc<\/p>\n","protected":false},"author":1,"featured_media":0,"parent":0,"menu_order":0,"comment_status":"closed","ping_status":"closed","template":"","meta":{"footnotes":""},"class_list":["post-29","page","type-page","status-publish","hentry"],"_links":{"self":[{"href":"https:\/\/tarmakder.org.tr\/tarmek2021\/wp-json\/wp\/v2\/pages\/29","targetHints":{"allow":["GET"]}}],"collection":[{"href":"https:\/\/tarmakder.org.tr\/tarmek2021\/wp-json\/wp\/v2\/pages"}],"about":[{"href":"https:\/\/tarmakder.org.tr\/tarmek2021\/wp-json\/wp\/v2\/types\/page"}],"author":[{"embeddable":true,"href":"https:\/\/tarmakder.org.tr\/tarmek2021\/wp-json\/wp\/v2\/users\/1"}],"replies":[{"embeddable":true,"href":"https:\/\/tarmakder.org.tr\/tarmek2021\/wp-json\/wp\/v2\/comments?post=29"}],"version-history":[{"count":16,"href":"https:\/\/tarmakder.org.tr\/tarmek2021\/wp-json\/wp\/v2\/pages\/29\/revisions"}],"predecessor-version":[{"id":214,"href":"https:\/\/tarmakder.org.tr\/tarmek2021\/wp-json\/wp\/v2\/pages\/29\/revisions\/214"}],"wp:attachment":[{"href":"https:\/\/tarmakder.org.tr\/tarmek2021\/wp-json\/wp\/v2\/media?parent=29"}],"curies":[{"name":"wp","href":"https:\/\/api.w.org\/{rel}","templated":true}]}}