{"id":199,"date":"2021-05-28T16:38:59","date_gmt":"2021-05-28T13:38:59","guid":{"rendered":"https:\/\/tarmakder.org.tr\/tarmek2021\/?page_id=199"},"modified":"2021-05-31T17:46:28","modified_gmt":"2021-05-31T14:46:28","slug":"katilim-ucretleri","status":"publish","type":"page","link":"https:\/\/tarmakder.org.tr\/tarmek2021\/katilim-ucretleri\/","title":{"rendered":"Kat\u0131l\u0131m \u00dccretleri"},"content":{"rendered":"<div id=\"rpt_pricr\" class=\"rpt_plans rpt_3_plans rpt_style_basic\"><div class=\"\"><div class=\"rpt_plan  rpt_plugin_f rpt_plan_0  \"><div style=\"text-align:center;\" class=\"rpt_title rpt_title_0\">Kat\u0131l\u0131m \u00dccreti<\/div><div class=\"rpt_head rpt_head_0\"><div class=\"rpt_price rpt_price_0\"><sup class=\"rpt_currency\"><\/sup>175 TL<\/div><\/div><a target=\"_blank\" href=\"https:\/\/tarmakder.org.tr\/tarmek2021\/kayit-ol\/\" style=\"background:#8dba09\" class=\"rpt_foot rpt_foot_0\">KATIL<\/a><\/div><div class=\"rpt_plan  rpt_plugin_f rpt_plan_1  \"><div style=\"text-align:center;\" class=\"rpt_title rpt_title_1\">Tarmakder \u00dcyeleri<\/div><div class=\"rpt_head rpt_head_1\"><div class=\"rpt_price rpt_price_1\"><sup class=\"rpt_currency\"><\/sup>150 TL<\/div><\/div><a target=\"_blank\" href=\"https:\/\/tarmakder.org.tr\/tarmek2021\/kayit-ol\/\" style=\"background:#8dba09\" class=\"rpt_foot rpt_foot_1\">KATIL<\/a><\/div><div class=\"rpt_plan  rpt_plugin_f rpt_plan_2  \"><div style=\"text-align:center;\" class=\"rpt_title rpt_title_2\">\u00d6\u011frenci<\/div><div class=\"rpt_head rpt_head_2\"><div class=\"rpt_price rpt_price_2\"><sup class=\"rpt_currency\"><\/sup>100 TL<\/div><div class=\"rpt_description rpt_description_2\">Herhangi bir kurumda \u00e7al\u0131\u015fan lisans ve lisans\u00fcst\u00fc \u00f6\u011frenciler hari\u00e7.<\/div><\/div><a target=\"_blank\" href=\"https:\/\/tarmakder.org.tr\/tarmek2021\/kayit-ol\/\" style=\"background:#8dba09\" class=\"rpt_foot rpt_foot_2\">KATIL<\/a><\/div><\/div><\/div><div style=\"clear:both;\"><\/div>\n\n\n\n<figure><p><\/p><p style=\"text-align:left !important\"><strong>*   &nbsp;&nbsp;&nbsp;&nbsp;&nbsp;&nbsp;&nbsp;: Kat\u0131l\u0131m \u00fccreti en fazla 2 bildiri sunumu ya da dinleyici i\u00e7in ge\u00e7erlidir.<br><br>** &nbsp;&nbsp;&nbsp;&nbsp;      : Kongrede sunulan bildirilerin \u00f6zetleri ve tam metinleri (yazar\u0131n iste\u011fine g\u00f6re) Kongre Bildiri Kitab\u0131nda elekronik (pdf) olarak bas\u0131lacakt\u0131r.<br><br>***   &nbsp;&nbsp;   : Kongrede sunulan bildirilerin tam metinleri (yazar\u0131n iste\u011fine g\u00f6re), Tar\u0131m Makinalar\u0131 Bilimi Dergisi taraf\u0131ndan kabul edildi\u011fi takdirde yay\u0131nlanacakt\u0131r. Bildirilerin dergiye ba\u015fvurusu ve takibi yazar taraf\u0131ndan yap\u0131lacakt\u0131r.<br><br>****&nbsp;&nbsp;: Kongrede sunulan ve hakem de\u011ferlendirmesi tamamlanm\u0131\u015f bildirilerin tam metinleri (yazar\u0131n iste\u011fine g\u00f6re) Uluslararas\u0131 yay\u0131nevi stat\u00fcs\u00fcnde olan Akademisyen Kitabevi taraf\u0131ndan \u201cTar\u0131msal Mekanizasyon ve Enerji \u00dczerine G\u00fcncel Ara\u015ft\u0131rmalar\u201d isimli kitapta, kitap b\u00f6l\u00fcm\u00fc olarak bas\u0131lacakt\u0131r. Kitap b\u00f6l\u00fcm\u00fc say\u0131s\u0131 her bir kat\u0131l\u0131mc\u0131 1 adet ile s\u0131n\u0131rl\u0131d\u0131r. Bildirilerin takibi kongre d\u00fczenleme kurulu taraf\u0131ndan takip edilecektir.<\/strong><\/p><\/figure>\n\n\n\n<p>Kay\u0131t \u00fccretini a\u015fa\u011f\u0131daki hesaba g\u00f6nderip dekontunuzu<strong> <a href=\"mailto:tarmek2021@isparta.edu.tr\">tarmek2021@isparta.edu.tr<\/a><\/strong> g\u00f6nderiniz.<\/p>\n\n\n\n<p><strong>Hesap Ad\u0131: <\/strong>Tar\u0131m Makinalar\u0131 Derne\u011fi<br><strong>Hesap Numaras\u0131: <\/strong>T.C. Garanti Bankas\u0131 \u015eube Ad\u0131 : Ege \u00dcniversitesi \u015eubesi (\u015eube Kodu = 524) Hesap No : 6299922 IBAN: <strong>TR85 0006 2000 5240 0006 2999 22<\/strong><br><strong>A\u00e7\u0131klama k\u0131sm\u0131na \u201c Kat\u0131l\u0131mc\u0131 Ad\u0131-Soyad\u0131 ve BA\u011eI\u015e\u201d yaz\u0131lmas\u0131 rica ederiz.<\/strong><\/p>\n\n\n\n<p>\u00d6rne\u011fin: Deniz YILMAZ, BA\u011eI\u015e<\/p>\n\n\n\n<p>Kongre Kat\u0131l\u0131m ve Kabul Belgeleri online olarak kay\u0131t yapan kat\u0131l\u0131mc\u0131lar\u0131n maillerine g\u00f6nderilecektir.<\/p>\n\n\n\n<p><\/p>\n","protected":false},"excerpt":{"rendered":"<p>* &nbsp;&nbsp;&nbsp;&nbsp;&nbsp;&nbsp;&nbsp;: Kat\u0131l\u0131m \u00fccreti en fazla 2 bildiri sunumu ya da dinleyici i\u00e7in ge\u00e7erlidir. ** &nbsp;&nbsp;&nbsp;&nbsp; : Kongrede sunulan bildirilerin \u00f6zetleri ve tam metinleri (yazar\u0131n iste\u011fine g\u00f6re) Kongre Bildiri Kitab\u0131nda elekronik (pdf) olarak bas\u0131lacakt\u0131r. *** &nbsp;&nbsp; : Kongrede sunulan bildirilerin tam metinleri (yazar\u0131n iste\u011fine g\u00f6re), Tar\u0131m Makinalar\u0131 Bilimi Dergisi taraf\u0131ndan kabul edildi\u011fi takdirde yay\u0131nlanacakt\u0131r. Bildirilerin&hellip; <br \/> <a class=\"button small blue\" href=\"https:\/\/tarmakder.org.tr\/tarmek2021\/rpt_pricing_table\/katilim\/\">Devam\u0131<\/a><\/p>\n","protected":false},"author":1,"featured_media":0,"parent":0,"menu_order":0,"comment_status":"closed","ping_status":"closed","template":"","meta":{"footnotes":""},"class_list":["post-199","page","type-page","status-publish","hentry"],"_links":{"self":[{"href":"https:\/\/tarmakder.org.tr\/tarmek2021\/wp-json\/wp\/v2\/pages\/199","targetHints":{"allow":["GET"]}}],"collection":[{"href":"https:\/\/tarmakder.org.tr\/tarmek2021\/wp-json\/wp\/v2\/pages"}],"about":[{"href":"https:\/\/tarmakder.org.tr\/tarmek2021\/wp-json\/wp\/v2\/types\/page"}],"author":[{"embeddable":true,"href":"https:\/\/tarmakder.org.tr\/tarmek2021\/wp-json\/wp\/v2\/users\/1"}],"replies":[{"embeddable":true,"href":"https:\/\/tarmakder.org.tr\/tarmek2021\/wp-json\/wp\/v2\/comments?post=199"}],"version-history":[{"count":28,"href":"https:\/\/tarmakder.org.tr\/tarmek2021\/wp-json\/wp\/v2\/pages\/199\/revisions"}],"predecessor-version":[{"id":287,"href":"https:\/\/tarmakder.org.tr\/tarmek2021\/wp-json\/wp\/v2\/pages\/199\/revisions\/287"}],"wp:attachment":[{"href":"https:\/\/tarmakder.org.tr\/tarmek2021\/wp-json\/wp\/v2\/media?parent=199"}],"curies":[{"name":"wp","href":"https:\/\/api.w.org\/{rel}","templated":true}]}}