{"id":540,"date":"2024-05-16T12:02:35","date_gmt":"2024-05-16T09:02:35","guid":{"rendered":"https:\/\/tarmakder.org.tr\/tarmaktekyarismasi\/index.php\/home\/"},"modified":"2026-04-15T20:55:39","modified_gmt":"2026-04-15T17:55:39","slug":"anasayfa","status":"publish","type":"page","link":"https:\/\/tarmakder.org.tr\/tarmaktekyarismasi\/","title":{"rendered":"Anasayfa"},"content":{"rendered":"<p><img loading=\"lazy\" decoding=\"async\" width=\"1920\" height=\"900\" src=\"https:\/\/tarmakder.org.tr\/tarmaktekyarismasi\/wp-content\/uploads\/2026\/01\/tarim-makinalari-ve-teknolojileri-yarismasi-tr-w.jpg\" alt=\"Tarmakder\" srcset=\"https:\/\/tarmakder.org.tr\/tarmaktekyarismasi\/wp-content\/uploads\/2026\/01\/tarim-makinalari-ve-teknolojileri-yarismasi-tr-w.jpg 1920w, https:\/\/tarmakder.org.tr\/tarmaktekyarismasi\/wp-content\/uploads\/2026\/01\/tarim-makinalari-ve-teknolojileri-yarismasi-tr-w-300x141.jpg 300w, https:\/\/tarmakder.org.tr\/tarmaktekyarismasi\/wp-content\/uploads\/2026\/01\/tarim-makinalari-ve-teknolojileri-yarismasi-tr-w-1024x480.jpg 1024w, https:\/\/tarmakder.org.tr\/tarmaktekyarismasi\/wp-content\/uploads\/2026\/01\/tarim-makinalari-ve-teknolojileri-yarismasi-tr-w-768x360.jpg 768w, https:\/\/tarmakder.org.tr\/tarmaktekyarismasi\/wp-content\/uploads\/2026\/01\/tarim-makinalari-ve-teknolojileri-yarismasi-tr-w-1536x720.jpg 1536w\" sizes=\"auto, (max-width: 1920px) 100vw, 1920px\" \/><br \/>\n\t\t\t\t\t\t\t\t\t\t\t\t\t\t\t<img loading=\"lazy\" decoding=\"async\" width=\"800\" height=\"1200\" src=\"https:\/\/tarmakder.org.tr\/tarmaktekyarismasi\/wp-content\/uploads\/2026\/01\/tarim-makinalari-ve-teknolojileri-yarismasi-tr-m-1.jpg\" alt=\"Tarmakder\" srcset=\"https:\/\/tarmakder.org.tr\/tarmaktekyarismasi\/wp-content\/uploads\/2026\/01\/tarim-makinalari-ve-teknolojileri-yarismasi-tr-m-1.jpg 800w, https:\/\/tarmakder.org.tr\/tarmaktekyarismasi\/wp-content\/uploads\/2026\/01\/tarim-makinalari-ve-teknolojileri-yarismasi-tr-m-1-200x300.jpg 200w, https:\/\/tarmakder.org.tr\/tarmaktekyarismasi\/wp-content\/uploads\/2026\/01\/tarim-makinalari-ve-teknolojileri-yarismasi-tr-m-1-683x1024.jpg 683w, https:\/\/tarmakder.org.tr\/tarmaktekyarismasi\/wp-content\/uploads\/2026\/01\/tarim-makinalari-ve-teknolojileri-yarismasi-tr-m-1-768x1152.jpg 768w\" sizes=\"auto, (max-width: 800px) 100vw, 800px\" \/>\t\t\t\t\t\t\t\t\t\t\t\t\t\t\t<\/p>\n<h2>16. Uluslararas\u00c4\u00b1 Tar\u00c4\u00b1msal Mekanizasyon ve Enerji Kongresi (TRAKAGENG2026)<\/h2>\n<p>\t\t\t\t\t<a href=\"#\"><br \/>\n\t\t\t\t<svg aria-hidden=\"true\" viewBox=\"0 0 448 512\" xmlns=\"http:\/\/www.w3.org\/2000\/svg\"><path d=\"M148 288h-40c-6.6 0-12-5.4-12-12v-40c0-6.6 5.4-12 12-12h40c6.6 0 12 5.4 12 12v40c0 6.6-5.4 12-12 12zm108-12v-40c0-6.6-5.4-12-12-12h-40c-6.6 0-12 5.4-12 12v40c0 6.6 5.4 12 12 12h40c6.6 0 12-5.4 12-12zm96 0v-40c0-6.6-5.4-12-12-12h-40c-6.6 0-12 5.4-12 12v40c0 6.6 5.4 12 12 12h40c6.6 0 12-5.4 12-12zm-96 96v-40c0-6.6-5.4-12-12-12h-40c-6.6 0-12 5.4-12 12v40c0 6.6 5.4 12 12 12h40c6.6 0 12-5.4 12-12zm-96 0v-40c0-6.6-5.4-12-12-12h-40c-6.6 0-12 5.4-12 12v40c0 6.6 5.4 12 12 12h40c6.6 0 12-5.4 12-12zm192 0v-40c0-6.6-5.4-12-12-12h-40c-6.6 0-12 5.4-12 12v40c0 6.6 5.4 12 12 12h40c6.6 0 12-5.4 12-12zm96-260v352c0 26.5-21.5 48-48 48H48c-26.5 0-48-21.5-48-48V112c0-26.5 21.5-48 48-48h48V12c0-6.6 5.4-12 12-12h40c6.6 0 12 5.4 12 12v52h128V12c0-6.6 5.4-12 12-12h40c6.6 0 12 5.4 12 12v52h48c26.5 0 48 21.5 48 48zm-48 346V160H48v298c0 3.3 2.7 6 6 6h340c3.3 0 6-2.7 6-6z\"><\/path><\/svg><br \/>\n\t\t\t\t\t\t\t\t\t2 Eyl\u00fcl 2026<br \/>\n\t\t\t\t\t<\/a><br \/>\n\t\t\t\t\t<a href=\"https:\/\/trakageng2026.com.tr\/\" target=\"_blank\"><br \/>\n\t\t\t\t<svg aria-hidden=\"true\" viewBox=\"0 0 384 512\" xmlns=\"http:\/\/www.w3.org\/2000\/svg\"><path d=\"M172.268 501.67C26.97 291.031 0 269.413 0 192 0 85.961 85.961 0 192 0s192 85.961 192 192c0 77.413-26.97 99.031-172.268 309.67-9.535 13.774-29.93 13.773-39.464 0zM192 272c44.183 0 80-35.817 80-80s-35.817-80-80-80-80 35.817-80 80 35.817 80 80 80z\"><\/path><\/svg><br \/>\n\t\t\t\t\t\t\t\t\tTekirda\u00c4\u009f Nam\u00c4\u00b1k Kemal \u00c3\u009cniversitesi \/ Tekirda\u00c4\u009f<br \/>\n\t\t\t\t\t<\/a><\/p>\n<h3 style=\"text-align: center; color: #141a3a; margin-bottom: 8px !important;\"><strong>\u00d6d\u00fcller<\/strong><\/h3>\n<h5 style=\"text-align: center; color: black; margin-bottom: 5px !important;\"><strong>En \u00c4\u00b0yi Proje \/ Tasar\u00c4\u00b1m \u00c3\u0096d\u00c3\u00bcl\u00c3\u00bc<\/strong><\/h5>\n<h5 style=\"text-align: center; color: black; margin-bottom: 5px !important;\"><strong>En Yenilik\u00c3\u00a7i Proje \/ Tasar\u00c4\u00b1m \u00c3\u0096d\u00c3\u00bcl\u00c3\u00bc<\/strong><\/h5>\n<h5 style=\"text-align: center; color: black; margin-bottom: 0 !important;\"><strong>En \u00c4\u00b0yi ARGE Projesi \/ Tasar\u00c4\u00b1m\u00c4\u00b1 \u00c3\u0096d\u00c3\u00bcl\u00c3\u00bc<\/strong><\/h5>\n<p>\t\t<strong>Ba\u00c5\u009fvurunun \u00c3\u00b6n de\u00c4\u009ferlendirmeye al\u00c4\u00b1nabilmesi i\u00c3\u00a7in alttaki belgelerin eksiksiz bir \u00c5\u009fekilde haz\u00c4\u00b1rlan\u00c4\u00b1p a\u00c5\u009fa\u00c4\u009f\u00c4\u00b1daki ba\u00c5\u009fvuru formu ile \u00c2\u00a0iletilmesi gerekmektedir.<\/strong><\/p>\n<ol>\n<li><a href=\"https:\/\/tarmakder.org.tr\/tarmaktekyarismasi\/wp-content\/uploads\/2025\/04\/yarisma-uygulama-esaslari.docx\" target=\"_blank\" rel=\"noopener\"><strong>Ba\u00c5\u009fvuru Formu \u00c4\u00b0ndir<\/strong><\/a><\/li>\n<li><strong>Lisans\/Lisans\u00c3\u00bcst\u00c3\u00bc \u00c3\u00b6\u00c4\u009frenci belgesi veya mezuniyet belgesi (\u00c3\u0096\u00c4\u009frenci veya mezunlar i\u00c3\u00a7in)<\/strong><\/li>\n<li><a href=\"https:\/\/tarmakder.org.tr\/tarmaktekyarismasi\/wp-content\/uploads\/2024\/05\/beyan-formu.docx\" target=\"_blank\" rel=\"noopener\"><strong>Beyan Formu \u00c4\u00b0ndir<\/strong><\/a><\/li>\n<li><strong>Projeye\/tasar\u00c4\u00b1ma ait PDF belgeleri<\/strong><\/li>\n<\/ol>\n<p><strong>Tar\u00c4\u00b1m Makinalar\u00c4\u00b1 ve Teknolojileri Proje\/Tasar\u00c4\u00b1m Yar\u00c4\u00b1\u00c5\u009fmas\u00c4\u00b1na kat\u00c4\u00b1lmak i\u00c3\u00a7in l\u00c3\u00bctfen a\u00c5\u009fa\u00c4\u009f\u00c4\u00b1daki ba\u00c5\u009fvuru formunu doldurun.<\/strong>\t\t<\/p>\n<h2>Ba\u00c5\u009fvuru Formu<\/h2>\n<p>\t\t[wpforms id=&#8221;1303&#8243; title=&#8221;false&#8221;]\t\t<\/p>\n<h2>Dok\u00fcmantasyon<\/h2>\n<p>\t\t\t\t\t<a href=\"https:\/\/tarmakder.org.tr\/tarmaktekyarismasi\/wp-content\/uploads\/2026\/01\/basvuru-formu_TR.docx\" target=\"_blank\"><br \/>\n\t\t\t\t<svg aria-hidden=\"true\" viewBox=\"0 0 384 512\" xmlns=\"http:\/\/www.w3.org\/2000\/svg\"><path d=\"M224 136V0H24C10.7 0 0 10.7 0 24v464c0 13.3 10.7 24 24 24h336c13.3 0 24-10.7 24-24V160H248c-13.2 0-24-10.8-24-24zm76.45 211.36l-96.42 95.7c-6.65 6.61-17.39 6.61-24.04 0l-96.42-95.7C73.42 337.29 80.54 320 94.82 320H160v-80c0-8.84 7.16-16 16-16h32c8.84 0 16 7.16 16 16v80h65.18c14.28 0 21.4 17.29 11.27 27.36zM377 105L279.1 7c-4.5-4.5-10.6-7-17-7H256v128h128v-6.1c0-6.3-2.5-12.4-7-16.9z\"><\/path><\/svg><br \/>\n\t\t\t\t\t\t\t\t\tBa\u00c5\u009fvuru Formu \u00c4\u00b0ndir<br \/>\n\t\t\t\t\t<\/a><br \/>\n\t\t\t\t\t<a href=\"https:\/\/tarmakder.org.tr\/tarmaktekyarismasi\/wp-content\/uploads\/2026\/01\/beyan-formu_TR.docx\" target=\"_blank\"><br \/>\n\t\t\t\t<svg aria-hidden=\"true\" viewBox=\"0 0 384 512\" xmlns=\"http:\/\/www.w3.org\/2000\/svg\"><path d=\"M224 136V0H24C10.7 0 0 10.7 0 24v464c0 13.3 10.7 24 24 24h336c13.3 0 24-10.7 24-24V160H248c-13.2 0-24-10.8-24-24zm76.45 211.36l-96.42 95.7c-6.65 6.61-17.39 6.61-24.04 0l-96.42-95.7C73.42 337.29 80.54 320 94.82 320H160v-80c0-8.84 7.16-16 16-16h32c8.84 0 16 7.16 16 16v80h65.18c14.28 0 21.4 17.29 11.27 27.36zM377 105L279.1 7c-4.5-4.5-10.6-7-17-7H256v128h128v-6.1c0-6.3-2.5-12.4-7-16.9z\"><\/path><\/svg><br \/>\n\t\t\t\t\t\t\t\t\tBeyan Formu \u00c4\u00b0ndir<br \/>\n\t\t\t\t\t<\/a><br \/>\n\t\t\t\t\t<a href=\"https:\/\/tarmakder.org.tr\/tarmaktekyarismasi\/wp-content\/uploads\/2025\/04\/yarisma-uygulama-esaslari.docx\" target=\"_blank\"><br \/>\n\t\t\t\t<svg aria-hidden=\"true\" viewBox=\"0 0 384 512\" xmlns=\"http:\/\/www.w3.org\/2000\/svg\"><path d=\"M224 136V0H24C10.7 0 0 10.7 0 24v464c0 13.3 10.7 24 24 24h336c13.3 0 24-10.7 24-24V160H248c-13.2 0-24-10.8-24-24zm76.45 211.36l-96.42 95.7c-6.65 6.61-17.39 6.61-24.04 0l-96.42-95.7C73.42 337.29 80.54 320 94.82 320H160v-80c0-8.84 7.16-16 16-16h32c8.84 0 16 7.16 16 16v80h65.18c14.28 0 21.4 17.29 11.27 27.36zM377 105L279.1 7c-4.5-4.5-10.6-7-17-7H256v128h128v-6.1c0-6.3-2.5-12.4-7-16.9z\"><\/path><\/svg><br \/>\n\t\t\t\t\t\t\t\t\tBa\u00c5\u009fvuru Detaylar\u00c4\u00b1 \u00c4\u00b0ndir<br \/>\n\t\t\t\t\t<\/a><br \/>\n\t\t\t\t\t<a href=\"https:\/\/tarmakder.org.tr\/tarmaktekyarismasi\/wp-content\/uploads\/2026\/01\/juri-degerlendirme-formu_TR.docx\" target=\"_blank\"><br \/>\n\t\t\t\t<svg aria-hidden=\"true\" viewBox=\"0 0 384 512\" xmlns=\"http:\/\/www.w3.org\/2000\/svg\"><path d=\"M224 136V0H24C10.7 0 0 10.7 0 24v464c0 13.3 10.7 24 24 24h336c13.3 0 24-10.7 24-24V160H248c-13.2 0-24-10.8-24-24zm76.45 211.36l-96.42 95.7c-6.65 6.61-17.39 6.61-24.04 0l-96.42-95.7C73.42 337.29 80.54 320 94.82 320H160v-80c0-8.84 7.16-16 16-16h32c8.84 0 16 7.16 16 16v80h65.18c14.28 0 21.4 17.29 11.27 27.36zM377 105L279.1 7c-4.5-4.5-10.6-7-17-7H256v128h128v-6.1c0-6.3-2.5-12.4-7-16.9z\"><\/path><\/svg><br \/>\n\t\t\t\t\t\t\t\t\tJuri De\u00c4\u009ferlendirme Formu \u00c4\u00b0ndir<br \/>\n\t\t\t\t\t<\/a><br \/>\n\t\t\t\t\t<a href=\"https:\/\/tarmakder.org.tr\/tarmaktekyarismasi\/wp-content\/uploads\/2024\/05\/Basvuru-Dosyasi-Sablonu.pptx\" target=\"_blank\"><br \/>\n\t\t\t\t<svg aria-hidden=\"true\" viewBox=\"0 0 384 512\" xmlns=\"http:\/\/www.w3.org\/2000\/svg\"><path d=\"M224 136V0H24C10.7 0 0 10.7 0 24v464c0 13.3 10.7 24 24 24h336c13.3 0 24-10.7 24-24V160H248c-13.2 0-24-10.8-24-24zm76.45 211.36l-96.42 95.7c-6.65 6.61-17.39 6.61-24.04 0l-96.42-95.7C73.42 337.29 80.54 320 94.82 320H160v-80c0-8.84 7.16-16 16-16h32c8.84 0 16 7.16 16 16v80h65.18c14.28 0 21.4 17.29 11.27 27.36zM377 105L279.1 7c-4.5-4.5-10.6-7-17-7H256v128h128v-6.1c0-6.3-2.5-12.4-7-16.9z\"><\/path><\/svg><br \/>\n\t\t\t\t\t\t\t\t\tBa\u00c5\u009fvuru Dosyas\u00c4\u00b1 \u00c5\u009eablonu \u00c4\u00b0ndir<br \/>\n\t\t\t\t\t<\/a><br \/>\n\t\t\t\t\t<a href=\"https:\/\/tarmakder.org.tr\/tarmaktekyarismasi\/wp-content\/uploads\/2026\/01\/TARMAKTEK2026-afis-TR-scaled.jpg\" target=\"_blank\"><br \/>\n\t\t\t\t<svg aria-hidden=\"true\" viewBox=\"0 0 384 512\" xmlns=\"http:\/\/www.w3.org\/2000\/svg\"><path d=\"M224 136V0H24C10.7 0 0 10.7 0 24v464c0 13.3 10.7 24 24 24h336c13.3 0 24-10.7 24-24V160H248c-13.2 0-24-10.8-24-24zm76.45 211.36l-96.42 95.7c-6.65 6.61-17.39 6.61-24.04 0l-96.42-95.7C73.42 337.29 80.54 320 94.82 320H160v-80c0-8.84 7.16-16 16-16h32c8.84 0 16 7.16 16 16v80h65.18c14.28 0 21.4 17.29 11.27 27.36zM377 105L279.1 7c-4.5-4.5-10.6-7-17-7H256v128h128v-6.1c0-6.3-2.5-12.4-7-16.9z\"><\/path><\/svg><br \/>\n\t\t\t\t\t\t\t\t\tAfi\u00c5\u009f \u00c4\u00b0ndir<br \/>\n\t\t\t\t\t<\/a><\/p>\n<div style=\"position:fixed;top:9997px;left:9992px;\"><span id=\"QdfEcx_2399795_1776275404\" style=\"display:none\"><\/span><\/div>\n","protected":false},"excerpt":{"rendered":"<p>16. Uluslararas\u00c4\u00b1 Tar\u00c4\u00b1msal Mekanizasyon ve Enerji Kongresi (TRAKAGENG2026) 2 Eyl\u00fcl 2026 Tekirda\u00c4\u009f Nam\u00c4\u00b1k Kemal \u00c3\u009cniversitesi \/ Tekirda\u00c4\u009f \u00d6d\u00fcller En \u00c4\u00b0yi Proje \/ Tasar\u00c4\u00b1m \u00c3\u0096d\u00c3\u00bcl\u00c3\u00bc En Yenilik\u00c3\u00a7i Proje \/ Tasar\u00c4\u00b1m \u00c3\u0096d\u00c3\u00bcl\u00c3\u00bc En \u00c4\u00b0yi ARGE Projesi \/ Tasar\u00c4\u00b1m\u00c4\u00b1 \u00c3\u0096d\u00c3\u00bcl\u00c3\u00bc Ba\u00c5\u009fvurunun \u00c3\u00b6n de\u00c4\u009ferlendirmeye al\u00c4\u00b1nabilmesi i\u00c3\u00a7in alttaki belgelerin eksiksiz bir \u00c5\u009fekilde haz\u00c4\u00b1rlan\u00c4\u00b1p a\u00c5\u009fa\u00c4\u009f\u00c4\u00b1daki ba\u00c5\u009fvuru formu ile \u00c2\u00a0iletilmesi gerekmektedir. Ba\u00c5\u009fvuru [&hellip;]<\/p>\n","protected":false},"author":1,"featured_media":0,"parent":0,"menu_order":0,"comment_status":"closed","ping_status":"closed","template":"","meta":{"site-sidebar-layout":"no-sidebar","site-content-layout":"page-builder","ast-site-content-layout":"full-width-container","site-content-style":"unboxed","site-sidebar-style":"unboxed","ast-global-header-display":"","ast-banner-title-visibility":"","ast-main-header-display":"","ast-hfb-above-header-display":"","ast-hfb-below-header-display":"","ast-hfb-mobile-header-display":"","site-post-title":"disabled","ast-breadcrumbs-content":"","ast-featured-img":"disabled","footer-sml-layout":"","ast-disable-related-posts":"","theme-transparent-header-meta":"","adv-header-id-meta":"","stick-header-meta":"","header-above-stick-meta":"","header-main-stick-meta":"","header-below-stick-meta":"","astra-migrate-meta-layouts":"set","ast-page-background-enabled":"default","ast-page-background-meta":{"desktop":{"background-color":"","background-image":"","background-repeat":"repeat","background-position":"center center","background-size":"auto","background-attachment":"scroll","background-type":"","background-media":"","overlay-type":"","overlay-color":"","overlay-opacity":"","overlay-gradient":""},"tablet":{"background-color":"","background-image":"","background-repeat":"repeat","background-position":"center center","background-size":"auto","background-attachment":"scroll","background-type":"","background-media":"","overlay-type":"","overlay-color":"","overlay-opacity":"","overlay-gradient":""},"mobile":{"background-color":"","background-image":"","background-repeat":"repeat","background-position":"center center","background-size":"auto","background-attachment":"scroll","background-type":"","background-media":"","overlay-type":"","overlay-color":"","overlay-opacity":"","overlay-gradient":""}},"ast-content-background-meta":{"desktop":{"background-color":"var(--ast-global-color-5)","background-image":"","background-repeat":"repeat","background-position":"center center","background-size":"auto","background-attachment":"scroll","background-type":"","background-media":"","overlay-type":"","overlay-color":"","overlay-opacity":"","overlay-gradient":""},"tablet":{"background-color":"var(--ast-global-color-5)","background-image":"","background-repeat":"repeat","background-position":"center center","background-size":"auto","background-attachment":"scroll","background-type":"","background-media":"","overlay-type":"","overlay-color":"","overlay-opacity":"","overlay-gradient":""},"mobile":{"background-color":"var(--ast-global-color-5)","background-image":"","background-repeat":"repeat","background-position":"center center","background-size":"auto","background-attachment":"scroll","background-type":"","background-media":"","overlay-type":"","overlay-color":"","overlay-opacity":"","overlay-gradient":""}},"footnotes":""},"class_list":["post-540","page","type-page","status-publish","hentry"],"_links":{"self":[{"href":"https:\/\/tarmakder.org.tr\/tarmaktekyarismasi\/wp-json\/wp\/v2\/pages\/540","targetHints":{"allow":["GET"]}}],"collection":[{"href":"https:\/\/tarmakder.org.tr\/tarmaktekyarismasi\/wp-json\/wp\/v2\/pages"}],"about":[{"href":"https:\/\/tarmakder.org.tr\/tarmaktekyarismasi\/wp-json\/wp\/v2\/types\/page"}],"author":[{"embeddable":true,"href":"https:\/\/tarmakder.org.tr\/tarmaktekyarismasi\/wp-json\/wp\/v2\/users\/1"}],"replies":[{"embeddable":true,"href":"https:\/\/tarmakder.org.tr\/tarmaktekyarismasi\/wp-json\/wp\/v2\/comments?post=540"}],"version-history":[{"count":252,"href":"https:\/\/tarmakder.org.tr\/tarmaktekyarismasi\/wp-json\/wp\/v2\/pages\/540\/revisions"}],"predecessor-version":[{"id":124408,"href":"https:\/\/tarmakder.org.tr\/tarmaktekyarismasi\/wp-json\/wp\/v2\/pages\/540\/revisions\/124408"}],"wp:attachment":[{"href":"https:\/\/tarmakder.org.tr\/tarmaktekyarismasi\/wp-json\/wp\/v2\/media?parent=540"}],"curies":[{"name":"wp","href":"https:\/\/api.w.org\/{rel}","templated":true}]}}