{"id":99,"date":"2022-11-14T01:14:59","date_gmt":"2022-11-13T22:14:59","guid":{"rendered":"https:\/\/tarmakder.org.tr\/tarmaktek2023\/?page_id=99"},"modified":"2023-06-15T09:42:06","modified_gmt":"2023-06-15T06:42:06","slug":"proje-tasarimin-konusu","status":"publish","type":"page","link":"https:\/\/tarmakder.org.tr\/tarmaktek2023\/index.php\/proje-tasarimin-konusu\/","title":{"rendered":"Proje\/Tasar\u0131m\u0131n Konusu"},"content":{"rendered":"\n<p>Tar\u0131m makinalar\u0131 ve teknolojilerinin ilgi alan\u0131na giren \u2013 pazar dinamiklerine uygun \u2013 her t\u00fcrl\u00fc proje\/tasar\u0131mla yar\u0131\u015fmaya kat\u0131l\u0131m sa\u011flanabilir. Tar\u0131m makinalar\u0131 ve teknolojileri alan\u0131 i\u00e7inde herhangi bir konu s\u0131n\u0131rlamas\u0131 bulunmamaktad\u0131r.<\/p>\n","protected":false},"excerpt":{"rendered":"<p>Tar\u0131m makinalar\u0131 ve teknolojilerinin ilgi alan\u0131na giren \u2013 pazar dinamiklerine uygun \u2013 her t\u00fcrl\u00fc proje\/tasar\u0131mla yar\u0131\u015fmaya kat\u0131l\u0131m sa\u011flanabilir. Tar\u0131m makinalar\u0131 ve teknolojileri alan\u0131 i\u00e7inde herhangi bir konu s\u0131n\u0131rlamas\u0131 bulunmamaktad\u0131r.<\/p>\n","protected":false},"author":4,"featured_media":0,"parent":0,"menu_order":5,"comment_status":"closed","ping_status":"closed","template":"","meta":{"footnotes":""},"class_list":["post-99","page","type-page","status-publish","hentry"],"_links":{"self":[{"href":"https:\/\/tarmakder.org.tr\/tarmaktek2023\/index.php\/wp-json\/wp\/v2\/pages\/99","targetHints":{"allow":["GET"]}}],"collection":[{"href":"https:\/\/tarmakder.org.tr\/tarmaktek2023\/index.php\/wp-json\/wp\/v2\/pages"}],"about":[{"href":"https:\/\/tarmakder.org.tr\/tarmaktek2023\/index.php\/wp-json\/wp\/v2\/types\/page"}],"author":[{"embeddable":true,"href":"https:\/\/tarmakder.org.tr\/tarmaktek2023\/index.php\/wp-json\/wp\/v2\/users\/4"}],"replies":[{"embeddable":true,"href":"https:\/\/tarmakder.org.tr\/tarmaktek2023\/index.php\/wp-json\/wp\/v2\/comments?post=99"}],"version-history":[{"count":4,"href":"https:\/\/tarmakder.org.tr\/tarmaktek2023\/index.php\/wp-json\/wp\/v2\/pages\/99\/revisions"}],"predecessor-version":[{"id":326,"href":"https:\/\/tarmakder.org.tr\/tarmaktek2023\/index.php\/wp-json\/wp\/v2\/pages\/99\/revisions\/326"}],"wp:attachment":[{"href":"https:\/\/tarmakder.org.tr\/tarmaktek2023\/index.php\/wp-json\/wp\/v2\/media?parent=99"}],"curies":[{"name":"wp","href":"https:\/\/api.w.org\/{rel}","templated":true}]}}