{"id":90,"date":"2022-11-14T00:35:26","date_gmt":"2022-11-13T21:35:26","guid":{"rendered":"https:\/\/tarmakder.org.tr\/tarmaktek2023\/?page_id=90"},"modified":"2022-11-22T16:14:18","modified_gmt":"2022-11-22T13:14:18","slug":"katilim-kosullari","status":"publish","type":"page","link":"https:\/\/tarmakder.org.tr\/tarmaktek2023\/index.php\/katilim-kosullari\/","title":{"rendered":"Kat\u0131l\u0131m Ko\u015fullar\u0131"},"content":{"rendered":"\n<p>1) A\u015fa\u011f\u0131daki \u015fartlardan birini ta\u015f\u0131mak<\/p>\n\n\n\n<ul class=\"wp-block-list\">\n<li>Tar\u0131m Makinalar\u0131 ve Teknolojileri M\u00fchendisli\u011fi veya Biyosistem M\u00fchendisli\u011fi B\u00f6l\u00fcmlerinin birinde lisans \u00f6\u011frencisi olmak veya bu b\u00f6l\u00fcmlerden mezun olmak<\/li>\n\n\n\n<li>Tar\u0131m Makinalar\u0131 ve Teknolojileri M\u00fchendisli\u011fi Anabilim Dal\u0131 veya Biyosistem M\u00fchendisli\u011fi Anabilim Dallar\u0131ndan birinde lisans\u00fcst\u00fc \u00f6\u011frencisi veya mezunu olmak<\/li>\n\n\n\n<li>Tar\u0131m Makinalar\u0131 sekt\u00f6r\u00fcnde (imalat, pazarlama, ARGE, dan\u0131\u015fmanl\u0131k vb) \u00e7al\u0131\u015fmak<\/li>\n<\/ul>\n\n\n\n<p>2) Projelerin\/tasar\u0131mlar\u0131n sunumu i\u00e7in altta belirtilen se\u00e7enekler kullan\u0131labilir. (\u0130\u00e7erikte projenin\/tasar\u0131m\u0131n ad\u0131, kullan\u0131ld\u0131\u011f\u0131 alan, kullan\u0131m amac\u0131, hangi soruna \u00e7\u00f6z\u00fcm getirdi\u011fi, yenilik\u00e7i y\u00f6n\u00fc, montaj\u0131 yap\u0131lm\u0131\u015f kat\u0131 model g\u00f6rseli, patlat\u0131lm\u0131\u015f par\u00e7a g\u00f6r\u00fcn\u00fc\u015fleri ve ayr\u0131nt\u0131l\u0131 g\u00f6rseller, kullan\u0131lan malzemelerin t\u00fcr\u00fc (\u00e7elik, d\u00f6k\u00fcm, plastik, seramik, ah\u015fap vb.), teknik \u00e7izimler ve mekanik analizler (gerilme analizi vb.) bulunabilir.)<\/p>\n\n\n\n<ul class=\"wp-block-list\">\n<li>Yar\u0131\u015fmaya afi\u015f bask\u0131s\u0131 al\u0131narak kat\u0131l\u0131m sa\u011flanabilir. Bir proje\/tasar\u0131m i\u00e7in birden fazla afi\u015f \u00e7\u0131kt\u0131s\u0131 al\u0131nabilir. Afi\u015f i\u00e7in bask\u0131n\u0131n 70\u00d7100 cm \u00f6l\u00e7\u00fclerinde renkli olmas\u0131 gerekmektedir. Afi\u015f i\u00e7in \u201cAfi\u015f \u015eablonu\u201d (web sayfas\u0131ndan eri\u015filebilir) kullan\u0131lmal\u0131d\u0131r.<\/li>\n\n\n\n<li>Projenin\/tasar\u0131m\u0131n g\u00f6sterimi i\u00e7in ki\u015fisel bilgisayar, tablet, TV ve datashow gibi dijital g\u00f6r\u00fcnt\u00fcleme ara\u00e7lar\u0131 kullan\u0131labilir.<\/li>\n\n\n\n<li>Yar\u0131\u015fmaya imalat\u0131 yap\u0131lm\u0131\u015f \u00fcr\u00fcnlerle kat\u0131l\u0131m sa\u011flanabilir.<\/li>\n<\/ul>\n\n\n\n<p>3) Kat\u0131l\u0131mc\u0131lar birden fazla proje\/tasar\u0131m ile yar\u0131\u015fmaya kat\u0131labilir. <\/p>\n\n\n\n<p>4) <span style=\"color: initial;\">Yar\u0131\u015fmaya bireysel veya tak\u0131m olarak kat\u0131l\u0131m sa\u011flanabilir (Tak\u0131m halinde kat\u0131lanlara ek puan verilir).<\/span><\/p>\n\n\n\n<p>5) <span style=\"color: initial;\">Kat\u0131l\u0131mc\u0131lar, esaslarda belirtilen \u00f6d\u00fcller d\u0131\u015f\u0131nda bir \u00f6d\u00fcl talep edemez. <\/span><\/p>\n\n\n\n<p>6) <span style=\"color: initial;\">Yar\u0131\u015fmaya kat\u0131lanlar yar\u0131\u015fma \u015fartlar\u0131n\u0131n t\u00fcm\u00fcn\u00fc kabul etmi\u015f say\u0131l\u0131r.<\/span><\/p>\n\n\n\n<p>7) <span style=\"color: initial;\">Yar\u0131\u015fmaya kat\u0131lanlar D\u00fczenleme ve Y\u00fcr\u00fctme Kurulu ile De\u011ferlendirme Kurulunun kararlar\u0131n\u0131 kabul etmi\u015f say\u0131l\u0131r.<\/span><\/p>\n\n\n\n<p>8) <span style=\"color: initial;\">Son ba\u015fvuru tarihinden sonra yap\u0131lan ba\u015fvurular dikkate al\u0131nmaz.<\/span><\/p>\n\n\n\n<p>9) Kat\u0131l\u0131mc\u0131lar, yar\u0131\u015fmaya sunduklar\u0131 projenin\/tasar\u0131m\u0131n kendilerine ait ve \u00f6zg\u00fcn i\u00e7erikte oldu\u011funu kabul ve beyan ederler.<\/p>\n\n\n\n<p>10) TARMAKDER ve TARMAKB\u0130R bu kapsamda ortaya \u00e7\u0131kabilecek anla\u015fmazl\u0131klar kar\u015f\u0131s\u0131nda sorumlu tutulamaz.<\/p>\n","protected":false},"excerpt":{"rendered":"<p>1) A\u015fa\u011f\u0131daki \u015fartlardan birini ta\u015f\u0131mak 2) Projelerin\/tasar\u0131mlar\u0131n sunumu i\u00e7in altta belirtilen se\u00e7enekler kullan\u0131labilir. (\u0130\u00e7erikte projenin\/tasar\u0131m\u0131n ad\u0131, kullan\u0131ld\u0131\u011f\u0131 alan, kullan\u0131m amac\u0131, hangi soruna \u00e7\u00f6z\u00fcm getirdi\u011fi, yenilik\u00e7i y\u00f6n\u00fc, montaj\u0131 yap\u0131lm\u0131\u015f kat\u0131 model g\u00f6rseli, patlat\u0131lm\u0131\u015f par\u00e7a g\u00f6r\u00fcn\u00fc\u015fleri ve ayr\u0131nt\u0131l\u0131 g\u00f6rseller, kullan\u0131lan malzemelerin t\u00fcr\u00fc (\u00e7elik, d\u00f6k\u00fcm, plastik, seramik, ah\u015fap vb.), teknik \u00e7izimler ve mekanik analizler (gerilme analizi vb.) bulunabilir.) [&hellip;]<\/p>\n","protected":false},"author":1,"featured_media":0,"parent":0,"menu_order":4,"comment_status":"closed","ping_status":"closed","template":"","meta":{"footnotes":""},"class_list":["post-90","page","type-page","status-publish","hentry"],"_links":{"self":[{"href":"https:\/\/tarmakder.org.tr\/tarmaktek2023\/index.php\/wp-json\/wp\/v2\/pages\/90","targetHints":{"allow":["GET"]}}],"collection":[{"href":"https:\/\/tarmakder.org.tr\/tarmaktek2023\/index.php\/wp-json\/wp\/v2\/pages"}],"about":[{"href":"https:\/\/tarmakder.org.tr\/tarmaktek2023\/index.php\/wp-json\/wp\/v2\/types\/page"}],"author":[{"embeddable":true,"href":"https:\/\/tarmakder.org.tr\/tarmaktek2023\/index.php\/wp-json\/wp\/v2\/users\/1"}],"replies":[{"embeddable":true,"href":"https:\/\/tarmakder.org.tr\/tarmaktek2023\/index.php\/wp-json\/wp\/v2\/comments?post=90"}],"version-history":[{"count":5,"href":"https:\/\/tarmakder.org.tr\/tarmaktek2023\/index.php\/wp-json\/wp\/v2\/pages\/90\/revisions"}],"predecessor-version":[{"id":309,"href":"https:\/\/tarmakder.org.tr\/tarmaktek2023\/index.php\/wp-json\/wp\/v2\/pages\/90\/revisions\/309"}],"wp:attachment":[{"href":"https:\/\/tarmakder.org.tr\/tarmaktek2023\/index.php\/wp-json\/wp\/v2\/media?parent=90"}],"curies":[{"name":"wp","href":"https:\/\/api.w.org\/{rel}","templated":true}]}}