{"id":88,"date":"2022-11-14T00:27:27","date_gmt":"2022-11-13T21:27:27","guid":{"rendered":"https:\/\/tarmakder.org.tr\/tarmaktek2023\/?page_id=88"},"modified":"2022-11-22T10:50:37","modified_gmt":"2022-11-22T07:50:37","slug":"sekreterya","status":"publish","type":"page","link":"https:\/\/tarmakder.org.tr\/tarmaktek2023\/index.php\/sekreterya\/","title":{"rendered":"\u0130leti\u015fim"},"content":{"rendered":"\n<p><strong>\u0130leti\u015fim: <\/strong>TARMAKDER (Tar\u0131m Makinalar\u0131 Derne\u011fi)<\/p>\n\n\n\n<p><strong>E-posta:<\/strong> <a href=\"mailto:tarimmakinalaridernegi@gmail.com\">tarimmakinalaridernegi@gmail.com<\/a><\/p>\n\n\n\n<p><\/p>\n","protected":false},"excerpt":{"rendered":"<p>\u0130leti\u015fim: TARMAKDER (Tar\u0131m Makinalar\u0131 Derne\u011fi) E-posta: tarimmakinalaridernegi@gmail.com<\/p>\n","protected":false},"author":1,"featured_media":0,"parent":0,"menu_order":14,"comment_status":"closed","ping_status":"closed","template":"","meta":{"footnotes":""},"class_list":["post-88","page","type-page","status-publish","hentry"],"_links":{"self":[{"href":"https:\/\/tarmakder.org.tr\/tarmaktek2023\/index.php\/wp-json\/wp\/v2\/pages\/88","targetHints":{"allow":["GET"]}}],"collection":[{"href":"https:\/\/tarmakder.org.tr\/tarmaktek2023\/index.php\/wp-json\/wp\/v2\/pages"}],"about":[{"href":"https:\/\/tarmakder.org.tr\/tarmaktek2023\/index.php\/wp-json\/wp\/v2\/types\/page"}],"author":[{"embeddable":true,"href":"https:\/\/tarmakder.org.tr\/tarmaktek2023\/index.php\/wp-json\/wp\/v2\/users\/1"}],"replies":[{"embeddable":true,"href":"https:\/\/tarmakder.org.tr\/tarmaktek2023\/index.php\/wp-json\/wp\/v2\/comments?post=88"}],"version-history":[{"count":3,"href":"https:\/\/tarmakder.org.tr\/tarmaktek2023\/index.php\/wp-json\/wp\/v2\/pages\/88\/revisions"}],"predecessor-version":[{"id":300,"href":"https:\/\/tarmakder.org.tr\/tarmaktek2023\/index.php\/wp-json\/wp\/v2\/pages\/88\/revisions\/300"}],"wp:attachment":[{"href":"https:\/\/tarmakder.org.tr\/tarmaktek2023\/index.php\/wp-json\/wp\/v2\/media?parent=88"}],"curies":[{"name":"wp","href":"https:\/\/api.w.org\/{rel}","templated":true}]}}