{"id":69,"date":"2022-11-13T20:57:26","date_gmt":"2022-11-13T17:57:26","guid":{"rendered":"https:\/\/tarmakder.org.tr\/tarmaktek2023\/index.php\/home\/"},"modified":"2023-06-15T11:28:32","modified_gmt":"2023-06-15T08:28:32","slug":"tarim-makinalari-yarismasi","status":"publish","type":"page","link":"https:\/\/tarmakder.org.tr\/tarmaktek2023\/index.php\/tarim-makinalari-yarismasi\/","title":{"rendered":"\u00d6d\u00fcll\u00fc Tar\u0131m Makinalar\u0131 ve Teknolojileri Yar\u0131\u015fmas\u0131"},"content":{"rendered":"\n<figure class=\"wp-block-image size-large\"><img loading=\"lazy\" decoding=\"async\" width=\"768\" height=\"1024\" src=\"https:\/\/tarmakder.org.tr\/tarmaktek2023\/wp-content\/uploads\/2023\/06\/WhatsApp-Image-2023-06-14-at-10.04.13-768x1024.jpeg\" alt=\"\" class=\"wp-image-317\" srcset=\"https:\/\/tarmakder.org.tr\/tarmaktek2023\/wp-content\/uploads\/2023\/06\/WhatsApp-Image-2023-06-14-at-10.04.13-768x1024.jpeg 768w, https:\/\/tarmakder.org.tr\/tarmaktek2023\/wp-content\/uploads\/2023\/06\/WhatsApp-Image-2023-06-14-at-10.04.13-225x300.jpeg 225w, https:\/\/tarmakder.org.tr\/tarmaktek2023\/wp-content\/uploads\/2023\/06\/WhatsApp-Image-2023-06-14-at-10.04.13-1152x1536.jpeg 1152w, https:\/\/tarmakder.org.tr\/tarmaktek2023\/wp-content\/uploads\/2023\/06\/WhatsApp-Image-2023-06-14-at-10.04.13.jpeg 1200w\" sizes=\"auto, (max-width: 768px) 100vw, 768px\" \/><\/figure>\n\n\n\n<div class=\"wp-block-file\"><a id=\"wp-block-file--media-2c1d21f5-8464-4d97-bf37-2ff7514f49c9\" href=\"https:\/\/tarmakder.org.tr\/tarmaktek2023\/wp-content\/uploads\/2023\/06\/TARMAKTEK2023_Afis.jpeg\">TARMAKTEK2023_Afi\u015f<\/a><a href=\"https:\/\/tarmakder.org.tr\/tarmaktek2023\/wp-content\/uploads\/2023\/06\/TARMAKTEK2023_Afis.jpeg\" class=\"wp-block-file__button wp-element-button\" download aria-describedby=\"wp-block-file--media-2c1d21f5-8464-4d97-bf37-2ff7514f49c9\">\u0130ndir<\/a><\/div>\n","protected":false},"excerpt":{"rendered":"","protected":false},"author":1,"featured_media":0,"parent":0,"menu_order":0,"comment_status":"closed","ping_status":"closed","template":"template-fullwide.php","meta":{"footnotes":""},"class_list":["post-69","page","type-page","status-publish","hentry"],"_links":{"self":[{"href":"https:\/\/tarmakder.org.tr\/tarmaktek2023\/index.php\/wp-json\/wp\/v2\/pages\/69","targetHints":{"allow":["GET"]}}],"collection":[{"href":"https:\/\/tarmakder.org.tr\/tarmaktek2023\/index.php\/wp-json\/wp\/v2\/pages"}],"about":[{"href":"https:\/\/tarmakder.org.tr\/tarmaktek2023\/index.php\/wp-json\/wp\/v2\/types\/page"}],"author":[{"embeddable":true,"href":"https:\/\/tarmakder.org.tr\/tarmaktek2023\/index.php\/wp-json\/wp\/v2\/users\/1"}],"replies":[{"embeddable":true,"href":"https:\/\/tarmakder.org.tr\/tarmaktek2023\/index.php\/wp-json\/wp\/v2\/comments?post=69"}],"version-history":[{"count":15,"href":"https:\/\/tarmakder.org.tr\/tarmaktek2023\/index.php\/wp-json\/wp\/v2\/pages\/69\/revisions"}],"predecessor-version":[{"id":482,"href":"https:\/\/tarmakder.org.tr\/tarmaktek2023\/index.php\/wp-json\/wp\/v2\/pages\/69\/revisions\/482"}],"wp:attachment":[{"href":"https:\/\/tarmakder.org.tr\/tarmaktek2023\/index.php\/wp-json\/wp\/v2\/media?parent=69"}],"curies":[{"name":"wp","href":"https:\/\/api.w.org\/{rel}","templated":true}]}}