{"id":66,"date":"2022-11-13T23:53:04","date_gmt":"2022-11-13T20:53:04","guid":{"rendered":"https:\/\/tarmakder.org.tr\/tarmaktek2023\/?page_id=66"},"modified":"2022-11-22T10:49:22","modified_gmt":"2022-11-22T07:49:22","slug":"amac","status":"publish","type":"page","link":"https:\/\/tarmakder.org.tr\/tarmaktek2023\/index.php\/amac\/","title":{"rendered":"Kurullar"},"content":{"rendered":"\n<p><strong><mark style=\"background-color:rgba(0, 0, 0, 0)\" class=\"has-inline-color has-vivid-red-color\">D\u00fczenleme ve Y\u00fcr\u00fctme Kurulu<\/mark><\/strong><\/p>\n\n\n\n<p>Yar\u0131\u015fma TARMAKDER (Tar\u0131m Makinalar\u0131 Derne\u011fi) ve TARMAKB\u0130R (T\u00fcrk Tar\u0131m Alet ve Makineleri \u0130malat\u00e7\u0131lar\u0131 Birli\u011fi) taraf\u0131ndan ortak d\u00fczenlenir ve y\u00fcr\u00fct\u00fcl\u00fcr.<\/p>\n\n\n\n<p><strong><mark style=\"background-color:rgba(0, 0, 0, 0)\" class=\"has-inline-color has-vivid-red-color\">De\u011ferlendirme Kurulu<\/mark><\/strong><\/p>\n\n\n\n<p>De\u011ferlendirme kurulu \u00fcniversitelerden, kamu kurum ve kurulu\u015flar\u0131 ile \u00f6zel sekt\u00f6r temsilcilerden olu\u015fmakta olup altta belirtilen \u00fcyelerden se\u00e7ilecek bir grubu kapsayacakt\u0131r.<\/p>\n\n\n\n<ul class=\"wp-block-list\">\n<li>2 TARMAKB\u0130R temsilcisi (Biri Tar\u0131m Mak. \u0130malatc\u0131s\u0131)<\/li>\n\n\n\n<li>1 TTO Koordinat\u00f6r\u00fc veya Teknopark firmas\u0131ndan bir \u00fcye<\/li>\n\n\n\n<li>1 \u00d6\u011fretim \u00fcyesi (Alan d\u0131\u015f\u0131)<\/li>\n\n\n\n<li>1 \u00d6\u011fretim \u00fcyesi (Tar\u0131msal Mekanizasyon Kongresini y\u00fcr\u00fcten ev sahibi)<\/li>\n\n\n\n<li>1 TARMAKDER \u00fcyesi<\/li>\n\n\n\n<li>1 Tar\u0131msal Mekanizasyon Daire Ba\u015fkan\u0131 veya Temsilcisi<\/li>\n\n\n\n<li>1 T\u00dcB\u0130TAK temsilcisi<\/li>\n\n\n\n<li>1 TAGEM \u00fcyesi<\/li>\n\n\n\n<li>1 Sanayi ve Ticaret Bakanl\u0131\u011f\u0131 temsilcisi<\/li>\n<\/ul>\n","protected":false},"excerpt":{"rendered":"<p>D\u00fczenleme ve Y\u00fcr\u00fctme Kurulu Yar\u0131\u015fma TARMAKDER (Tar\u0131m Makinalar\u0131 Derne\u011fi) ve TARMAKB\u0130R (T\u00fcrk Tar\u0131m Alet ve Makineleri \u0130malat\u00e7\u0131lar\u0131 Birli\u011fi) taraf\u0131ndan ortak d\u00fczenlenir ve y\u00fcr\u00fct\u00fcl\u00fcr. De\u011ferlendirme Kurulu De\u011ferlendirme kurulu \u00fcniversitelerden, kamu kurum ve kurulu\u015flar\u0131 ile \u00f6zel sekt\u00f6r temsilcilerden olu\u015fmakta olup altta belirtilen \u00fcyelerden se\u00e7ilecek bir grubu kapsayacakt\u0131r.<\/p>\n","protected":false},"author":1,"featured_media":0,"parent":0,"menu_order":2,"comment_status":"closed","ping_status":"closed","template":"","meta":{"footnotes":""},"class_list":["post-66","page","type-page","status-publish","hentry"],"_links":{"self":[{"href":"https:\/\/tarmakder.org.tr\/tarmaktek2023\/index.php\/wp-json\/wp\/v2\/pages\/66","targetHints":{"allow":["GET"]}}],"collection":[{"href":"https:\/\/tarmakder.org.tr\/tarmaktek2023\/index.php\/wp-json\/wp\/v2\/pages"}],"about":[{"href":"https:\/\/tarmakder.org.tr\/tarmaktek2023\/index.php\/wp-json\/wp\/v2\/types\/page"}],"author":[{"embeddable":true,"href":"https:\/\/tarmakder.org.tr\/tarmaktek2023\/index.php\/wp-json\/wp\/v2\/users\/1"}],"replies":[{"embeddable":true,"href":"https:\/\/tarmakder.org.tr\/tarmaktek2023\/index.php\/wp-json\/wp\/v2\/comments?post=66"}],"version-history":[{"count":8,"href":"https:\/\/tarmakder.org.tr\/tarmaktek2023\/index.php\/wp-json\/wp\/v2\/pages\/66\/revisions"}],"predecessor-version":[{"id":305,"href":"https:\/\/tarmakder.org.tr\/tarmaktek2023\/index.php\/wp-json\/wp\/v2\/pages\/66\/revisions\/305"}],"wp:attachment":[{"href":"https:\/\/tarmakder.org.tr\/tarmaktek2023\/index.php\/wp-json\/wp\/v2\/media?parent=66"}],"curies":[{"name":"wp","href":"https:\/\/api.w.org\/{rel}","templated":true}]}}