{"id":54,"date":"2022-11-13T21:23:24","date_gmt":"2022-11-13T18:23:24","guid":{"rendered":"https:\/\/tarmakder.org.tr\/tarmaktek2023\/?page_id=54"},"modified":"2023-06-18T22:00:57","modified_gmt":"2023-06-18T19:00:57","slug":"basvuru-sekli-ve-takvim","status":"publish","type":"page","link":"https:\/\/tarmakder.org.tr\/tarmaktek2023\/index.php\/basvuru-sekli-ve-takvim\/","title":{"rendered":"Takvim"},"content":{"rendered":"\n<p>Son Ba\u015fvuru: 04 A\u011fustos 2023<\/p>\n\n\n\n<p>Yar\u0131\u015fma Tarihi: 10-14 Ekim 2023<\/p>\n\n\n\n<p>Yer: Growmach Fuar\u0131, Antalya<\/p>\n","protected":false},"excerpt":{"rendered":"<p>Son Ba\u015fvuru: 04 A\u011fustos 2023 Yar\u0131\u015fma Tarihi: 10-14 Ekim 2023 Yer: Growmach Fuar\u0131, Antalya<\/p>\n","protected":false},"author":1,"featured_media":0,"parent":0,"menu_order":5,"comment_status":"closed","ping_status":"closed","template":"","meta":{"footnotes":""},"class_list":["post-54","page","type-page","status-publish","hentry"],"_links":{"self":[{"href":"https:\/\/tarmakder.org.tr\/tarmaktek2023\/index.php\/wp-json\/wp\/v2\/pages\/54","targetHints":{"allow":["GET"]}}],"collection":[{"href":"https:\/\/tarmakder.org.tr\/tarmaktek2023\/index.php\/wp-json\/wp\/v2\/pages"}],"about":[{"href":"https:\/\/tarmakder.org.tr\/tarmaktek2023\/index.php\/wp-json\/wp\/v2\/types\/page"}],"author":[{"embeddable":true,"href":"https:\/\/tarmakder.org.tr\/tarmaktek2023\/index.php\/wp-json\/wp\/v2\/users\/1"}],"replies":[{"embeddable":true,"href":"https:\/\/tarmakder.org.tr\/tarmaktek2023\/index.php\/wp-json\/wp\/v2\/comments?post=54"}],"version-history":[{"count":8,"href":"https:\/\/tarmakder.org.tr\/tarmaktek2023\/index.php\/wp-json\/wp\/v2\/pages\/54\/revisions"}],"predecessor-version":[{"id":491,"href":"https:\/\/tarmakder.org.tr\/tarmaktek2023\/index.php\/wp-json\/wp\/v2\/pages\/54\/revisions\/491"}],"wp:attachment":[{"href":"https:\/\/tarmakder.org.tr\/tarmaktek2023\/index.php\/wp-json\/wp\/v2\/media?parent=54"}],"curies":[{"name":"wp","href":"https:\/\/api.w.org\/{rel}","templated":true}]}}