{"id":329,"date":"2023-06-15T10:00:57","date_gmt":"2023-06-15T07:00:57","guid":{"rendered":"https:\/\/tarmakder.org.tr\/tarmaktek2023\/?page_id=329"},"modified":"2023-06-15T10:01:19","modified_gmt":"2023-06-15T07:01:19","slug":"yarisma-kategorileri","status":"publish","type":"page","link":"https:\/\/tarmakder.org.tr\/tarmaktek2023\/index.php\/yarisma-kategorileri\/","title":{"rendered":"Yar\u0131\u015fma Kategorileri"},"content":{"rendered":"\n<p>Yar\u0131\u015fma 2 ayr\u0131 kategoride yap\u0131lacakt\u0131r. Her bir kategorinin &#8220;En \u0130yi Projesi\/Tasar\u0131m\u0131&#8221;, &#8220;En Yenilik\u00e7i Projesi\/Tasar\u0131m\u0131&#8221; ve &#8220;En \u0130yi ARGE Projesi\/Tasar\u0131m\u0131&#8221; \u00f6d\u00fcllendirilecektir.<\/p>\n\n\n\n<ol class=\"wp-block-list\">\n<li>KATEGOR\u0130: Tar\u0131m Makinalar\u0131 ve Teknolojileri M\u00fchendisli\u011fi Lisans \u00d6\u011frencileri ve Biyosistem M\u00fchendisli\u011fi B\u00f6l\u00fcm\u00fc Lisans \u00d6\u011frencileri<\/li>\n\n\n\n<li>KATEGOR\u0130: Tar\u0131m Makinalar\u0131 ve Teknolojileri M\u00fchendisli\u011fi Lisans\u00fcst\u00fc \u00d6\u011frencileri veya Mezunlar\u0131 Biyosistem M\u00fchendisli\u011fi B\u00f6l\u00fcm\u00fc Lisans\u00fcst\u00fc \u00d6\u011frencileri veya Mezunlar\u0131 &#8211; Tar\u0131m Makinalar\u0131 Sekt\u00f6r \u0130lgilileri<\/li>\n<\/ol>\n","protected":false},"excerpt":{"rendered":"<p>Yar\u0131\u015fma 2 ayr\u0131 kategoride yap\u0131lacakt\u0131r. Her bir kategorinin &#8220;En \u0130yi Projesi\/Tasar\u0131m\u0131&#8221;, &#8220;En Yenilik\u00e7i Projesi\/Tasar\u0131m\u0131&#8221; ve &#8220;En \u0130yi ARGE Projesi\/Tasar\u0131m\u0131&#8221; \u00f6d\u00fcllendirilecektir.<\/p>\n","protected":false},"author":1,"featured_media":0,"parent":0,"menu_order":10,"comment_status":"closed","ping_status":"closed","template":"","meta":{"footnotes":""},"class_list":["post-329","page","type-page","status-publish","hentry"],"_links":{"self":[{"href":"https:\/\/tarmakder.org.tr\/tarmaktek2023\/index.php\/wp-json\/wp\/v2\/pages\/329","targetHints":{"allow":["GET"]}}],"collection":[{"href":"https:\/\/tarmakder.org.tr\/tarmaktek2023\/index.php\/wp-json\/wp\/v2\/pages"}],"about":[{"href":"https:\/\/tarmakder.org.tr\/tarmaktek2023\/index.php\/wp-json\/wp\/v2\/types\/page"}],"author":[{"embeddable":true,"href":"https:\/\/tarmakder.org.tr\/tarmaktek2023\/index.php\/wp-json\/wp\/v2\/users\/1"}],"replies":[{"embeddable":true,"href":"https:\/\/tarmakder.org.tr\/tarmaktek2023\/index.php\/wp-json\/wp\/v2\/comments?post=329"}],"version-history":[{"count":1,"href":"https:\/\/tarmakder.org.tr\/tarmaktek2023\/index.php\/wp-json\/wp\/v2\/pages\/329\/revisions"}],"predecessor-version":[{"id":330,"href":"https:\/\/tarmakder.org.tr\/tarmaktek2023\/index.php\/wp-json\/wp\/v2\/pages\/329\/revisions\/330"}],"wp:attachment":[{"href":"https:\/\/tarmakder.org.tr\/tarmaktek2023\/index.php\/wp-json\/wp\/v2\/media?parent=329"}],"curies":[{"name":"wp","href":"https:\/\/api.w.org\/{rel}","templated":true}]}}