{"id":202,"date":"2022-11-20T20:36:42","date_gmt":"2022-11-20T17:36:42","guid":{"rendered":"https:\/\/tarmakder.org.tr\/tarmaktek2023\/?page_id=202"},"modified":"2023-06-15T12:30:11","modified_gmt":"2023-06-15T09:30:11","slug":"basvuru","status":"publish","type":"page","link":"https:\/\/tarmakder.org.tr\/tarmaktek2023\/index.php\/basvuru\/","title":{"rendered":"Ba\u015fvuru"},"content":{"rendered":"\n<p>Ba\u015fvurunun \u00f6n de\u011ferlendirmeye al\u0131nabilmesi i\u00e7in alttaki belgelerin eksiksiz bir \u015fekilde <a href=\"mailto:tarimmakinalaridernegi@gmail.com\">tarimmakinalaridernegi@gmail.com<\/a>&nbsp;adresine iletilmesi gerekmektedir.<\/p>\n\n\n\n<ol class=\"wp-block-list\">\n<li>Ba\u015fvuru Formu<\/li>\n\n\n\n<li>Lisans\/Lisans\u00fcst\u00fc \u00f6\u011frenci belgesi veya mezuniyet belgesi (\u00d6\u011frenci veya mezunlar i\u00e7in)<\/li>\n\n\n\n<li>Beyan Formu<\/li>\n\n\n\n<li>Projeye\/tasar\u0131ma ait PDF belgeleri<\/li>\n<\/ol>\n\n\n\n<p>G\u00f6nderim sonras\u0131, al\u0131c\u0131 adresine \u201cokundu\u201d mesaj\u0131 g\u00f6nderilecek olup, bu hususun takibi \u00f6nemlidir. Yar\u0131\u015fmayla ilgili \u00f6nemli tarihler (son ba\u015fvuru, de\u011ferlendirme tarihi vb.) web sitesinde duyurulacakt\u0131r.<\/p>\n\n\n\n<div class=\"wp-block-file\"><a id=\"wp-block-file--media-328b4369-9f25-456a-84d4-8116b3f3e5ce\" href=\"https:\/\/tarmakder.org.tr\/tarmaktek2023\/wp-content\/uploads\/2023\/06\/01_TARMAKTEK2023_Uygulama-Esaslari.pdf\" target=\"_blank\" rel=\"noreferrer noopener\">01_TARMAKTEK2023_Uygulama Esaslar\u0131<\/a><a href=\"https:\/\/tarmakder.org.tr\/tarmaktek2023\/wp-content\/uploads\/2023\/06\/01_TARMAKTEK2023_Uygulama-Esaslari.pdf\" class=\"wp-block-file__button wp-element-button\" download aria-describedby=\"wp-block-file--media-328b4369-9f25-456a-84d4-8116b3f3e5ce\">\u0130ndir<\/a><\/div>\n\n\n\n<div class=\"wp-block-file\"><a id=\"wp-block-file--media-8d0c7099-b3e9-4991-bcb6-f237e50ae0c3\" href=\"https:\/\/tarmakder.org.tr\/tarmaktek2023\/wp-content\/uploads\/2022\/11\/02_TARMAKTEK2023_Basvuru-Is-Akis-Semasi.pdf\" target=\"_blank\" rel=\"noreferrer noopener\">02_TARMAKTEK2023_Basvuru-Is-Akis-Semasi<\/a><a href=\"https:\/\/tarmakder.org.tr\/tarmaktek2023\/wp-content\/uploads\/2022\/11\/02_TARMAKTEK2023_Basvuru-Is-Akis-Semasi.pdf\" class=\"wp-block-file__button wp-element-button\" download aria-describedby=\"wp-block-file--media-8d0c7099-b3e9-4991-bcb6-f237e50ae0c3\">\u0130ndir<\/a><\/div>\n\n\n\n<div class=\"wp-block-file\"><a id=\"wp-block-file--media-bb49487a-7683-4736-a8f2-d1f736c08a03\" href=\"https:\/\/tarmakder.org.tr\/tarmaktek2023\/wp-content\/uploads\/2022\/11\/03_TARMAKTEK2023_Basvuru-Formu.docx\" target=\"_blank\" rel=\"noreferrer noopener\">03_TARMAKTEK2023_Basvuru-Formu<\/a><a href=\"https:\/\/tarmakder.org.tr\/tarmaktek2023\/wp-content\/uploads\/2022\/11\/03_TARMAKTEK2023_Basvuru-Formu.docx\" class=\"wp-block-file__button wp-element-button\" download aria-describedby=\"wp-block-file--media-bb49487a-7683-4736-a8f2-d1f736c08a03\">\u0130ndir<\/a><\/div>\n\n\n\n<div class=\"wp-block-file\"><a id=\"wp-block-file--media-6ada0b6f-cc1b-4cb7-9bf5-80ce7baa8fe0\" href=\"https:\/\/tarmakder.org.tr\/tarmaktek2023\/wp-content\/uploads\/2022\/11\/04_TARMAKTEK2023_Beyan-Formu.docx\">04_TARMAKTEK2023_Beyan-Formu<\/a><a href=\"https:\/\/tarmakder.org.tr\/tarmaktek2023\/wp-content\/uploads\/2022\/11\/04_TARMAKTEK2023_Beyan-Formu.docx\" class=\"wp-block-file__button wp-element-button\" download aria-describedby=\"wp-block-file--media-6ada0b6f-cc1b-4cb7-9bf5-80ce7baa8fe0\">\u0130ndir<\/a><\/div>\n\n\n\n<div class=\"wp-block-file\"><a id=\"wp-block-file--media-cacb0249-7c60-486d-a978-34a6b4ff7713\" href=\"https:\/\/tarmakder.org.tr\/tarmaktek2023\/wp-content\/uploads\/2022\/11\/05_TARMAKTEK2023_Juri-Degerlendirme-Formu-EK-1.docx\" target=\"_blank\" rel=\"noreferrer noopener\">05_TARMAKTEK2023_Juri-Degerlendirme-Formu-EK-1<\/a><a href=\"https:\/\/tarmakder.org.tr\/tarmaktek2023\/wp-content\/uploads\/2022\/11\/05_TARMAKTEK2023_Juri-Degerlendirme-Formu-EK-1.docx\" class=\"wp-block-file__button wp-element-button\" download aria-describedby=\"wp-block-file--media-cacb0249-7c60-486d-a978-34a6b4ff7713\">\u0130ndir<\/a><\/div>\n\n\n\n<div class=\"wp-block-file\"><a id=\"wp-block-file--media-018379c5-9103-4284-aa76-075ee61c0634\" href=\"https:\/\/tarmakder.org.tr\/tarmaktek2023\/wp-content\/uploads\/2022\/11\/06_TARMAKTEK223_Afis-Sablonu.pptx\">06_TARMAKTEK223_Afis-Sablonu<\/a><a href=\"https:\/\/tarmakder.org.tr\/tarmaktek2023\/wp-content\/uploads\/2022\/11\/06_TARMAKTEK223_Afis-Sablonu.pptx\" class=\"wp-block-file__button wp-element-button\" download aria-describedby=\"wp-block-file--media-018379c5-9103-4284-aa76-075ee61c0634\">\u0130ndir<\/a><\/div>\n\n\n\n<div class=\"wp-block-file\"><a id=\"wp-block-file--media-031d9aa3-8d9c-4231-8cc8-a68342cfcf0b\" href=\"https:\/\/tarmakder.org.tr\/tarmaktek2023\/wp-content\/uploads\/2023\/06\/TARMAKTEK2023_Afis.jpeg\">TARMAKTEK2023_Afi\u015f<\/a><a href=\"https:\/\/tarmakder.org.tr\/tarmaktek2023\/wp-content\/uploads\/2023\/06\/TARMAKTEK2023_Afis.jpeg\" class=\"wp-block-file__button wp-element-button\" download aria-describedby=\"wp-block-file--media-031d9aa3-8d9c-4231-8cc8-a68342cfcf0b\">\u0130ndir<\/a><\/div>\n","protected":false},"excerpt":{"rendered":"<p>Ba\u015fvurunun \u00f6n de\u011ferlendirmeye al\u0131nabilmesi i\u00e7in alttaki belgelerin eksiksiz bir \u015fekilde tarimmakinalaridernegi@gmail.com&nbsp;adresine iletilmesi gerekmektedir. G\u00f6nderim sonras\u0131, al\u0131c\u0131 adresine \u201cokundu\u201d mesaj\u0131 g\u00f6nderilecek olup, bu hususun takibi \u00f6nemlidir. Yar\u0131\u015fmayla ilgili \u00f6nemli tarihler (son ba\u015fvuru, de\u011ferlendirme tarihi vb.) web sitesinde duyurulacakt\u0131r.<\/p>\n","protected":false},"author":4,"featured_media":0,"parent":0,"menu_order":13,"comment_status":"closed","ping_status":"closed","template":"","meta":{"footnotes":""},"class_list":["post-202","page","type-page","status-publish","hentry"],"_links":{"self":[{"href":"https:\/\/tarmakder.org.tr\/tarmaktek2023\/index.php\/wp-json\/wp\/v2\/pages\/202","targetHints":{"allow":["GET"]}}],"collection":[{"href":"https:\/\/tarmakder.org.tr\/tarmaktek2023\/index.php\/wp-json\/wp\/v2\/pages"}],"about":[{"href":"https:\/\/tarmakder.org.tr\/tarmaktek2023\/index.php\/wp-json\/wp\/v2\/types\/page"}],"author":[{"embeddable":true,"href":"https:\/\/tarmakder.org.tr\/tarmaktek2023\/index.php\/wp-json\/wp\/v2\/users\/4"}],"replies":[{"embeddable":true,"href":"https:\/\/tarmakder.org.tr\/tarmaktek2023\/index.php\/wp-json\/wp\/v2\/comments?post=202"}],"version-history":[{"count":9,"href":"https:\/\/tarmakder.org.tr\/tarmaktek2023\/index.php\/wp-json\/wp\/v2\/pages\/202\/revisions"}],"predecessor-version":[{"id":488,"href":"https:\/\/tarmakder.org.tr\/tarmaktek2023\/index.php\/wp-json\/wp\/v2\/pages\/202\/revisions\/488"}],"wp:attachment":[{"href":"https:\/\/tarmakder.org.tr\/tarmaktek2023\/index.php\/wp-json\/wp\/v2\/media?parent=202"}],"curies":[{"name":"wp","href":"https:\/\/api.w.org\/{rel}","templated":true}]}}