{"id":165,"date":"2022-11-16T00:45:33","date_gmt":"2022-11-15T21:45:33","guid":{"rendered":"https:\/\/tarmakder.org.tr\/tarmaktek2023\/?page_id=165"},"modified":"2023-06-15T12:21:17","modified_gmt":"2023-06-15T09:21:17","slug":"amac-2","status":"publish","type":"page","link":"https:\/\/tarmakder.org.tr\/tarmaktek2023\/index.php\/amac-2\/","title":{"rendered":"Ama\u00e7"},"content":{"rendered":"\n<p>Proje\/Tasar\u0131m yar\u0131\u015fmas\u0131n\u0131n amac\u0131, Tar\u0131m Makinalar\u0131 ve Teknolojileri M\u00fchendisli\u011fi ve Biyosistem M\u00fchendisli\u011fi lisans ve lisan\u00fcst\u00fc programlar\u0131nda \u00f6\u011frenim g\u00f6ren \u00f6\u011frencilerimizi, ba\u015fta imalat\u00e7\u0131lar olmak \u00fczere tar\u0131m makinalar\u0131 sekt\u00f6r\u00fcn\u00fcn di\u011fer payda\u015flar\u0131yla bulu\u015fturmak ve \u00f6\u011frenciler aras\u0131ndaki dayan\u0131\u015fma ve tak\u0131m \u00e7al\u0131\u015fmas\u0131 k\u00fclt\u00fcr\u00fcn\u00fc artt\u0131rmakt\u0131r.<\/p>\n\n\n\n<p>Yar\u0131\u015fma, ikinci kategori kapsam\u0131nda tar\u0131m makinalar\u0131 sekt\u00f6r\u00fcndeki di\u011fer ilgililere de (ara\u015ft\u0131rmac\u0131lar, firma \u00e7al\u0131\u015fanlar\u0131 vb.) a\u00e7\u0131kt\u0131r. Bu kapsamda, tar\u0131m teknolojileri alan\u0131nda yenilik\u00e7i fikirlerin hayata ge\u00e7irilmesi ama\u00e7lanmakta olup sekt\u00f6r\u00fcn di\u011fer payda\u015flar\u0131n\u0131n akademisyenlerle bir araya getirilmesi ve \u00fcniversite-sanayi i\u015fbirli\u011fine katk\u0131 sunmas\u0131 beklenmektedir.<\/p>\n","protected":false},"excerpt":{"rendered":"<p>Proje\/Tasar\u0131m yar\u0131\u015fmas\u0131n\u0131n amac\u0131, Tar\u0131m Makinalar\u0131 ve Teknolojileri M\u00fchendisli\u011fi ve Biyosistem M\u00fchendisli\u011fi lisans ve lisan\u00fcst\u00fc programlar\u0131nda \u00f6\u011frenim g\u00f6ren \u00f6\u011frencilerimizi, ba\u015fta imalat\u00e7\u0131lar olmak \u00fczere tar\u0131m makinalar\u0131 sekt\u00f6r\u00fcn\u00fcn di\u011fer payda\u015flar\u0131yla bulu\u015fturmak ve \u00f6\u011frenciler aras\u0131ndaki dayan\u0131\u015fma ve tak\u0131m \u00e7al\u0131\u015fmas\u0131 k\u00fclt\u00fcr\u00fcn\u00fc artt\u0131rmakt\u0131r. Yar\u0131\u015fma, ikinci kategori kapsam\u0131nda tar\u0131m makinalar\u0131 sekt\u00f6r\u00fcndeki di\u011fer ilgililere de (ara\u015ft\u0131rmac\u0131lar, firma \u00e7al\u0131\u015fanlar\u0131 vb.) a\u00e7\u0131kt\u0131r. Bu kapsamda, tar\u0131m [&hellip;]<\/p>\n","protected":false},"author":1,"featured_media":0,"parent":0,"menu_order":1,"comment_status":"closed","ping_status":"closed","template":"","meta":{"footnotes":""},"class_list":["post-165","page","type-page","status-publish","hentry"],"_links":{"self":[{"href":"https:\/\/tarmakder.org.tr\/tarmaktek2023\/index.php\/wp-json\/wp\/v2\/pages\/165","targetHints":{"allow":["GET"]}}],"collection":[{"href":"https:\/\/tarmakder.org.tr\/tarmaktek2023\/index.php\/wp-json\/wp\/v2\/pages"}],"about":[{"href":"https:\/\/tarmakder.org.tr\/tarmaktek2023\/index.php\/wp-json\/wp\/v2\/types\/page"}],"author":[{"embeddable":true,"href":"https:\/\/tarmakder.org.tr\/tarmaktek2023\/index.php\/wp-json\/wp\/v2\/users\/1"}],"replies":[{"embeddable":true,"href":"https:\/\/tarmakder.org.tr\/tarmaktek2023\/index.php\/wp-json\/wp\/v2\/comments?post=165"}],"version-history":[{"count":6,"href":"https:\/\/tarmakder.org.tr\/tarmaktek2023\/index.php\/wp-json\/wp\/v2\/pages\/165\/revisions"}],"predecessor-version":[{"id":485,"href":"https:\/\/tarmakder.org.tr\/tarmaktek2023\/index.php\/wp-json\/wp\/v2\/pages\/165\/revisions\/485"}],"wp:attachment":[{"href":"https:\/\/tarmakder.org.tr\/tarmaktek2023\/index.php\/wp-json\/wp\/v2\/media?parent=165"}],"curies":[{"name":"wp","href":"https:\/\/api.w.org\/{rel}","templated":true}]}}