{"id":126,"date":"2022-11-14T01:46:26","date_gmt":"2022-11-13T22:46:26","guid":{"rendered":"https:\/\/tarmakder.org.tr\/tarmaktek2023\/?page_id=126"},"modified":"2022-11-14T01:48:42","modified_gmt":"2022-11-13T22:48:42","slug":"oduller","status":"publish","type":"page","link":"https:\/\/tarmakder.org.tr\/tarmaktek2023\/index.php\/oduller\/","title":{"rendered":"\u00d6d\u00fcller"},"content":{"rendered":"\n<p>D\u00fczenleme ve y\u00fcr\u00fctme kurulu taraf\u0131ndan belirlenen \u00f6d\u00fcller web sitesinde duyurulur.<\/p>\n\n\n\n<ol class=\"wp-block-list\">\n<li>En \u0130yi Proje\/Tasar\u0131m \u00d6d\u00fcl\u00fc (Her iki kategori i\u00e7in ayr\u0131 ayr\u0131 belirlenir)<\/li>\n\n\n\n<li><span style=\"font-size: revert; color: initial;\">En Yenilik\u00e7i Proje\/Tasar\u0131m \u00d6d\u00fcl\u00fc (Her iki kategori i\u00e7in ayr\u0131 ayr\u0131 belirlenir)<\/span><\/li>\n\n\n\n<li>En iyi ARGE Projesi\/Tasar\u0131m\u0131 \u00d6d\u00fcl\u00fc (Her iki kategori i\u00e7in ayr\u0131 ayr\u0131 belirlenir)<\/li>\n<\/ol>\n","protected":false},"excerpt":{"rendered":"<p>D\u00fczenleme ve y\u00fcr\u00fctme kurulu taraf\u0131ndan belirlenen \u00f6d\u00fcller web sitesinde duyurulur.<\/p>\n","protected":false},"author":4,"featured_media":0,"parent":0,"menu_order":12,"comment_status":"closed","ping_status":"closed","template":"","meta":{"footnotes":""},"class_list":["post-126","page","type-page","status-publish","hentry"],"_links":{"self":[{"href":"https:\/\/tarmakder.org.tr\/tarmaktek2023\/index.php\/wp-json\/wp\/v2\/pages\/126","targetHints":{"allow":["GET"]}}],"collection":[{"href":"https:\/\/tarmakder.org.tr\/tarmaktek2023\/index.php\/wp-json\/wp\/v2\/pages"}],"about":[{"href":"https:\/\/tarmakder.org.tr\/tarmaktek2023\/index.php\/wp-json\/wp\/v2\/types\/page"}],"author":[{"embeddable":true,"href":"https:\/\/tarmakder.org.tr\/tarmaktek2023\/index.php\/wp-json\/wp\/v2\/users\/4"}],"replies":[{"embeddable":true,"href":"https:\/\/tarmakder.org.tr\/tarmaktek2023\/index.php\/wp-json\/wp\/v2\/comments?post=126"}],"version-history":[{"count":1,"href":"https:\/\/tarmakder.org.tr\/tarmaktek2023\/index.php\/wp-json\/wp\/v2\/pages\/126\/revisions"}],"predecessor-version":[{"id":127,"href":"https:\/\/tarmakder.org.tr\/tarmaktek2023\/index.php\/wp-json\/wp\/v2\/pages\/126\/revisions\/127"}],"wp:attachment":[{"href":"https:\/\/tarmakder.org.tr\/tarmaktek2023\/index.php\/wp-json\/wp\/v2\/media?parent=126"}],"curies":[{"name":"wp","href":"https:\/\/api.w.org\/{rel}","templated":true}]}}