{"id":124,"date":"2022-11-14T01:45:42","date_gmt":"2022-11-13T22:45:42","guid":{"rendered":"https:\/\/tarmakder.org.tr\/tarmaktek2023\/?page_id=124"},"modified":"2022-11-21T10:25:07","modified_gmt":"2022-11-21T07:25:07","slug":"degerlendirme-ve-puanlama","status":"publish","type":"page","link":"https:\/\/tarmakder.org.tr\/tarmaktek2023\/index.php\/degerlendirme-ve-puanlama\/","title":{"rendered":"De\u011ferlendirme ve Puanlama"},"content":{"rendered":"\n<ol class=\"wp-block-list\">\n<li>Yar\u0131\u015fma program\u0131 iki g\u00fcn s\u00fcrecek olup 1. g\u00fcn projeler\/tasar\u0131mlar sergilenerek g\u00f6sterime a\u00e7\u0131l\u0131r.<\/li>\n\n\n\n<li><span style=\"font-size: revert; color: initial;\">Yar\u0131\u015fman\u0131n 2. g\u00fcn\u00fc tak\u0131m lideri geni\u015f kat\u0131l\u0131ml\u0131 bir oturumda projesini\/tasar\u0131m\u0131n\u0131 sunu \u00fczerinde 3 dk s\u00fcreyle anlat\u0131r. Ek s\u00fcre verilmez. S\u00fcre tamamland\u0131\u011f\u0131nda De\u011ferlendirme Kurulu proje\/tasar\u0131m hakk\u0131nda soru sorabilir.<\/span><\/li>\n\n\n\n<li><span style=\"font-size: revert; color: initial;\">De\u011ferlendirme Kurulu <\/span><strong style=\"font-size: revert; color: initial;\">Ek 1<\/strong><span style=\"font-size: revert; color: initial;\">\u2019de belirtilen kriterlere g\u00f6re puanlama yapar ve her kategori i\u00e7in ilk \u00fc\u00e7\u00fc belirler.<\/span><\/li>\n\n\n\n<li><span style=\"font-size: revert; color: initial;\">Yar\u0131\u015fma sonu\u00e7lar\u0131 web sitesinde duyurulan b\u00f6l\u00fcm\u00fcnde yay\u0131nlan\u0131r.<\/span><\/li>\n\n\n\n<li>Yar\u0131\u015fmaya kat\u0131lanlara \u201cKat\u0131l\u0131m Belgesi\u201d verilir.<\/li>\n<\/ol>\n\n\n\n<p><\/p>\n\n\n\n<figure class=\"wp-block-image size-large\"><img loading=\"lazy\" decoding=\"async\" width=\"777\" height=\"1024\" src=\"https:\/\/tarmakder.org.tr\/tarmaktek2023\/wp-content\/uploads\/2022\/11\/05_TARMAKTEK2023_Juri-Degerlendirme-Formu-EK-1-1-scaled-e1669015467814-777x1024.jpg\" alt=\"\" class=\"wp-image-254\" srcset=\"https:\/\/tarmakder.org.tr\/tarmaktek2023\/wp-content\/uploads\/2022\/11\/05_TARMAKTEK2023_Juri-Degerlendirme-Formu-EK-1-1-scaled-e1669015467814-777x1024.jpg 777w, https:\/\/tarmakder.org.tr\/tarmaktek2023\/wp-content\/uploads\/2022\/11\/05_TARMAKTEK2023_Juri-Degerlendirme-Formu-EK-1-1-scaled-e1669015467814-228x300.jpg 228w, https:\/\/tarmakder.org.tr\/tarmaktek2023\/wp-content\/uploads\/2022\/11\/05_TARMAKTEK2023_Juri-Degerlendirme-Formu-EK-1-1-scaled-e1669015467814-768x1012.jpg 768w, https:\/\/tarmakder.org.tr\/tarmaktek2023\/wp-content\/uploads\/2022\/11\/05_TARMAKTEK2023_Juri-Degerlendirme-Formu-EK-1-1-scaled-e1669015467814-1166x1536.jpg 1166w, https:\/\/tarmakder.org.tr\/tarmaktek2023\/wp-content\/uploads\/2022\/11\/05_TARMAKTEK2023_Juri-Degerlendirme-Formu-EK-1-1-scaled-e1669015467814-1554x2048.jpg 1554w, https:\/\/tarmakder.org.tr\/tarmaktek2023\/wp-content\/uploads\/2022\/11\/05_TARMAKTEK2023_Juri-Degerlendirme-Formu-EK-1-1-scaled-e1669015467814.jpg 1612w\" sizes=\"auto, (max-width: 777px) 100vw, 777px\" \/><\/figure>\n","protected":false},"excerpt":{"rendered":"","protected":false},"author":1,"featured_media":0,"parent":0,"menu_order":11,"comment_status":"closed","ping_status":"closed","template":"","meta":{"footnotes":""},"class_list":["post-124","page","type-page","status-publish","hentry"],"_links":{"self":[{"href":"https:\/\/tarmakder.org.tr\/tarmaktek2023\/index.php\/wp-json\/wp\/v2\/pages\/124","targetHints":{"allow":["GET"]}}],"collection":[{"href":"https:\/\/tarmakder.org.tr\/tarmaktek2023\/index.php\/wp-json\/wp\/v2\/pages"}],"about":[{"href":"https:\/\/tarmakder.org.tr\/tarmaktek2023\/index.php\/wp-json\/wp\/v2\/types\/page"}],"author":[{"embeddable":true,"href":"https:\/\/tarmakder.org.tr\/tarmaktek2023\/index.php\/wp-json\/wp\/v2\/users\/1"}],"replies":[{"embeddable":true,"href":"https:\/\/tarmakder.org.tr\/tarmaktek2023\/index.php\/wp-json\/wp\/v2\/comments?post=124"}],"version-history":[{"count":10,"href":"https:\/\/tarmakder.org.tr\/tarmaktek2023\/index.php\/wp-json\/wp\/v2\/pages\/124\/revisions"}],"predecessor-version":[{"id":265,"href":"https:\/\/tarmakder.org.tr\/tarmaktek2023\/index.php\/wp-json\/wp\/v2\/pages\/124\/revisions\/265"}],"wp:attachment":[{"href":"https:\/\/tarmakder.org.tr\/tarmaktek2023\/index.php\/wp-json\/wp\/v2\/media?parent=124"}],"curies":[{"name":"wp","href":"https:\/\/api.w.org\/{rel}","templated":true}]}}