{"id":107,"date":"2022-11-14T01:21:25","date_gmt":"2022-11-13T22:21:25","guid":{"rendered":"https:\/\/tarmakder.org.tr\/tarmaktek2023\/?page_id=107"},"modified":"2023-06-15T09:53:53","modified_gmt":"2023-06-15T06:53:53","slug":"on-degerlendirme","status":"publish","type":"page","link":"https:\/\/tarmakder.org.tr\/tarmaktek2023\/index.php\/on-degerlendirme\/","title":{"rendered":"\u00d6n De\u011ferlendirme"},"content":{"rendered":"\n<ol class=\"wp-block-list\" type=\"a\">\n<li>Ba\u015fvurusu kabul edilen projeler\/tasar\u0131mlar \u201c\u00d6n De\u011ferlendirme Komitesi\u201d taraf\u0131ndan incelenir. Komite; sunum \u015fekli, detayland\u0131rma ve nitelik a\u00e7\u0131s\u0131ndan de\u011ferlendirerek proje\/tasar\u0131m i\u00e7in RED, REV\u0130ZYON veya KABUL karar\u0131 verebilir. <\/li>\n\n\n\n<li><span style=\"color: initial;\">\u00d6n de\u011ferlendirmede YAPILAB\u0130L\u0130RL\u0130K (\u00dcretilebilirlik = \u0130mal Edilebilirlik) niteli\u011fi ta\u015f\u0131mayan projeler\/tasar\u0131mlar RED edilir.<\/span><\/li>\n\n\n\n<li>Revizyona ihtiyac\u0131 olan projeye\/tasar\u0131ma 1 ay ek s\u00fcre verilir. Revize edilen proje\/tasar\u0131m, revizyon raporuyla birlikte \u201c\u00d6n De\u011ferlendirme Komisyonuna\u201d tekrar incelenmek \u00fczere iletilir.<\/li>\n\n\n\n<li>Ba\u015fvurular\u0131n kategorileri alttaki ko\u015fullara g\u00f6re belirlenir:\n<ul class=\"wp-block-list\">\n<li><strong>I. Kategori:<\/strong> Tar\u0131m Makinalar\u0131 ve Teknolojileri M\u00fchendisli\u011fi ve Biyosistem M\u00fchendisli\u011fi B\u00f6l\u00fcm\u00fc Lisans \u00f6\u011frencileri<\/li>\n\n\n\n<li><strong>II. Kategori:<\/strong> Tar\u0131m Makinalar\u0131 ve Teknolojileri M\u00fchendisli\u011fi ve Biyosistem M\u00fchendisli\u011fi Anabilim Dal\u0131 Lisans\u00fcst\u00fc \u00f6\u011frencileri ve mezunlar\u0131; Tar\u0131m Makinalar\u0131 Sekt\u00f6r\u00fcn\u00fcn ilgilileri<\/li>\n<\/ul>\n<\/li>\n<\/ol>\n\n\n\n<ol class=\"wp-block-list\" start=\"5\">\n<li><span style=\"font-size: revert; color: initial;\">Kategorilerin her birinde yar\u0131\u015fmaya kat\u0131lacak 10 proje\/tasar\u0131m belirlenir.<\/span><\/li>\n<\/ol>\n\n\n\n<ol class=\"wp-block-list\" start=\"6\">\n<li>Yar\u0131\u015fman\u0131n yap\u0131labilmesi i\u00e7in her kategori i\u00e7in en az 5 projenin\/tasar\u0131m\u0131n \u00f6n de\u011ferlendirme a\u015famas\u0131n\u0131 ge\u00e7mesi gerekir.<\/li>\n<\/ol>\n\n\n\n<figure class=\"wp-block-image size-full\"><img loading=\"lazy\" decoding=\"async\" width=\"2027\" height=\"2560\" src=\"https:\/\/tarmakder.org.tr\/tarmaktek2023\/wp-content\/uploads\/2022\/11\/02_TARMAKTEK2023_Basvuru-Is-Akis-Semasi2-scaled.jpg\" alt=\"\" class=\"wp-image-266\" srcset=\"https:\/\/tarmakder.org.tr\/tarmaktek2023\/wp-content\/uploads\/2022\/11\/02_TARMAKTEK2023_Basvuru-Is-Akis-Semasi2-scaled.jpg 2027w, https:\/\/tarmakder.org.tr\/tarmaktek2023\/wp-content\/uploads\/2022\/11\/02_TARMAKTEK2023_Basvuru-Is-Akis-Semasi2-238x300.jpg 238w, https:\/\/tarmakder.org.tr\/tarmaktek2023\/wp-content\/uploads\/2022\/11\/02_TARMAKTEK2023_Basvuru-Is-Akis-Semasi2-811x1024.jpg 811w, https:\/\/tarmakder.org.tr\/tarmaktek2023\/wp-content\/uploads\/2022\/11\/02_TARMAKTEK2023_Basvuru-Is-Akis-Semasi2-768x970.jpg 768w, https:\/\/tarmakder.org.tr\/tarmaktek2023\/wp-content\/uploads\/2022\/11\/02_TARMAKTEK2023_Basvuru-Is-Akis-Semasi2-1216x1536.jpg 1216w, https:\/\/tarmakder.org.tr\/tarmaktek2023\/wp-content\/uploads\/2022\/11\/02_TARMAKTEK2023_Basvuru-Is-Akis-Semasi2-1622x2048.jpg 1622w\" sizes=\"auto, (max-width: 2027px) 100vw, 2027px\" \/><\/figure>\n","protected":false},"excerpt":{"rendered":"","protected":false},"author":1,"featured_media":0,"parent":0,"menu_order":10,"comment_status":"closed","ping_status":"closed","template":"","meta":{"footnotes":""},"class_list":["post-107","page","type-page","status-publish","hentry"],"_links":{"self":[{"href":"https:\/\/tarmakder.org.tr\/tarmaktek2023\/index.php\/wp-json\/wp\/v2\/pages\/107","targetHints":{"allow":["GET"]}}],"collection":[{"href":"https:\/\/tarmakder.org.tr\/tarmaktek2023\/index.php\/wp-json\/wp\/v2\/pages"}],"about":[{"href":"https:\/\/tarmakder.org.tr\/tarmaktek2023\/index.php\/wp-json\/wp\/v2\/types\/page"}],"author":[{"embeddable":true,"href":"https:\/\/tarmakder.org.tr\/tarmaktek2023\/index.php\/wp-json\/wp\/v2\/users\/1"}],"replies":[{"embeddable":true,"href":"https:\/\/tarmakder.org.tr\/tarmaktek2023\/index.php\/wp-json\/wp\/v2\/comments?post=107"}],"version-history":[{"count":6,"href":"https:\/\/tarmakder.org.tr\/tarmaktek2023\/index.php\/wp-json\/wp\/v2\/pages\/107\/revisions"}],"predecessor-version":[{"id":328,"href":"https:\/\/tarmakder.org.tr\/tarmaktek2023\/index.php\/wp-json\/wp\/v2\/pages\/107\/revisions\/328"}],"wp:attachment":[{"href":"https:\/\/tarmakder.org.tr\/tarmaktek2023\/index.php\/wp-json\/wp\/v2\/media?parent=107"}],"curies":[{"name":"wp","href":"https:\/\/api.w.org\/{rel}","templated":true}]}}